{"id":64,"date":"2023-07-05T08:51:02","date_gmt":"2023-07-05T08:51:02","guid":{"rendered":"https:\/\/ceevet.eu\/italian\/?page_id=64"},"modified":"2024-01-15T12:10:51","modified_gmt":"2024-01-15T12:10:51","slug":"pensiero-critico","status":"publish","type":"page","link":"https:\/\/ceevet.eu\/italian\/pensiero-critico\/","title":{"rendered":"Pensiero critico"},"content":{"rendered":"\n<p>Il pensiero critico \u00e8 la capacit\u00e0 di analizzare le informazioni e prendere decisioni ragionate. Implica la sospensione del giudizio, l&#8217;apertura mentale e la chiarezza di pensiero. Si tratta di considerare diversi punti di vista e soppesare attentamente le prove. \u00c8 essenziale per risolvere problemi complessi e prendere buone decisioni. Le persone che pensano in modo critico sono in grado di vedere il mondo in modo pi\u00f9 sfumato e di comprendere l&#8217;interconnessione delle cose. Sono anche in grado di adattarsi meglio al cambiamento e gestire l&#8217;incertezza. Nel mondo frenetico di oggi, la capacit\u00e0 di pensare in modo critico \u00e8 pi\u00f9 importante che mai e necessaria sia per gli studenti che per i dipendenti.<\/p>\n\n\n\n<div style=\"height:10px\" aria-hidden=\"true\" class=\"wp-block-spacer\"><\/div>\n\n\n\n<p><strong>Come definiamo il Pensiero Critico?<\/strong><\/p>\n\n\n\n<ul>\n<li>Comprendere le connessioni logiche tra le idee<\/li>\n\n\n\n<li>Identificare, costruire e valutare gli argomenti<\/li>\n\n\n\n<li>Rilevare le incongruenze e gli errori comuni nel ragionamento<\/li>\n\n\n\n<li>Risolvere i problemi in modo sistematico<\/li>\n\n\n\n<li>Identificare la pertinenza e l&#8217;importanza delle idee<\/li>\n\n\n\n<li>Riflettere sulla giustificazione delle proprie convinzioni e dei propri valori<\/li>\n<\/ul>\n\n\n\n<div style=\"height:10px\" aria-hidden=\"true\" class=\"wp-block-spacer\"><\/div>\n\n\n\n<p><strong>Che cos&#8217;\u00e8 il pensiero critico?<\/strong> Il pensiero critico \u00e8 la capacit\u00e0 di analizzare obiettivamente le informazioni e trarre una conclusione razionale. Implica anche la raccolta di informazioni su un argomento e la determinazione di quali informazioni si applicano al soggetto e quali no, sulla base di un ragionamento deduttivo. La capacit\u00e0 di pensare in modo critico aiuta le persone sia nella loro vita personale che professionale ed \u00e8 apprezzata dalla maggior parte dei datori di lavoro.<\/p>\n\n\n\n<div style=\"height:10px\" aria-hidden=\"true\" class=\"wp-block-spacer\"><\/div>\n\n\n\n<p><strong>Perch\u00e9 i datori di lavoro apprezzano il pensiero critico?<\/strong><\/p>\n\n\n\n<p>Le capacit\u00e0 di pensiero critico \u00e8 una risorsa preziosa per un dipendente, poich\u00e9 i datori di lavoro in genere apprezzano i candidati in grado di valutare correttamente una situazione e trovare una soluzione logica. Il tempo \u00e8 una risorsa preziosa per la maggior parte dei manager e un dipendente in grado di prendere decisioni corrette senza supervisione far\u00e0 risparmiare sia a quel manager che all&#8217;intera azienda molto tempo prezioso.<br>Il pensiero critico \u00e8 un&#8217;abilit\u00e0 importante per chiunque voglia avere successo nel mondo moderno. Ci permette di valutare le informazioni e prendere decisioni ragionate, piuttosto che accettare semplicemente le cose per quello che sono. Pertanto, i datori di lavoro spesso vogliono assumere persone con forti capacit\u00e0 di pensiero critico. Questi dipendenti saranno in grado di risolvere i problemi da soli e identificare modi per migliorare il posto di lavoro. Saranno in grado di respingere le decisioni sbagliate e usare la propria mente per prendere buone decisioni. Inoltre, le capacit\u00e0 di pensiero critico sono importanti per gli studenti. Questo perch\u00e9 devono essere in grado di valutare le informazioni e pensare ai problemi con una mentalit\u00e0 critica per imparare e migliorare.<\/p>\n\n\n\n<div style=\"height:10px\" aria-hidden=\"true\" class=\"wp-block-spacer\"><\/div>\n\n\n\n<p><strong>Esempi di capacit\u00e0 di pensiero critico<\/strong><\/p>\n\n\n\n<p>Ci sono sei abilit\u00e0 principali che puoi sviluppare per analizzare con successo fatti e situazioni e giungere a conclusioni logiche:<\/p>\n\n\n\n<ol type=\"1\" start=\"1\">\n<li style=\"text-decoration:underline\">Pensiero analitico<\/li>\n<\/ol>\n\n\n\n<p>Essere in grado di analizzare correttamente le informazioni \u00e8 l&#8217;aspetto pi\u00f9 importante del pensiero critico. Ci\u00f2 implica raccogliere informazioni e interpretarle, ma anche valutare con scetticismo i dati. Quando si ricerca un argomento di lavoro, il pensiero analitico ti aiuta a separare le informazioni che si applicano alla tua situazione da quelle che non si applicano.<\/p>\n\n\n\n<ol type=\"1\" start=\"2\">\n<li style=\"text-decoration:underline\">Buona comunicazione<\/li>\n<\/ol>\n\n\n\n<p>Sia che tu la usi per raccogliere informazioni o convincere gli altri che le tue conclusioni sono corrette, una buona comunicazione \u00e8 fondamentale nel processo di pensiero critico. Fare in modo che le persone condividano con te le loro idee e informazioni e mostrare il tuo pensiero critico sono componenti del successo. Se stai prendendo una decisione legata al lavoro, una corretta comunicazione con i tuoi colleghi ti aiuter\u00e0 a raccogliere le informazioni di cui hai bisogno per fare la scelta giusta.<\/p>\n\n\n\n<ol type=\"1\" start=\"3\">\n<li style=\"text-decoration:underline\">Pensiero creativo<\/li>\n<\/ol>\n\n\n\n<p>Essere in grado di scoprire determinati modelli di informazioni e fare connessioni astratte tra dati apparentemente non correlati migliorer\u00e0 il tuo pensiero critico. Quando si analizza una procedura o un processo di lavoro, \u00e8 possibile trovare in modo creativo modi per renderlo pi\u00f9 veloce ed efficiente. La creativit\u00e0 \u00e8 un&#8217;abilit\u00e0 che pu\u00f2 essere rafforzata nel tempo ed \u00e8 preziosa in ogni posizione, livello di esperienza e settore.<\/p>\n\n\n\n<ol type=\"1\" start=\"4\">\n<li style=\"text-decoration:underline\">Apertura mentale<\/li>\n<\/ol>\n\n\n\n<p>L&#8217;istruzione precedente e le esperienze di vita lasciano il segno sulla capacit\u00e0 di una persona di valutare obiettivamente determinate situazioni. Riconoscendo questi pregiudizi, puoi migliorare il tuo pensiero critico e il processo decisionale generale. Ad esempio, se hai intenzione di condurre una riunione in un certo modo e il tuo partner suggerisce di utilizzare una strategia diversa, dovresti lasciarlo parlare e adattare il tuo approccio in base al suo input.<\/p>\n\n\n\n<ol type=\"1\" start=\"5\">\n<li style=\"text-decoration:underline\">Capacit\u00e0 di risolvere problemi.<\/li>\n<\/ol>\n\n\n\n<p>La capacit\u00e0 di analizzare correttamente un problema e lavorare all&#8217;implementazione di una soluzione \u00e8 un&#8217;altra abilit\u00e0 preziosa. Ad esempio, se i camerieri del tuo ristorante hanno bisogno di migliorare la velocita del servizio, potresti prendere in considerazione la possibilit\u00e0 di riassegnare alcuni dei loro compiti ai camerieri o ad altro personale di cucina in modo che i camerieri possano consegnare il cibo pi\u00f9 rapidamente.<\/p>\n\n\n\n<ol type=\"1\" start=\"6\">\n<li style=\"text-decoration:underline\">Fare domande ponderate<\/li>\n<\/ol>\n\n\n\n<p>Sia in situazioni private che professionali, porre le domande giuste \u00e8 un passo cruciale per formulare conclusioni corrette.<\/p>\n\n\n\n<p><em><u>Domande a risposta aperta<\/u><\/em><\/p>\n\n\n\n<p>Porre domande aperte pu\u00f2 aiutare la persona con cui stai comunicando a fornirti informazioni pertinenti e necessarie. Si tratta di domande che non consentono una semplice risposta \u00abs\u00ec\u00bb o \u00abno\u00bb, richiedendo alla persona che riceve la domanda di elaborare la risposta.<\/p>\n\n\n\n<p><em><u>Domande basate sui risultati<\/u><\/em><\/p>\n\n\n\n<p>Quando ritieni che l&#8217;esperienza e le capacit\u00e0 di un&#8217;altra persona possano aiutarti a lavorare in modo pi\u00f9 efficace, prendi in considerazione la possibilit\u00e0 di porre domande basate sui risultati. Chiedere a qualcuno come si comporterebbe in una certa situazione ipotetica ti dar\u00e0 un&#8217;idea delle sue capacit\u00e0 di pensiero critico e ti aiuter\u00e0 a vedere cose a cui non avevi pensato prima.<\/p>\n\n\n\n<p>Domande di riflessione<\/p>\n\n\n\n<p>Puoi ottenere informazioni chiedendo a una persona di riflettere e valutare un&#8217;esperienza e spiegare i suoi processi di pensiero durante quel periodo. Questo pu\u00f2 aiutarti a sviluppare il tuo pensiero critico fornendoti esempi del mondo reale.<\/p>\n\n\n\n<p>Questioni strutturali<\/p>\n\n\n\n<p>Un modo semplice per capire qualcosa \u00e8 chiedersi come funziona qualcosa. Qualsiasi sistema funzionante \u00e8 il risultato di un lungo processo di tentativi ed errori e comprendere correttamente i passaggi che devono essere intrapresi per un risultato positivo potrebbe aiutarti a essere pi\u00f9 efficiente nei tuoi sforzi.<\/p>\n\n\n\n<div style=\"height:30px\" aria-hidden=\"true\" class=\"wp-block-spacer\"><\/div>\n\n\n\n<p><strong>ARTICOLI<br><\/strong>Journal of Developmental Education: \u00ab<a href=\"http:\/\/ceevet.eu\/english\/wp-content\/uploads\/2023\/05\/EJ1154865.pdf\">Developing Critical Thinking Skills in the Classroom: A Systematic Review of the Literature<\/a>\u00ab.<\/p>\n\n\n\n<div style=\"height:20px\" aria-hidden=\"true\" class=\"wp-block-spacer\"><\/div>\n\n\n\n<p><strong>LIBRI<br><\/strong>Bassham, G. et al: \u00ab<em>Critical Thinking: A Student&#8217;s Introduction<\/em>\u00ab.<br>Hughes, W. et al: \u00ab<em>Critical Thinking: An Introduction to the Basic Skills<\/em>\u00ab.<br>Paul, R., Elder, L.: \u00ab<em>Critical Thinking: Tools for Taking Charge of Your Learning and Your Life<\/em>\u00ab.<br>White, D. A.: \u00ab<em>Critical Thinking: The Nature of Critical and Creative Thought<\/em>\u00ab.<br>Title, P.: \u00ab<em>Critical Thinking: An Appeal to Reason<\/em>\u00ab.<\/p>\n\n\n\n<div style=\"height:30px\" aria-hidden=\"true\" class=\"wp-block-spacer\"><\/div>\n\n\n\n<p><strong>SITI WEB<br><\/strong><a href=\"https:\/\/www.criticalthinking.org\/\">Foundation for Critical Thinking<br><\/a>Description: Foundation for Critical Thinking website providing resources, books and articles related to critical thinking in various contexts.<br><a href=\"https:\/\/www.criticalthinking.org\/pages\/defining-critical-thinking\/766\">The Critical Thinking Community<br><\/a>Description: An online resource that explores the fundamentals of critical thinking and offers tools and strategies to develop critical thinking skills.<br><a href=\"https:\/\/tc2.ca\/\">The Critical Thinking Consortium<br><\/a>Description: An educational consortium that promotes critical thinking in the classroom. His website provides resources and strategies to teach and develop critical thinking skills.<\/p>\n\n\n\n<p>Circular Economy:<a href=\"https:\/\/ec.europa.eu\/environment\/circular-economy\"> European Commission Portal<\/a>.<\/p>\n\n\n\n<p><br><\/p>\n","protected":false},"excerpt":{"rendered":"<p>Il pensiero critico \u00e8 la capacit\u00e0 di analizzare le informazioni e prendere decisioni ragionate. Implica la sospensione del giudizio, l&#8217;apertura mentale e la chiarezza di pensiero. Si tratta di considerare diversi punti di vista e soppesare attentamente le prove. \u00c8 essenziale per risolvere problemi complessi e prendere buone decisioni. Le persone che pensano in modo [&hellip;]<\/p>\n","protected":false},"author":1,"featured_media":0,"parent":0,"menu_order":0,"comment_status":"closed","ping_status":"closed","template":"template-full-width.php","meta":[],"_links":{"self":[{"href":"https:\/\/ceevet.eu\/italian\/wp-json\/wp\/v2\/pages\/64"}],"collection":[{"href":"https:\/\/ceevet.eu\/italian\/wp-json\/wp\/v2\/pages"}],"about":[{"href":"https:\/\/ceevet.eu\/italian\/wp-json\/wp\/v2\/types\/page"}],"author":[{"embeddable":true,"href":"https:\/\/ceevet.eu\/italian\/wp-json\/wp\/v2\/users\/1"}],"replies":[{"embeddable":true,"href":"https:\/\/ceevet.eu\/italian\/wp-json\/wp\/v2\/comments?post=64"}],"version-history":[{"count":3,"href":"https:\/\/ceevet.eu\/italian\/wp-json\/wp\/v2\/pages\/64\/revisions"}],"predecessor-version":[{"id":189,"href":"https:\/\/ceevet.eu\/italian\/wp-json\/wp\/v2\/pages\/64\/revisions\/189"}],"wp:attachment":[{"href":"https:\/\/ceevet.eu\/italian\/wp-json\/wp\/v2\/media?parent=64"}],"curies":[{"name":"wp","href":"https:\/\/api.w.org\/{rel}","templated":true}]}}