{"id":71,"date":"2023-07-05T16:06:39","date_gmt":"2023-07-05T16:06:39","guid":{"rendered":"https:\/\/ceevet.eu\/italian\/?page_id=71"},"modified":"2024-01-05T11:41:06","modified_gmt":"2024-01-05T11:41:06","slug":"alfabetizzazione-finanziaria-ed-economica","status":"publish","type":"page","link":"https:\/\/ceevet.eu\/italian\/alfabetizzazione-finanziaria-ed-economica\/","title":{"rendered":"Alfabetizzazione finanziaria ed economica"},"content":{"rendered":"\n<p><strong>INTRODUZIONE<\/strong><\/p>\n\n\n\n<p>Nel mondo complesso e interconnesso di oggi, l&#8217;alfabetizzazione finanziaria ed economica \u00e8 emersa come una competenza indispensabile per tutti, soprattutto per i giovani. La prossima generazione di leader, innovatori e decisori, i giovani devono navigare in un&#8217;economia globale dinamica e fare scelte informate sulle loro finanze personali, sui percorsi di carriera e sugli sforzi imprenditoriali. Fornendo loro le conoscenze e gli strumenti per comprendere, analizzare e partecipare attivamente alle questioni finanziarie ed economiche, consentiremo loro di plasmare il loro futuro e contribuire alla crescita economica e alla stabilit\u00e0 delle loro comunit\u00e0 e della societ\u00e0 in generale.<\/p>\n\n\n\n<p><strong>Che cos&#8217;\u00e8 l&#8217;alfabetizzazione finanziaria?<\/strong><\/p>\n\n\n\n<p>L&#8217;alfabetizzazione finanziaria si riferisce alla conoscenza e alla comprensione di vari prodotti finanziari. La sua importanza risiede nel consentire alle persone di gestire efficacemente le proprie finanze personali, gli investimenti e la pianificazione fiscale. Dotandoci di conoscenze in questo settore, possiamo salvaguardarci da frodi e truffe finanziarie, promuovendo il benessere finanziario.<br>Un altro aspetto dell&#8217;alfabetizzazione finanziaria \u00e8 la sua rilevanza: in un&#8217;epoca caratterizzata da rapidi progressi tecnologici e dalla crescente integrazione dei mercati globali, l&#8217;alfabetizzazione finanziaria ed economica \u00e8 diventata ancora pi\u00f9 critica. La rivoluzione digitale ha trasformato le pratiche finanziarie tradizionali, dando vita a valute virtuali, piattaforme di pagamento digitali e strumenti finanziari innovativi. Comprendere questi sviluppi e le loro implicazioni \u00e8 necessario se vogliamo cogliere le opportunit\u00e0 emergenti, proteggere i nostri interessi finanziari e adattarci all&#8217;evoluzione del panorama economico.<br>Inoltre, l&#8217;alfabetizzazione finanziaria svolge un ruolo fondamentale nella realizzazione di obiettivi a lungo termine, come il finanziamento dell&#8217;istruzione superiore di un bambino, l&#8217;acquisto di una casa o la creazione di un&#8217;impresa. Sottolinea l&#8217;importanza dei fondi di emergenza, del risparmio pensionistico, dell&#8217;assicurazione e della pianificazione successoria. Quando gli individui vengono istruiti in materia finanziaria, si innesca un effetto a catena, in quanto possono diffondere la consapevolezza tra le loro cerchie sociali, inclusi amici, familiari, colleghi, vicini e clienti.<\/p>\n\n\n\n<p><strong>In che modo l&#8217;alfabetizzazione finanziaria pu\u00f2 aiutarci nella nostra vita?<\/strong><\/p>\n\n\n\n<p>Diventare finanziariamente alfabetizzati porta con s\u00e9 numerose motivazioni e benefici che possono avere un impatto positivo sulla propria vita. Ecco alcuni motivi chiave per cui \u00e8 essenziale essere motivati a diventare finanziariamente alfabetizzati.<\/p>\n\n\n\n<p><strong>Empowerment e indipendenza<\/strong><br>L&#8217;alfabetizzazione finanziaria consente alle persone di assumere il controllo della propria vita finanziaria. Comprendendo i concetti, le strategie e gli strumenti finanziari, le persone possono prendere decisioni informate e prendere in mano il proprio futuro finanziario. Questo senso di empowerment favorisce l&#8217;indipendenza e l&#8217;autosufficienza, riducendo la dipendenza dagli altri per consigli o supporto finanziario.<\/p>\n\n\n\n<p><strong>Sicurezza finanziaria<\/strong><br>L&#8217;alfabetizzazione finanziaria fornisce una base per raggiungere e mantenere la sicurezza finanziaria. Fornisce alle persone le conoscenze e le competenze per pianificare il budget in modo efficace, risparmiare per le emergenze e fare scelte di investimento sagge. Gestendo saggiamente il denaro e costruendo una solida base finanziaria, le persone possono affrontare meglio spese impreviste, recessioni economiche o transizioni di vita.<\/p>\n\n\n\n<p><strong>Miglioramento del processo decisionale<\/strong><br>L&#8217;alfabetizzazione finanziaria migliora le capacit\u00e0 decisionali. Consente alle persone di valutare le opzioni finanziarie, comprendere le conseguenze delle loro scelte e selezionare la linea d&#8217;azione pi\u00f9 adatta. Che si tratti di fare acquisti importanti, scegliere investimenti o valutare i termini del prestito, l&#8217;alfabetizzazione finanziaria aiuta le persone a prendere decisioni finanziarie solide in linea con i loro obiettivi e valori.<\/p>\n\n\n\n<p><strong>Gestione del debito<\/strong><br>Essere finanziariamente alfabetizzati fornisce alle persone strategie e strumenti per gestire il debito in modo efficace. Li aiuta a comprendere i tassi di interesse, i piani di rimborso e l&#8217;impatto dei prestiti sul loro benessere finanziario generale. Con questa conoscenza, le persone possono sviluppare strategie per ridurre al minimo il debito, prendere decisioni informate sui prestiti e lavorare per liberarsi dai debiti.<\/p>\n\n\n\n<p><strong>Accumulazione di ricchezza e costruzione di beni<\/strong><br>L&#8217;alfabetizzazione finanziaria fornisce alle persone le competenze per costruire ricchezza e accumulare beni. Si tratta di comprendere concetti come l&#8217;investimento, l&#8217;asset allocation, la diversificazione e la pianificazione pensionistica. Prendendo decisioni di investimento informate e facendo crescere il proprio patrimonio, le persone possono aumentare il proprio patrimonio netto e creare una solida base finanziaria per s\u00e9 stessi e per le generazioni future.<\/p>\n\n\n\n<p><strong>Protezione contro frodi e truffe<\/strong><br>L&#8217;alfabetizzazione finanziaria funge da scudo contro le frodi e le truffe finanziarie. Migliora la capacit\u00e0 di un individuo di riconoscere potenziali truffe, comprendere i propri diritti e protezioni e formulare giudizi informati su offerte o schemi finanziari. Essere finanziariamente alfabetizzati consente alle persone di proteggere i propri beni, identit\u00e0 e informazioni personali da attivit\u00e0 fraudolente.<\/p>\n\n\n\n<p><strong>Sforzi imprenditoriali<\/strong><br>L&#8217;alfabetizzazione finanziaria \u00e8 fondamentale per gli aspiranti imprenditori. Fornisce conoscenze essenziali sulla finanza aziendale, sul budgeting, sulla gestione del flusso di cassa e sulle previsioni finanziarie. La comprensione di questi concetti fornisce agli imprenditori le competenze per prendere decisioni finanziarie informate, garantire finanziamenti e gestire con successo gli aspetti finanziari delle loro imprese.<\/p>\n\n\n\n<div class=\"wp-block-columns is-layout-flex wp-container-2\">\n<div class=\"wp-block-column is-layout-flow\">\n<p><strong>PRESENTAZIONE<\/strong><\/p>\n\n\n\n<figure class=\"wp-block-image size-large\"><a href=\"http:\/\/ceevet.eu\/italian\/wp-content\/uploads\/2024\/01\/Financial-and-economic-literacy-REV3-ITA-VIDEO.mp4\" target=\"_blank\" rel=\"noreferrer noopener\"><img decoding=\"async\" loading=\"lazy\" width=\"1024\" height=\"576\" src=\"https:\/\/ceevet.eu\/italian\/wp-content\/uploads\/2024\/01\/Alfabetizzazione-finanziaria-ed-economica-1024x576.jpg\" alt=\"\" class=\"wp-image-124\" srcset=\"https:\/\/ceevet.eu\/italian\/wp-content\/uploads\/2024\/01\/Alfabetizzazione-finanziaria-ed-economica-1024x576.jpg 1024w, https:\/\/ceevet.eu\/italian\/wp-content\/uploads\/2024\/01\/Alfabetizzazione-finanziaria-ed-economica-300x169.jpg 300w, https:\/\/ceevet.eu\/italian\/wp-content\/uploads\/2024\/01\/Alfabetizzazione-finanziaria-ed-economica-768x432.jpg 768w, https:\/\/ceevet.eu\/italian\/wp-content\/uploads\/2024\/01\/Alfabetizzazione-finanziaria-ed-economica-1536x864.jpg 1536w, https:\/\/ceevet.eu\/italian\/wp-content\/uploads\/2024\/01\/Alfabetizzazione-finanziaria-ed-economica.jpg 1920w\" sizes=\"(max-width: 1024px) 100vw, 1024px\" \/><\/a><\/figure>\n\n\n\n<p><a href=\"http:\/\/ceevet.eu\/italian\/wp-content\/uploads\/2024\/01\/Alfabetizzazione-finanziaria-ed-economica.pdf\" data-type=\"URL\" data-id=\"http:\/\/ceevet.eu\/italian\/wp-content\/uploads\/2024\/01\/Alfabetizzazione-finanziaria-ed-economica.pdf\" target=\"_blank\" rel=\"noreferrer noopener\">Alfabetizzazione finanziaria ed economica<\/a><\/p>\n<\/div>\n<\/div>\n\n\n\n<div style=\"height:30px\" aria-hidden=\"true\" class=\"wp-block-spacer\"><\/div>\n\n\n\n<p><strong>TERMINI FINANZIARI<\/strong><\/p>\n\n\n\n<p>Ecco un elenco di importanti termini di alfabetizzazione finanziaria e le relative definizioni:<\/p>\n\n\n\n<p>Budget: un piano che delinea le entrate e le spese previste in un periodo specifico, in genere su base mensile o annuale.<\/p>\n\n\n\n<p>Interesse: il costo del prestito di denaro o il ritorno sull&#8217;investimento. Di solito \u00e8 espresso come percentuale dell&#8217;importo del capitale.<\/p>\n\n\n\n<p>Inflazione: Il tasso di aumento del livello generale dei prezzi di beni e servizi, riducendo il potere d&#8217;acquisto del denaro nel tempo.<\/p>\n\n\n\n<p>Punteggio di credito: una rappresentazione numerica dell&#8217;affidabilit\u00e0 creditizia di un individuo, in base alla sua storia creditizia. Aiuta gli istituti di credito a valutare il rischio di prestare denaro a una persona.<\/p>\n\n\n\n<p>Investimento: l&#8217;atto di allocare denaro o risorse a un bene, un&#8217;impresa o un progetto con l&#8217;aspettativa di generare reddito o profitto nel tempo.<\/p>\n\n\n\n<p>Interesse composto: Interessi maturati non solo sull&#8217;importo del capitale iniziale, ma anche su eventuali interessi gi\u00e0 maturati. Pu\u00f2 far crescere in modo significativo un investimento o accumulare debiti nel tempo.<\/p>\n\n\n\n<p>Debito: Denaro dovuto a un prestatore o creditore. Pu\u00f2 includere prestiti, saldi di carte di credito e altre forme di fondi presi in prestito.<\/p>\n\n\n\n<p>Attivit\u00e0: Qualcosa di valore che un individuo o un&#8217;entit\u00e0 possiede, come contanti, immobili, azioni o veicoli.<\/p>\n\n\n\n<p>Responsabilit\u00e0: un&#8217;obbligazione o un debito dovuto ad altri, inclusi prestiti, mutui e saldi di carte di credito.<\/p>\n\n\n\n<p>Carta di credito: una carta di pagamento che consente alle persone di effettuare acquisti a credito, con l&#8217;obbligo di rimborsare l&#8217;importo preso in prestito, spesso con gli interessi.<\/p>\n\n\n\n<p>Assicurazione: un contratto che fornisce protezione finanziaria contro potenziali perdite o rischi, come l&#8217;assicurazione sanitaria, sulla vita, sulla propriet\u00e0 o sull&#8217;automobile.<\/p>\n\n\n\n<p>Risparmio pensionistico: denaro accantonato o investito durante gli anni di lavoro di una persona per fornire reddito e sicurezza finanziaria durante il pensionamento.<\/p>\n\n\n\n<p>Mercato azionario: un mercato in cui individui e istituzioni acquistano e vendono azioni di societ\u00e0 quotate in borsa, rappresentando la propriet\u00e0 di tali societ\u00e0.<\/p>\n\n\n\n<p>Diversificazione: distribuire gli investimenti tra diversi asset o tipi di investimento per ridurre il rischio non facendo molto affidamento su un singolo investimento.<\/p>\n\n\n\n<p>Crescita composta: l&#8217;aumento esponenziale del valore di un investimento nel tempo a causa del reinvestimento di utili o rendimenti.<\/p>\n\n\n\n<p>Patrimonio netto: la differenza tra le attivit\u00e0 totali di un individuo e le passivit\u00e0 totali, che indica la sua posizione finanziaria complessiva.<\/p>\n\n\n\n<p>Imprenditorialit\u00e0: il processo di avvio, gestione e crescita di un&#8217;impresa o di un&#8217;impresa, che spesso comporta l&#8217;assunzione di rischi finanziari nel perseguimento dei profitti.<\/p>\n\n\n\n<p>Obiettivo finanziario: un obiettivo specifico e misurabile relativo al benessere personale o finanziario, come risparmiare per un acconto su una casa o estinguere un debito.<\/p>\n\n\n\n<p>Rapporto di credito: un registro della cronologia dei prestiti e dei rimborsi di un individuo, inclusi conti di credito, cronologia dei pagamenti e registri pubblici, utilizzato dagli istituti di credito per valutare l&#8217;affidabilit\u00e0 creditizia.<\/p>\n\n\n\n<p>Alfabetizzazione finanziaria: la conoscenza, le abilit\u00e0 e la comprensione dei concetti e degli strumenti finanziari necessari per prendere decisioni informate sulla gestione del denaro, sul risparmio, sugli investimenti e sul budget.<\/p>\n\n\n\n<p>Questo elenco copre una serie di termini essenziali di alfabetizzazione finanziaria che possono fornire una solida base per comprendere la finanza personale e prendere decisioni finanziarie informate.<\/p>\n\n\n\n<p><strong>VIDEO<\/strong><\/p>\n\n\n\n<p><a href=\"https:\/\/youtu.be\/xAx0YQIexL0?si=IKK0NlfmXYxPa6u4\" target=\"_blank\" rel=\"noreferrer noopener\">Financial and economic literacy<\/a><\/p>\n\n\n\n<p><a href=\"https:\/\/youtu.be\/4j2emMn7UaI?si=eCOVdNtOa4vszi2X\" target=\"_blank\" rel=\"noreferrer noopener\">Financial Literacy &#8211; Full Video<\/a><\/p>\n\n\n\n<p><a href=\"https:\/\/www.youtube.com\/watch?v=3OXqQ1l9OgM\" target=\"_blank\" rel=\"noreferrer noopener\">Everything You Need To Know To Become Financially Free (Financial Literacy)<\/a><\/p>\n\n\n\n<p><a rel=\"noreferrer noopener\" href=\"https:\/\/www.youtube.com\/watch?v=q5JWp47z4bY\" target=\"_blank\">Financial Education | The 4 Rules Of Being Financially Literate<\/a><\/p>\n\n\n\n<div style=\"height:30px\" aria-hidden=\"true\" class=\"wp-block-spacer\"><\/div>\n\n\n\n<p><strong>GIOCO DI RUOLO \u00abRICERCA FINANZIARIA\u00bb<\/strong><br>\u00abMoney Matters: The Financial Quest\u00bb \u00e8 un coinvolgente gioco di ruolo progettato per educare e responsabilizzare i giovani con competenze essenziali di alfabetizzazione finanziaria ed economica. Attraverso un&#8217;esperienza immersiva e interattiva, i partecipanti navigheranno in vari scenari di vita reale, prenderanno decisioni finanziarie e impareranno concetti chiave come budgeting, risparmio, investimento e imprenditorialit\u00e0. Il gioco promuover\u00e0 il lavoro di squadra, il pensiero critico e le capacit\u00e0 decisionali, fornendo al contempo conoscenze pratiche per navigare con successo nel panorama finanziario.<br><strong>Durata: <\/strong>90 minuti circa<br><a href=\"http:\/\/ceevet.eu\/italian\/wp-content\/uploads\/2024\/01\/ROLEPLAY_RICERCA-FINANZIARIA.pdf\" data-type=\"URL\" data-id=\"http:\/\/ceevet.eu\/italian\/wp-content\/uploads\/2024\/01\/ROLEPLAY_RICERCA-FINANZIARIA.pdf\" target=\"_blank\" rel=\"noreferrer noopener\">Link all&#8217;attivit\u00e0<\/a> <\/p>\n\n\n\n<p><strong>GIOCO \u00abMONEY MATCH-UP\u00bb<\/strong><br>Il gioco Money Match-Up prevede l&#8217;abbinamento di termini finanziari con le loro definizioni corrispondenti ed \u00e8 un modo interessante per coinvolgere i partecipanti in modo divertente ed educativo che rafforza le competenze di alfabetizzazione finanziaria. Il gioco incoraggia i partecipanti a conoscere vari concetti finanziari divertendosi.<br><strong>Durata: <\/strong>60 minuti circa<br><a href=\"http:\/\/ceevet.eu\/italian\/wp-content\/uploads\/2024\/01\/GIOCO_MATCH-UP.pdf\" data-type=\"URL\" data-id=\"http:\/\/ceevet.eu\/italian\/wp-content\/uploads\/2024\/01\/GIOCO_MATCH-UP.pdf\" target=\"_blank\" rel=\"noreferrer noopener\">Link all&#8217;attivit\u00e0<\/a><\/p>\n\n\n\n<p><strong>TERMINOLOGIA DELL&#8217;ALFABETIZZAZIONE FINANZIARIA DEL QUIZ<\/strong><br><a href=\"https:\/\/ceevet.eu\/english\/qsm_quiz\/financial-literacy-quiz\/\" target=\"_blank\" rel=\"noreferrer noopener\">Link all&#8217;attivit\u00e0<\/a> <em>(al momento disponibile solo la versione in inglese)<\/em><\/p>\n\n\n\n<p><strong>ARTICOLI<\/strong><br><strong>EntreComp Certificate<\/strong>: \u00ab<a href=\"http:\/\/ceevet.eu\/english\/wp-content\/uploads\/2023\/05\/Financial-and-Economic-Literacy.pdf\" target=\"_blank\" rel=\"noreferrer noopener\"><em>Financial and Economic Literacy Develop financial and economic know how<\/em><\/a>\u00ab. European Erasmus+ Project 2019-UK01-KA201-062076.<br><strong>Jabaily, B.<\/strong>: \u00ab<a href=\"http:\/\/ceevet.eu\/english\/wp-content\/uploads\/2023\/05\/Jabaily_economic_education.pdf\" target=\"_blank\" rel=\"noreferrer noopener\"><em>Economic Education &amp; Financial Literacy<\/em><\/a>\u00ab. Federal Reserve Bank of Boston.<br><strong>Hogarth, J. M.<\/strong>: \u00ab<a href=\"http:\/\/ceevet.eu\/english\/wp-content\/uploads\/2023\/05\/Financial-Education-and-Economic-Development.pdf\" target=\"_blank\" rel=\"noreferrer noopener\"><em>Financial Education and Economic Development<\/em><\/a>\u00ab. Federal Reserve Board, U.S.A.<\/p>\n\n\n\n<p><strong>LIBRI<\/strong><br>Knox, S.: \u00ab<em>The Basics of Financial Literacy<\/em>\u00ab.<br>Howard Jr, R. G.: \u00ab<em>Financial Literacy Education: Neoliberalism, the Consumer and the Citizen<\/em>\u00ab.<br>Lambert, A.: \u00ab<em>Financial Literacy for Managers: Finance and Accounting for Better Decision-Making<\/em>\u00ab.<br>Chang, H.J.: \u00ab<em>Economics: The User&#8217;s Guid<\/em>e\u00bb.<br>Webster, K.: \u00ab<em>Circular Economy: A Wealth of Flows<\/em>\u00ab.<\/p>\n\n\n\n<p><strong>LINK SITI WEB<\/strong><br><a href=\"https:\/\/www.nefe.org\/\" target=\"_blank\" rel=\"noreferrer noopener\">National Endowment for Financial Education<\/a><br>Un&#8217;organizzazione senza scopo di lucro che si concentra sull&#8217;educazione finanziaria. Fornisce risorse, ricerche e strumenti per migliorare l&#8217;alfabetizzazione finanziaria.<br><a href=\"https:\/\/www.oecd.org\/financial\/education\/\" target=\"_blank\" rel=\"noreferrer noopener\">OECD &#8211; Financial Education<\/a><br>L&#8217;Organizzazione per la cooperazione e lo sviluppo economico (OCSE) fornisce informazioni e risorse sull&#8217;educazione finanziaria, compresi rapporti e programmi educativi.<br><a href=\"https:\/\/www.federalreserveeducation.org\/\" target=\"_blank\" rel=\"noreferrer noopener\">Federal Reserve Education<\/a><br>Il Federal Reserve System degli Stati Uniti offre risorse educative sull&#8217;economia e la finanza. Il sito Web fornisce lezioni, giochi interattivi e materiali per gli educatori.<br><a href=\"https:\/\/www.circulareconomyclub.com\/\" target=\"_blank\" rel=\"noreferrer noopener\">Circular Economy Club<\/a><br>Una comunit\u00e0 globale dedicata alla promozione dell&#8217;economia circolare.<\/p>\n","protected":false},"excerpt":{"rendered":"<p>INTRODUZIONE Nel mondo complesso e interconnesso di oggi, l&#8217;alfabetizzazione finanziaria ed economica \u00e8 emersa come una competenza indispensabile per tutti, soprattutto per i giovani. La prossima generazione di leader, innovatori e decisori, i giovani devono navigare in un&#8217;economia globale dinamica e fare scelte informate sulle loro finanze personali, sui percorsi di carriera e sugli sforzi [&hellip;]<\/p>\n","protected":false},"author":1,"featured_media":0,"parent":0,"menu_order":0,"comment_status":"closed","ping_status":"closed","template":"template-full-width.php","meta":[],"_links":{"self":[{"href":"https:\/\/ceevet.eu\/italian\/wp-json\/wp\/v2\/pages\/71"}],"collection":[{"href":"https:\/\/ceevet.eu\/italian\/wp-json\/wp\/v2\/pages"}],"about":[{"href":"https:\/\/ceevet.eu\/italian\/wp-json\/wp\/v2\/types\/page"}],"author":[{"embeddable":true,"href":"https:\/\/ceevet.eu\/italian\/wp-json\/wp\/v2\/users\/1"}],"replies":[{"embeddable":true,"href":"https:\/\/ceevet.eu\/italian\/wp-json\/wp\/v2\/comments?post=71"}],"version-history":[{"count":6,"href":"https:\/\/ceevet.eu\/italian\/wp-json\/wp\/v2\/pages\/71\/revisions"}],"predecessor-version":[{"id":134,"href":"https:\/\/ceevet.eu\/italian\/wp-json\/wp\/v2\/pages\/71\/revisions\/134"}],"wp:attachment":[{"href":"https:\/\/ceevet.eu\/italian\/wp-json\/wp\/v2\/media?parent=71"}],"curies":[{"name":"wp","href":"https:\/\/api.w.org\/{rel}","templated":true}]}}