{"id":73,"date":"2023-07-05T16:07:28","date_gmt":"2023-07-05T16:07:28","guid":{"rendered":"https:\/\/ceevet.eu\/italian\/?page_id=73"},"modified":"2024-01-05T11:54:16","modified_gmt":"2024-01-05T11:54:16","slug":"iniziativa-imprenditorialita-e-intraprenditorialita","status":"publish","type":"page","link":"https:\/\/ceevet.eu\/italian\/iniziativa-imprenditorialita-e-intraprenditorialita\/","title":{"rendered":"Iniziativa, imprenditorialit\u00e0 e intraprenditorialit\u00e0"},"content":{"rendered":"\n<p><strong>DEFINIZIONE<\/strong><\/p>\n\n\n\n<ul>\n<li>Avere la capacit\u00e0 di sviluppare una propria start-up green o iniziativa, promuovere l&#8217;indipendenza per fornire soluzioni green che alla fine diventeranno dominanti nel settore commerciale.<\/li>\n\n\n\n<li>Credere nella propria capacit\u00e0 di influenzare il corso degli eventi, nonostante l&#8217;incertezza, le battute d&#8217;arresto e i fallimenti temporanei.<\/li>\n\n\n\n<li>Agire e lavorare in modo indipendente per raggiungere gli obiettivi, rispettare le intenzioni e portare a termine i compiti pianificati.<\/li>\n\n\n\n<li>Stimolare il senso del lavoro autonomo<\/li>\n\n\n\n<li>Studiare i modi per implementare elementi green nel nostro processo di produzione.<\/li>\n<\/ul>\n\n\n\n<p><strong>DARE POTERE AI GIOVANI ATTRAVERSO L&#8217;INIZIATIVA, L&#8217;IMPRENDITORIALIT\u00c0 E L\u2019INTRAPRENDITORIALITA\u2019; LIBERARE IL PROPRIO POTENZIALE<\/strong><\/p>\n\n\n\n<p><em><strong>Introduzione<\/strong><\/em><br>Iniziativa, imprenditorialit\u00e0 e intraprenditorialit\u00e0 sono tre abilit\u00e0 interconnesse che hanno il potere di accendere la vostra spinta interiore, trasformare le vostre idee in realt\u00e0 e plasmare il vostro futuro. Comprendere e abbracciare questi concetti pu\u00f2 essere un viaggio entusiasmante per i giovani, poich\u00e9 forniscono gli strumenti e la motivazione per prendere in mano il proprio destino, esplorare opportunit\u00e0 innovative e avere un impatto positivo sul mondo. Addentriamoci nel mondo dell&#8217;iniziativa, dell&#8217;imprenditorialit\u00e0 e dell&#8217;intraprenditorialit\u00e0 per sbloccare il vostro potenziale e intraprendere uno straordinario percorso di crescita e successo.<\/p>\n\n\n\n<ol>\n<li>Iniziativa: Il potere di agire: L&#8217;iniziativa consiste nell&#8217;essere proattivi, nel mostrare entusiasmo e nel prendere l&#8217;iniziativa per far accadere le cose. \u00c8 la scintilla che vi spinge a identificare i problemi, a cercare soluzioni e ad avviare un cambiamento positivo. Motivatevi riconoscendo che le vostre idee e azioni hanno il potenziale per creare un impatto significativo. Siate curiosi, attenti e pronti a cogliere le opportunit\u00e0 che vi si presentano.<\/li>\n\n\n\n<li>Imprenditorialit\u00e0: Trasformare le idee in realt\u00e0: L&#8217;imprenditorialit\u00e0 \u00e8 l&#8217;arte di trasformare idee innovative in imprese o progetti realizzabili. Comporta l&#8217;identificazione delle esigenze del mercato, lo sviluppo di prodotti o servizi e l&#8217;assunzione di rischi calcolati. La motivazione per imparare l&#8217;imprenditorialit\u00e0 risiede nell&#8217;opportunit\u00e0 di plasmare il proprio percorso professionale, creare posti di lavoro e risolvere i problemi del mondo reale. Abbracciate la mentalit\u00e0 della resilienza, della creativit\u00e0 e dell&#8217;adattabilit\u00e0, poich\u00e9 l&#8217;imprenditorialit\u00e0 spesso comporta il superamento delle sfide e l&#8217;accettazione del fallimento come trampolino di lancio verso il successo.<\/li>\n\n\n\n<li>Intraprenditorialit\u00e0: Coltivare l&#8217;innovazione nelle organizzazioni: l&#8217;intraprenditorialit\u00e0 \u00e8 lo spirito imprenditoriale applicato all&#8217;interno di organizzazioni consolidate. Si tratta di prendere l&#8217;iniziativa, pensare come un imprenditore e guidare l&#8217;innovazione dall&#8217;interno. La motivazione per imparare l&#8217;intraprendenditorialit\u00e0 risiede nel potere di avere un impatto significativo in un contesto aziendale, contribuendo con idee nuove e trasformando le organizzazioni dall&#8217;interno. Abbracciate la motivazione a sfidare lo status quo, a pensare in modo creativo e a portare un cambiamento positivo nel vostro ambiente di lavoro.<\/li>\n\n\n\n<li>Abbracciare la creativit\u00e0 e il pensiero critico: la creativit\u00e0 e il pensiero critico sono alla base dell&#8217;iniziativa, dell&#8217;imprenditorialit\u00e0 e dell&#8217;intraprenditorialit\u00e0. Coltivate la vostra creativit\u00e0 esplorando interessi diversi, cercando ispirazione da campi diversi e pensando fuori dagli schemi. Coltivate il pensiero critico analizzando i problemi, valutando le opzioni e prendendo decisioni informate. La motivazione per sviluppare queste competenze risiede nella capacit\u00e0 di trovare soluzioni innovative, immaginare nuove possibilit\u00e0 e distinguersi in un mondo in continua evoluzione.<\/li>\n\n\n\n<li>Persistenza e resilienza: Iniziativa, imprenditorialit\u00e0 e intraprenditorialit\u00e0 richiedono perseveranza e resilienza. Le sfide e le battute d&#8217;arresto sono inevitabili, ma la motivazione a imparare e crescere vi aiuter\u00e0 a perseverare. Coltivate una mentalit\u00e0 di crescita che consideri i fallimenti come opportunit\u00e0 di apprendimento e miglioramento. Mantenete la motivazione cercando il sostegno dei mentori, creando una rete di persone che la pensano come voi e circondandovi di influenze positive che alimentino la vostra ambizione.<\/li>\n<\/ol>\n\n\n\n<p><strong>Conclusione<\/strong><br>Iniziativa, imprenditorialit\u00e0 e intraprenditorialit\u00e0 offrono un mondo di possibilit\u00e0 ai giovani che osano sognare e agire. Alimentando l&#8217;iniziativa, abbracciando l&#8217;imprenditorialit\u00e0 e coltivando l&#8217;intraprenditorialit\u00e0, potete liberare il vostro potenziale, avere un impatto positivo e plasmare il vostro futuro. Rimanete motivati, siate curiosi e abbracciate il potere di trasformazione di queste competenze. Potrete essere un catalizzatore del cambiamento e creare un mondo pieno di innovazione, scopo e successo.<\/p>\n\n\n\n<p><strong>VIDEO<\/strong><br><a href=\"https:\/\/www.youtube.com\/watch?v=YKdhcPY4juo\" target=\"_blank\" rel=\"noreferrer noopener\">https:\/\/www.youtube.com\/watch?v=YKdhcPY4juo<\/a><br><a href=\"https:\/\/www.youtube.com\/watch?v=ZklYVnaC3nc\" target=\"_blank\" rel=\"noreferrer noopener\">https:\/\/www.youtube.com\/watch?v=ZklYVnaC3nc<\/a><\/p>\n\n\n\n<p><strong>GIOCHI<\/strong><br><a href=\"http:\/\/ceevet.eu\/italian\/wp-content\/uploads\/2024\/01\/Alphabet-soup-initiative-WORD-SEARCH-GAME.pdf\" data-type=\"URL\" data-id=\"http:\/\/ceevet.eu\/italian\/wp-content\/uploads\/2024\/01\/Alphabet-soup-initiative-WORD-SEARCH-GAME.pdf\" target=\"_blank\" rel=\"noreferrer noopener\">Alphabet soup<\/a><br><a href=\"http:\/\/ceevet.eu\/italian\/wp-content\/uploads\/2024\/01\/Short-lecture-Intrapreneurship.pdf\" data-type=\"URL\" data-id=\"http:\/\/ceevet.eu\/italian\/wp-content\/uploads\/2024\/01\/Short-lecture-Intrapreneurship.pdf\" target=\"_blank\" rel=\"noreferrer noopener\">Short reading<\/a><\/p>\n\n\n\n<p><strong>LIBRI<\/strong><br><strong>McGrath, R. G.<\/strong>: \u00ab<em>The Entrepreneurial Mindset: Strategies for Continuously Creating Opportunity in an Age of Uncertainty<\/em>\u00ab.<br><strong>Read, S., Sarasvathy, S., et al.<\/strong>: \u00ab<em>Effectual Entrepreneurship<\/em>\u00ab.<br><strong>Ries, E.<\/strong>: \u00ab<em>The Lean Startup: How Today&#8217;s Entrepreneurs Use Continuous Innovation to Create Radically Successful Businesses<\/em>\u00ab.<br><strong>Aulet, B.<\/strong>: \u00ab<em>Disciplined Entrepreneurship: 24 Steps to a Successful Startup<\/em>\u00ab.<br>Geissdoerfer, M., Tietze, F. et al.: \u00ab<em>Sustainability, Innovation, and Entrepreneurship<\/em>\u00ab.<\/p>\n\n\n\n<p><strong>LINK AI SITI<\/strong><br><\/p>\n\n\n\n<p><a href=\"https:\/\/www.genglobal.org\/\" target=\"_blank\" rel=\"noreferrer noopener\">Global Entrepreneurship Network<\/a><br>Una rete globale che promuove l&#8217;imprenditorialit\u00e0 e lo spirito imprenditoriale nel mondo.<\/p>\n\n\n\n<p><a href=\"https:\/\/www.entrepreneur.com\/\" target=\"_blank\" rel=\"noreferrer noopener\">Entrepreneur<\/a><br>Una piattaforma online che fornisce notizie, risorse e consigli per gli imprenditori.<\/p>\n\n\n\n<p><a href=\"https:\/\/stvp.stanford.edu\/\" target=\"_blank\" rel=\"noreferrer noopener\">Stanford Technology Ventures Program<\/a><br>Programma dell&#8217;Universit\u00e0 di Stanford che promuove l&#8217;innovazione e l&#8217;imprenditorialit\u00e0.<\/p>\n\n\n\n<p><a href=\"https:\/\/circulareconomy.europa.eu\/platform\/\" target=\"_blank\" rel=\"noreferrer noopener\">European Circular Economy Stakeholder Platform<\/a><br>Una piattaforma europea che si occupa di economia circolare e promuove la collaborazione tra le diverse parti interessate.<\/p>\n\n\n\n<p><a href=\"https:\/\/www.kauffman.org\/\" target=\"_blank\" rel=\"noreferrer noopener\">Kauffman Foundation<\/a><br>Una fondazione incentrata sull&#8217;imprenditorialit\u00e0 che fornisce risorse, ricerca e programmi per promuovere l&#8217;imprenditorialit\u00e0.<\/p>\n","protected":false},"excerpt":{"rendered":"<p>DEFINIZIONE DARE POTERE AI GIOVANI ATTRAVERSO L&#8217;INIZIATIVA, L&#8217;IMPRENDITORIALIT\u00c0 E L\u2019INTRAPRENDITORIALITA\u2019; LIBERARE IL PROPRIO POTENZIALE IntroduzioneIniziativa, imprenditorialit\u00e0 e intraprenditorialit\u00e0 sono tre abilit\u00e0 interconnesse che hanno il potere di accendere la vostra spinta interiore, trasformare le vostre idee in realt\u00e0 e plasmare il vostro futuro. Comprendere e abbracciare questi concetti pu\u00f2 essere un viaggio entusiasmante per i [&hellip;]<\/p>\n","protected":false},"author":1,"featured_media":0,"parent":0,"menu_order":0,"comment_status":"closed","ping_status":"closed","template":"template-full-width.php","meta":[],"_links":{"self":[{"href":"https:\/\/ceevet.eu\/italian\/wp-json\/wp\/v2\/pages\/73"}],"collection":[{"href":"https:\/\/ceevet.eu\/italian\/wp-json\/wp\/v2\/pages"}],"about":[{"href":"https:\/\/ceevet.eu\/italian\/wp-json\/wp\/v2\/types\/page"}],"author":[{"embeddable":true,"href":"https:\/\/ceevet.eu\/italian\/wp-json\/wp\/v2\/users\/1"}],"replies":[{"embeddable":true,"href":"https:\/\/ceevet.eu\/italian\/wp-json\/wp\/v2\/comments?post=73"}],"version-history":[{"count":3,"href":"https:\/\/ceevet.eu\/italian\/wp-json\/wp\/v2\/pages\/73\/revisions"}],"predecessor-version":[{"id":139,"href":"https:\/\/ceevet.eu\/italian\/wp-json\/wp\/v2\/pages\/73\/revisions\/139"}],"wp:attachment":[{"href":"https:\/\/ceevet.eu\/italian\/wp-json\/wp\/v2\/media?parent=73"}],"curies":[{"name":"wp","href":"https:\/\/api.w.org\/{rel}","templated":true}]}}