{"id":81,"date":"2023-07-05T16:09:24","date_gmt":"2023-07-05T16:09:24","guid":{"rendered":"https:\/\/ceevet.eu\/italian\/?page_id=81"},"modified":"2024-01-19T12:09:45","modified_gmt":"2024-01-19T12:09:45","slug":"autoconsapevolezza-e-autoefficacia","status":"publish","type":"page","link":"https:\/\/ceevet.eu\/italian\/autoconsapevolezza-e-autoefficacia\/","title":{"rendered":"Autoconsapevolezza e autoefficacia"},"content":{"rendered":"\n<p><strong>INTRODUZIONE<\/strong><\/p>\n\n\n\n<p><strong>AUTOEFFICACIA<\/strong><\/p>\n\n\n\n<p>L&#8217;autoefficacia \u00e8 la convinzione di una persona di essere in grado di portare a termine un compito o di raggiungere un obiettivo. Comprende la fiducia in se stessi e la capacit\u00e0 di controllare il proprio comportamento, influenzare l&#8217;ambiente e rimanere motivati nel perseguire un obiettivo. Le persone possono avere autoefficacia in diverse situazioni e ambiti, come la scuola, il lavoro, le relazioni e altre aree importanti.<br>Di fronte a una sfida, sentite di potervi rialzare e raggiungere il vostro obiettivo o vi arrendete al fallimento?<br>Siete come la locomotiva del classico libro per bambini (\u00abPenso di poterlo fare, penso di poterlo fare!\u00bb), o forse dubitate della vostra capacit\u00e0 di rialzarvi e superare le difficolt\u00e0 che la vita vi pone davanti?<br>Se tendete ad andare avanti nonostante gli ostacoli, probabilmente avete un alto grado di autoefficacia.<\/p>\n\n\n\n<p>L&#8217;autoefficacia \u00e8 importante perch\u00e9 gioca un ruolo nel modo in cui vi sentite con voi stessi e se riuscite a raggiungere i vostri obiettivi di vita. Il concetto di autoefficacia \u00e8 centrale nella teoria cognitiva sociale di Albert Bandura, che sottolinea il ruolo dell&#8217;apprendimento osservativo, dell&#8217;esperienza sociale e del determinismo reciproco nello sviluppo della personalit\u00e0.<\/p>\n\n\n\n<p>Secondo Bandura, l&#8217;autoefficacia fa parte del sistema del s\u00e9, che consiste negli atteggiamenti, nelle capacit\u00e0 e nelle abilit\u00e0 cognitive di una persona. Questo sistema svolge un ruolo importante nel modo in cui percepiamo e rispondiamo alle varie situazioni. L&#8217;autoefficacia \u00e8 una parte essenziale di questo sistema del s\u00e9.<\/p>\n\n\n\n<p><strong>Nozioni di base sull&#8217;autoefficacia<\/strong><\/p>\n\n\n\n<p>Secondo Albert Bandura, l&#8217;autoefficacia \u00e8 \u00abla convinzione della propria capacit\u00e0 di organizzare e portare a termine le azioni necessarie per far fronte a situazioni potenziali\u00bb. L&#8217;autoefficacia \u00e8 la convinzione di una persona di poter avere successo in una particolare situazione. Tali convinzioni hanno un ruolo nel determinare il modo in cui le persone pensano, si comportano e si sentono.<\/p>\n\n\n\n<p>Da quando Bandura ha pubblicato il suo articolo rivoluzionario nel 1977, \u00abAutoefficacia: Toward a Unifying Theory of Behavior Change\u00bb, questo argomento \u00e8 diventato uno dei pi\u00f9 studiati in psicologia. Perch\u00e9 l&#8217;autoefficacia \u00e8 diventata un argomento cos\u00ec importante tra gli psicologi e gli educatori?<\/p>\n\n\n\n<p>Come hanno dimostrato Bandura e altri ricercatori, l&#8217;autoefficacia pu\u00f2 influenzare tutto, dagli stati mentali al comportamento e alla motivazione.&nbsp;&nbsp; L&#8217;autoefficacia descrive quali obiettivi perseguiamo, come li raggiungiamo e come riflettiamo sulle nostre prestazioni.<\/p>\n\n\n\n<p>La nostra convinzione di essere in grado di avere successo ha un ruolo nel modo in cui pensiamo, ci comportiamo e ci sentiamo nel nostro posto nel mondo.<\/p>\n\n\n\n<p><strong>Il ruolo dell&#8217;autoefficacia<\/strong><\/p>\n\n\n\n<p>Praticamente tutte le persone sono in grado di identificare gli obiettivi che vogliono raggiungere, le cose che vorrebbero cambiare e quelle che vorrebbero realizzare. Tuttavia, la maggior parte delle persone si rende conto che mettere in pratica questi piani non \u00e8 cos\u00ec facile. Bandura et al. hanno scoperto che l&#8217;autoefficacia di un individuo gioca un ruolo importante nel modo in cui affronta obiettivi, compiti e sfide.<\/p>\n\n\n\n<p>\u00c8 positivo avere un&#8217;elevata autoefficacia. Le persone con un forte senso di autoefficacia:<\/p>\n\n\n\n<p>sviluppano un interesse pi\u00f9 profondo per le attivit\u00e0 a cui partecipano<\/p>\n\n\n\n<p>Creano un senso di impegno pi\u00f9 forte nei confronti dei propri interessi e attivit\u00e0<\/p>\n\n\n\n<p>Si riprendono rapidamente da battute d&#8217;arresto e delusioni<\/p>\n\n\n\n<p>Trattano i problemi difficili come compiti da padroneggiare<\/p>\n\n\n\n<p>D&#8217;altra parte, una bassa autoefficacia pu\u00f2 avere molti effetti dannosi.<\/p>\n\n\n\n<p>Le persone con scarsa autoefficacia evitano i compiti difficili.<\/p>\n\n\n\n<p>Credono che i compiti e le situazioni difficili siano al di l\u00e0 delle loro capacit\u00e0.<\/p>\n\n\n\n<p>Si concentrano sui fallimenti personali e sui risultati negativi<\/p>\n\n\n\n<p>Perdono rapidamente la fiducia nelle proprie capacit\u00e0 personali<\/p>\n\n\n\n<p>Autoefficacia, autostima e fiducia in se stessi<\/p>\n\n\n\n<p>L&#8217;autoefficacia viene talvolta confusa con l&#8217;autostima, ma esistono importanti differenze tra le due. Qual \u00e8 la differenza tra autoefficacia e autostima? L&#8217;autoefficacia si riferisce alla percezione della propria capacit\u00e0 di avere successo in varie situazioni, mentre l&#8217;autostima si riferisce al rispetto del proprio valore.<\/p>\n\n\n\n<p>L&#8217;autoefficacia \u00e8 la stessa cosa della fiducia in se stessi? Sebbene questi due termini siano correlati, esistono alcune importanti differenze. La fiducia in se stessi \u00e8 pi\u00f9 generale e si riferisce alla fiducia generale di una persona in se stessa in tutti i contesti. L&#8217;autoefficacia, invece, \u00e8 pi\u00f9 specifica e dipende dal contesto. Una persona pu\u00f2 avere un&#8217;alta autoefficacia in un&#8217;area (per esempio, gli studi) e una bassa autoefficacia in altre aree (per esempio, lo sport).<\/p>\n\n\n\n<p>Le ricerche suggeriscono che l&#8217;autoefficacia \u00e8 un predittore dell&#8217;autostima. In altre parole, le persone con un&#8217;alta autoefficacia tendono ad avere anche un&#8217;alta autostima e viceversa.<\/p>\n\n\n\n<p><strong>Come si sviluppa l&#8217;autoefficacia?<\/strong><\/p>\n\n\n\n<p>Cominciamo a sviluppare il nostro senso di autoefficacia nella prima infanzia, affrontando varie esperienze, compiti e situazioni. Tuttavia, la crescita dell&#8217;autoefficacia non si esaurisce nella giovinezza, ma si evolve nel corso della vita, man mano che le persone acquisiscono nuove competenze, esperienze e conoscenze.<\/p>\n\n\n\n<p><strong>Quali sono i quattro tipi di autoefficacia?<\/strong><\/p>\n\n\n\n<p>Bandura ha identificato quattro fonti principali di autoefficacia. I quattro modi per raggiungere l&#8217;autoefficacia sono le esperienze di padronanza, il modeling sociale, la persuasione sociale e le risposte psicologiche.<\/p>\n\n\n\n<p><strong>AUTOCONSAPEVOLEZZA<\/strong><\/p>\n\n\n\n<p><strong>L&#8217;autoconsapevolezza<\/strong> \u00e8 la capacit\u00e0 di percepire e comprendere le cose che ci rendono ci\u00f2 che siamo come individui, tra cui la personalit\u00e0, le azioni, i valori, le convinzioni, le emozioni e i pensieri. In sostanza, \u00e8 uno stato mentale in cui il s\u00e9 diventa il centro dell&#8217;attenzione.<\/p>\n\n\n\n<p>Sebbene l&#8217;autoconsapevolezza sia fondamentale per ci\u00f2 che si \u00e8, non \u00e8 qualcosa su cui ci si concentra ogni momento della giornata. Al contrario, l&#8217;autoconsapevolezza diventa parte integrante del tessuto di chi siamo ed emerge in momenti diversi, a seconda della situazione e della nostra personalit\u00e0.<\/p>\n\n\n\n<p>Questo \u00e8 uno dei primi elementi del concetto di s\u00e9 a emergere. Le persone non nascono completamente consapevoli di s\u00e9. Tuttavia, le prove suggeriscono che i neonati hanno un senso rudimentale di autoconsapevolezza.<\/p>\n\n\n\n<p>I neonati sono consapevoli di essere esseri distinti dagli altri, come dimostrano comportamenti come il riflesso di coccole, durante il quale il bambino cerca il capezzolo quando qualcosa gli sfiora il viso. Gli scienziati hanno inoltre scoperto che anche i neonati sono in grado di distinguere il proprio tocco da quello degli altri.<\/p>\n\n\n\n<p><strong>Sviluppo della consapevolezza di s\u00e9<\/strong><\/p>\n\n\n\n<p>Le ricerche hanno dimostrato che un senso di autoconsapevolezza pi\u00f9 complesso emerge intorno al primo anno di vita e diventa molto pi\u00f9 sviluppato intorno ai 18 mesi. I ricercatori Lewis e Brooks-Gunn hanno condotto una ricerca per esaminare come si sviluppa la consapevolezza di s\u00e9.<\/p>\n\n\n\n<p>I ricercatori hanno posizionato un puntino rosso sul naso del bambino e poi lo hanno tenuto davanti a uno specchio. I bambini che si riconoscevano nello specchio si avvicinavano al loro naso piuttosto che al loro riflesso, indicando che avevano almeno un certo livello di autoconsapevolezza.<\/p>\n\n\n\n<p>Lewis e Brooks-Gunn hanno scoperto che quasi nessun bambino al di sotto dell&#8217;anno di et\u00e0 si avvicinava al proprio naso invece che al proprio riflesso nello specchio.<\/p>\n\n\n\n<p>Circa il 25% dei bambini di et\u00e0 compresa tra i 15 e i 18 mesi si avvicinava al proprio naso, rispetto a circa il 70% dei bambini di et\u00e0 compresa tra i 21 e i 24 mesi.<\/p>\n\n\n\n<p>Va notato che lo studio di Lewis e Brooks-Gunn indica solo l&#8217;autoconsapevolezza visiva dei neonati; i bambini possono infatti avere altre forme di autoconsapevolezza anche in questa fase precoce della vita. Per esempio, i ricercatori Lewis, Sullivan, Stanger e Weiss hanno suggerito che l&#8217;espressione delle emozioni implica la consapevolezza di s\u00e9 e la capacit\u00e0 di pensare a se stessi in relazione agli altri.<\/p>\n\n\n\n<p>Gli scienziati hanno proposto che un&#8217;area del cervello chiamata corteccia cingolata anteriore, situata nel lobo frontale, svolga un ruolo importante nello sviluppo della consapevolezza di s\u00e9. La ricerca ha anche utilizzato l&#8217;imaging cerebrale per dimostrare che questa regione \u00e8 attivata negli adulti che sono consapevoli di s\u00e9.<\/p>\n\n\n\n<p>L&#8217;esperimento di Lewis e Brooks-Gunn suggerisce che l&#8217;autocoscienza inizia a emergere nei bambini intorno ai 18 mesi, un&#8217;et\u00e0 che coincide con la rapida crescita delle cellule del fuso nella corteccia cingolata anteriore.<\/p>\n\n\n\n<p>Tuttavia, uno studio ha rilevato che un paziente ha mantenuto la consapevolezza di s\u00e9 anche in presenza di danni estesi ad aree del cervello, tra cui l&#8217;insula e la corteccia cingolata anteriore.<\/p>\n\n\n\n<p>Ci\u00f2 suggerisce che queste regioni cerebrali non sono necessarie per la maggior parte degli aspetti della consapevolezza di s\u00e9 e che la consapevolezza pu\u00f2 invece derivare da interazioni distribuite tra le reti cerebrali.<\/p>\n\n\n\n<p><strong>Livelli di consapevolezza di s\u00e9<\/strong><\/p>\n\n\n\n<p>Come fanno i bambini a prendere coscienza di s\u00e9 come esseri distinti? Una delle principali teorie sull&#8217;autocoscienza, introdotta dallo psicologo dello sviluppo Philippe Rochat, suggerisce che esistono cinque livelli di autocoscienza.<\/p>\n\n\n\n<p>I bambini attraversano le seguenti fasi dalla nascita fino a circa 4 o 5 anni di et\u00e0:<\/p>\n\n\n\n<p><strong>Differenziazione<\/strong>: il bambino inizia a riconoscere il proprio riflesso. Pu\u00f2 scoprire che c&#8217;\u00e8 qualcosa di diverso o speciale nel guardare il proprio riflesso.<\/p>\n\n\n\n<p><strong>Situazione<\/strong>: il bambino inizia a riconoscere il proprio riflesso, il proprio essere e i propri movimenti come separati da ci\u00f2 che lo circonda.<\/p>\n\n\n\n<p><strong>Identificazione<\/strong>: questa \u00e8 la fase in cui il bambino sa di essere pienamente il proprio riflesso nello specchio. Sa che: \u00abQuesto sono io\u00bb.<\/p>\n\n\n\n<p><strong>Persistenza<\/strong>: hanno un senso di s\u00e9 completo e possono identificarsi in foto o video anche quando il loro aspetto cambia.<\/p>\n\n\n\n<p><strong>Consapevolezza di s\u00e9:<\/strong> il bambino assume un punto di vista in terza persona su se stesso; si rende conto che gli altri lo percepiscono in un certo modo. Questo pu\u00f2 portare a sentimenti come l&#8217;orgoglio o la vergogna.<\/p>\n\n\n\n<p><strong>Tipi di autoconsapevolezza<\/strong><\/p>\n\n\n\n<p>Gli psicologi spesso dividono la consapevolezza di s\u00e9 in due tipi diversi: pubblica e privata.<\/p>\n\n\n\n<p><strong>Autocoscienza pubblica<\/strong><\/p>\n\n\n\n<p>Questo tipo si verifica quando le persone sono consapevoli di come appaiono agli altri. L&#8217;autoconsapevolezza pubblica si verifica di solito in situazioni in cui le persone sono sotto i riflettori.<\/p>\n\n\n\n<p>Questo tipo di autoconsapevolezza spesso costringe le persone a conformarsi alle norme sociali. Quando siamo consapevoli di essere osservati e giudicati, spesso cerchiamo di comportarci in modo socialmente accettabile e desiderabile.<\/p>\n\n\n\n<p>L&#8217;autoconsapevolezza sociale pu\u00f2 anche portare all&#8217;ansia da giudizio, in cui le persone diventano depresse, ansiose o preoccupate di come vengono percepite dagli altri.<\/p>\n\n\n\n<p><strong>Esempi di autoconsapevolezza pubblica<\/strong><\/p>\n\n\n\n<p>Si pu\u00f2 sperimentare l&#8217;autoconsapevolezza pubblica sul posto di lavoro quando si tiene una presentazione importante. Si pu\u00f2 sperimentare anche raccontando una storia a un gruppo di amici.<\/p>\n\n\n\n<p><strong>Autocoscienza privata<\/strong><\/p>\n\n\n\n<p>Questo tipo di consapevolezza si verifica quando le persone diventano consapevoli di alcuni aspetti di s\u00e9, ma solo in modo privato. Ad esempio, vedere il proprio volto allo specchio \u00e8 un tipo di autocoscienza privata.<\/p>\n\n\n\n<p><strong>Esempi di autocoscienza privata<\/strong><\/p>\n\n\n\n<p>Anche il senso di sprofondamento nello stomaco quando ci si accorge di aver dimenticato di studiare per un esame importante o la sensazione di palpitazione nel cuore quando si vede una persona che ci piace sono esempi di autocoscienza privata.<\/p>\n\n\n\n<p><strong>Presentazione self-awareness &#8211; <a href=\"http:\/\/ceevet.eu\/italian\/wp-content\/uploads\/2024\/01\/Presentazione-self-awareness.pdf\" data-type=\"URL\" data-id=\"http:\/\/ceevet.eu\/italian\/wp-content\/uploads\/2024\/01\/Presentazione-self-awareness.pdf\" target=\"_blank\" rel=\"noreferrer noopener\">Scarica qui<\/a><\/strong><\/p>\n\n\n\n<p><strong>Presentazione confidence and effectiveness &#8211; <a href=\"http:\/\/ceevet.eu\/italian\/wp-content\/uploads\/2024\/01\/Presentazione-confidence-and-effectiveness.pdf\" data-type=\"URL\" data-id=\"http:\/\/ceevet.eu\/italian\/wp-content\/uploads\/2024\/01\/Presentazione-confidence-and-effectiveness.pdf\" target=\"_blank\" rel=\"noreferrer noopener\">Scarica qui<\/a><\/strong><\/p>\n\n\n\n<p><strong>Gioco di ruolo: PRENDERE DECISIONI ETICHE<\/strong><\/p>\n\n\n\n<p><strong><a href=\"http:\/\/ceevet.eu\/italian\/wp-content\/uploads\/2024\/01\/Role-playing_self-awereness.pdf\" data-type=\"URL\" data-id=\"http:\/\/ceevet.eu\/italian\/wp-content\/uploads\/2024\/01\/Role-playing_self-awereness.pdf\" target=\"_blank\" rel=\"noreferrer noopener\">Role playing_self awereness<\/a><\/strong><\/p>\n\n\n\n<p><strong><a href=\"http:\/\/ceevet.eu\/italian\/wp-content\/uploads\/2024\/01\/role-playing_self-efficacy.pdf\" data-type=\"URL\" data-id=\"http:\/\/ceevet.eu\/italian\/wp-content\/uploads\/2024\/01\/role-playing_self-efficacy.pdf\" target=\"_blank\" rel=\"noreferrer noopener\">Role playing_self efficacy<\/a><\/strong><\/p>\n\n\n\n<p>Esercizio di autoefficacia: <\/p>\n\n\n\n<figure class=\"wp-block-embed is-type-wp-embed is-provider-wordwall wp-block-embed-wordwall\"><div class=\"wp-block-embed__wrapper\">\n<iframe class=\"wp-embedded-content\" sandbox=\"allow-scripts\" security=\"restricted\" title=\"AUTOEFFICACIA\" src=\"https:\/\/wordwall.net\/it\/embed\/30693df93ab743c59e299e5928be2f0a?themeId=0&#038;ref=oembed#?secret=EjQYPmXtSc\" data-secret=\"EjQYPmXtSc\" width=\"500\" height=\"380\" frameborder=\"0\"><\/iframe>\n<\/div><\/figure>\n\n\n\n<p>Video sull&#8217;autoefficacia: https:\/\/www.youtube.com\/watch?v=xF60mBAkjcc<\/p>\n\n\n\n<div style=\"height:10px\" aria-hidden=\"true\" class=\"wp-block-spacer\"><\/div>\n\n\n\n<p>Autoconsapevolezza &#8211; esercizio: <a rel=\"noreferrer noopener\" href=\"https:\/\/wordwall.net\/resource\/63849759\" target=\"_blank\">https:\/\/wordwall.net\/resource\/63849759<\/a><\/p>\n\n\n\n<p>Autoconsapevolezza &#8211; video: <a href=\"https:\/\/www.youtube.com\/watch?v=WmxZS4Cl5Mk\" target=\"_blank\" rel=\"noreferrer noopener\">h<\/a><a href=\"https:\/\/www.youtube.com\/watch?v=WmxZS4Cl5Mk\">ttps:\/\/www.youtube.com\/watch?v=WmxZS4Cl5Mk<\/a><\/p>\n\n\n\n<div style=\"height:20px\" aria-hidden=\"true\" class=\"wp-block-spacer\"><\/div>\n\n\n\n<p>MATERIALI Autoconsapevolezza:<\/p>\n\n\n\n<p><a href=\"https:\/\/www.proprofs.com\/quiz-school\/story.php?title=how-selfaware-are-you\">https:\/\/www.proprofs.com\/quiz-school\/story.php?title=how-selfaware-are-you<\/a><\/p>\n\n\n\n<figure class=\"wp-block-embed is-type-video is-provider-youtube wp-block-embed-youtube wp-embed-aspect-16-9 wp-has-aspect-ratio\"><div class=\"wp-block-embed__wrapper\">\n<iframe loading=\"lazy\" title=\"What is Self-Awareness + 5 reasons it&#039;s important\" width=\"680\" height=\"383\" src=\"https:\/\/www.youtube.com\/embed\/k-J2Tcqhde0?feature=oembed\" frameborder=\"0\" allow=\"accelerometer; autoplay; clipboard-write; encrypted-media; gyroscope; picture-in-picture; web-share\" allowfullscreen><\/iframe>\n<\/div><\/figure>\n\n\n\n<div style=\"height:20px\" aria-hidden=\"true\" class=\"wp-block-spacer\"><\/div>\n\n\n\n<figure class=\"wp-block-embed is-type-video is-provider-youtube wp-block-embed-youtube wp-embed-aspect-16-9 wp-has-aspect-ratio\"><div class=\"wp-block-embed__wrapper\">\n<iframe loading=\"lazy\" title=\"Self Awareness - Know Yourself\" width=\"680\" height=\"383\" src=\"https:\/\/www.youtube.com\/embed\/52S2r_7354U?feature=oembed\" frameborder=\"0\" allow=\"accelerometer; autoplay; clipboard-write; encrypted-media; gyroscope; picture-in-picture; web-share\" allowfullscreen><\/iframe>\n<\/div><\/figure>\n\n\n\n<div style=\"height:20px\" aria-hidden=\"true\" class=\"wp-block-spacer\"><\/div>\n\n\n\n<p><a href=\"http:\/\/ceevet.eu\/italian\/wp-content\/uploads\/2024\/01\/Autoconsapevolezza-Puzzle.pdf\" data-type=\"URL\" data-id=\"http:\/\/ceevet.eu\/italian\/wp-content\/uploads\/2024\/01\/Autoconsapevolezza-Puzzle.pdf\" target=\"_blank\" rel=\"noreferrer noopener\">Puzzle Autoconsapevolezza<\/a><\/p>\n\n\n\n<p><a href=\"https:\/\/www.rickhanson.net\/being-well-podcast-discovering-your-emotional-intelligence-with-daniel-goleman\/\">Being Well Podcast: Discovering Your Emotional Intelligence with Daniel Goleman &#8211; Dr. Rick Hanson<\/a><\/p>\n\n\n\n<div style=\"height:30px\" aria-hidden=\"true\" class=\"wp-block-spacer\"><\/div>\n\n\n\n<p><strong>MATERIALI autoefficacia:<\/strong><\/p>\n\n\n\n<p><a href=\"https:\/\/positivepsychology.com\/self-efficacy-scales\/\">https:\/\/positivepsychology.com\/self-efficacy-scales\/<\/a><\/p>\n\n\n\n<div style=\"height:30px\" aria-hidden=\"true\" class=\"wp-block-spacer\"><\/div>\n\n\n\n<p><strong>LIBRI<\/strong><\/p>\n\n\n\n<p>Bandura, a.:&nbsp; \u200b\u200bSelf-efficacy: exercising control<\/p>\n\n\n\n<p>Commons, M. L. and Richards, F. a.: \u201cSelf-awareness: Its nature and development\u201d<\/p>\n\n\n\n<p>Schunk, D. H., and Zimmerman, B. J.: \u00abThe Power of Self-Efficacy: Implications for Teaching and Learning.\u00bb<\/p>\n\n\n\n<p>Schwarzer, R.: \u00abSelf-efficacy: control of thoughts over actions\u00bb<\/p>\n\n\n\n<p>Goleman, D.: \u00abEmotional intelligence: why it may matter more than IQ\u00bb<\/p>\n\n\n\n<p>Conklin, T.D. and Lunenburg, F.C.: \u201cSelf-Government and Leadership Development\u201d<\/p>\n\n\n\n<div style=\"height:30px\" aria-hidden=\"true\" class=\"wp-block-spacer\"><\/div>\n\n\n\n<p><strong>LINK AL SITO WEB<\/strong><\/p>\n\n\n\n<p><a href=\"https:\/\/www.entrepreneur.com\/\"><strong>Entrepreneur<\/strong><\/a>\u00a0<br><a href=\"https:\/\/hbr.org\/topic\/leadership\"><strong>Harvard Business Review \u2013 Leadership and People Management<\/strong><\/a>\u00a0<br><a href=\"https:\/\/ssir.org\/\"><strong>Stanford Social Innovation Review<\/strong><\/a>\u00a0<br><a href=\"https:\/\/www.forbes.com\/leadership\/\"><strong>Forbes Leadership<\/strong><\/a>\u00a0\u00a0<br><a href=\"https:\/\/www.inc.com\/leadership\"><strong>Inc.\u00a0Leadership<\/strong><\/a>\u00a0<br><a href=\"https:\/\/www.ted.com\/topics\/leadership\"><strong>TED Talks \u2013 Leadership<\/strong><\/a>\u00a0<br><a href=\"https:\/\/sloanreview.mit.edu\/topic\/leadership\/\"><strong>MIT Sloan Management Review \u2013 Leadership<\/strong><\/a>\u00a0<br><a href=\"https:\/\/www.hbs.edu\/leadership\/\"><strong>Harvard Business School \u2013 Leadership and Values<\/strong><\/a>\u00a0<br><a href=\"https:\/\/www.businessnewsdaily.com\/leadership\"><strong>Business News Daily \u2013 Leadership<\/strong><\/a><\/p>\n","protected":false},"excerpt":{"rendered":"<p>INTRODUZIONE AUTOEFFICACIA L&#8217;autoefficacia \u00e8 la convinzione di una persona di essere in grado di portare a termine un compito o di raggiungere un obiettivo. Comprende la fiducia in se stessi e la capacit\u00e0 di controllare il proprio comportamento, influenzare l&#8217;ambiente e rimanere motivati nel perseguire un obiettivo. Le persone possono avere autoefficacia in diverse situazioni [&hellip;]<\/p>\n","protected":false},"author":1,"featured_media":0,"parent":0,"menu_order":0,"comment_status":"closed","ping_status":"closed","template":"template-full-width.php","meta":[],"_links":{"self":[{"href":"https:\/\/ceevet.eu\/italian\/wp-json\/wp\/v2\/pages\/81"}],"collection":[{"href":"https:\/\/ceevet.eu\/italian\/wp-json\/wp\/v2\/pages"}],"about":[{"href":"https:\/\/ceevet.eu\/italian\/wp-json\/wp\/v2\/types\/page"}],"author":[{"embeddable":true,"href":"https:\/\/ceevet.eu\/italian\/wp-json\/wp\/v2\/users\/1"}],"replies":[{"embeddable":true,"href":"https:\/\/ceevet.eu\/italian\/wp-json\/wp\/v2\/comments?post=81"}],"version-history":[{"count":5,"href":"https:\/\/ceevet.eu\/italian\/wp-json\/wp\/v2\/pages\/81\/revisions"}],"predecessor-version":[{"id":217,"href":"https:\/\/ceevet.eu\/italian\/wp-json\/wp\/v2\/pages\/81\/revisions\/217"}],"wp:attachment":[{"href":"https:\/\/ceevet.eu\/italian\/wp-json\/wp\/v2\/media?parent=81"}],"curies":[{"name":"wp","href":"https:\/\/api.w.org\/{rel}","templated":true}]}}