{"id":87,"date":"2023-07-05T16:11:11","date_gmt":"2023-07-05T16:11:11","guid":{"rendered":"https:\/\/ceevet.eu\/italian\/?page_id=87"},"modified":"2024-01-05T12:44:21","modified_gmt":"2024-01-05T12:44:21","slug":"giudizio-e-processo-decisionale","status":"publish","type":"page","link":"https:\/\/ceevet.eu\/italian\/giudizio-e-processo-decisionale\/","title":{"rendered":"Giudizio e processo decisionale"},"content":{"rendered":"\n<p><strong>DEFINIZIONE<\/strong><\/p>\n\n\n\n<p>Il giudizio e il processo decisionale si riferiscono ai processi cognitivi e alle competenze impiegate dagli individui, in particolare dagli imprenditori, quando valutano e scelgono tra varie alternative relative a pratiche commerciali sostenibili dal punto di vista ambientale.<br>Ci\u00f2 comprende la capacit\u00e0 di valutare l&#8217;impatto ambientale di diverse scelte, prendere decisioni informate che si allineano con i principi ecologici e navigare in situazioni complesse in cui si intersecano fattori economici, sociali e ambientali.<br>Gli imprenditori \u201cgreen\u201d devono esercitare il giudizio soppesando le potenziali conseguenze delle loro decisioni sulla sostenibilit\u00e0 ambientale. Ci\u00f2 comporta la considerazione di fattori come la conservazione delle risorse, la riduzione dei rifiuti, l&#8217;uso di energia rinnovabile e l&#8217;impronta ecologica complessiva. Il processo decisionale, in questo contesto, implica la selezione di strategie, prodotti o modelli di business che diano priorit\u00e0 alla responsabilit\u00e0 ambientale, pur affrontando la fattibilit\u00e0 economica e le esigenze della societ\u00e0.<br>Il successo del giudizio e del processo decisionale nell&#8217;imprenditoria \u201cgreen\u201d richiede una comprensione olistica dei principi di sostenibilit\u00e0, la consapevolezza delle normative e degli standard ambientali e l&#8217;impegno nel bilanciare le preoccupazioni ecologiche con gli obiettivi aziendali. Gli imprenditori devono considerare l&#8217;impatto a lungo termine delle loro scelte sull&#8217;ambiente, sulla societ\u00e0 e sul successo complessivo e sulla resilienza delle loro imprese \u201cgreen\u201d.<\/p>\n\n\n\n<p><strong>OBIETTIVI<\/strong><\/p>\n\n\n\n<ul>\n<li>Dimostrare la capacit\u00e0 di identificare tutte le opzioni e di confrontarle in termini di costi ed efficacia. Saper leggere le situazioni per affrontarle in caso di necessit\u00e0.<\/li>\n\n\n\n<li>Favorire soluzioni che portino alla promozione sociale e paritaria, al miglioramento delle situazioni e al rispetto reciproco.<\/li>\n<\/ul>\n\n\n\n<p><strong>PADRONANZA DEL GIUDIZIO E DEL PROCESSO DECISIONALE: LA CHIAVE PER SCELTE PI\u00d9 EFFICACI<\/strong><\/p>\n\n\n\n<p><strong>Introduzione<\/strong><br>L&#8217;abilit\u00e0 di giudizio e di decisione \u00e8 come un superpotere che permette di fare scelte intelligenti e ponderate. Consiste nel considerare diverse opzioni, soppesarne i pro e i contro e, infine, prendere una decisione che sia in linea con i propri obiettivi e valori. Sviluppare questa abilit\u00e0 \u00e8 fondamentale per i giovani, perch\u00e9 permette loro di navigare nelle complessit\u00e0 della vita, cogliere le opportunit\u00e0 e plasmare il proprio destino. Imparare a giudicare e a prendere decisioni pu\u00f2 essere entusiasmante e motivante, in quanto consente di fare scelte consapevoli che possono portare al successo e alla realizzazione personale.<br><\/p>\n\n\n\n<ol>\n<li>Comprendere il potere delle scelte: Ogni giorno vi imbattete in innumerevoli scelte, grandi e piccole. Dalla scelta di cosa indossare alla scelta del percorso professionale, ogni decisione modella la vostra vita in qualche modo. Riconoscete che le vostre scelte hanno un immenso potere di influenzare il vostro futuro, la vostra felicit\u00e0 e il vostro benessere generale. Accogliete la motivazione di prendere in mano la vostra vita e di fare scelte in linea con le vostre aspirazioni.<\/li>\n\n\n\n<li>Raccogliere informazioni: Per prendere decisioni valide, avete bisogno di informazioni. Siate curiosi e proattivi nel cercare di conoscere le opzioni a vostra disposizione. Fate ricerche, esplorate e ponete domande. Partecipate a conversazioni con mentori, esperti e persone che hanno vissuto situazioni simili. Pi\u00f9 informazioni avete, meglio sarete attrezzati per esprimere giudizi saggi.<\/li>\n\n\n\n<li>Considerare prospettive diverse: Riconoscete che il vostro giudizio pu\u00f2 essere influenzato da pregiudizi, nozioni preconcette ed esperienze limitate. Motivatevi a uscire dalla vostra zona di comfort e a considerare pi\u00f9 prospettive. Cercate di capire i diversi punti di vista e di immedesimarvi negli altri. Questo amplia la vostra comprensione, vi aiuta a vedere il quadro generale e vi permette di prendere decisioni pi\u00f9 complete.<\/li>\n\n\n\n<li>Soppesare i pro e i contro: mentre valutate le opzioni, riflettete criticamente sui vantaggi e gli svantaggi di ciascuna scelta. Fate un elenco o create una mappa mentale dei potenziali vantaggi e svantaggi. Considerate le conseguenze a breve e a lungo termine. Soppesando i pro e i contro, si acquisisce chiarezza e si prendono decisioni basate sul pensiero razionale piuttosto che sulle emozioni impulsive.<\/li>\n\n\n\n<li>Fidatevi del vostro intuito: Anche se la logica e l&#8217;analisi sono preziose, non trascurate il potere del vostro intuito. A volte, l&#8217;istinto pu\u00f2 fornire intuizioni preziose che la logica da sola non pu\u00f2 cogliere. Coltivate la consapevolezza di voi stessi e imparate a fidarvi del vostro istinto. Motivatevi ad ascoltare la voce interiore, soprattutto quando dovete prendere decisioni complesse per le quali non esiste una risposta chiara.<\/li>\n\n\n\n<li>Abbracciare il rischio e imparare dagli errori: Prendere decisioni comporta spesso un elemento di rischio. Riconoscete che il fallimento fa parte del processo di apprendimento e rappresenta un&#8217;opportunit\u00e0 di crescita. Accettate la motivazione a correre rischi calcolati, perch\u00e9 possono portare a esperienze preziose e a successi inaspettati. Se commettete un errore,imparare da essa, adattarsi e utilizzare queste conoscenze per prendere decisioni migliori in futuro.<\/li>\n<\/ol>\n\n\n\n<p><strong>Conclusione<\/strong><br>Padroneggiare l&#8217;abilit\u00e0 di giudizio e di decisione \u00e8 un viaggio che dura tutta la vita. Comprendendo il potere delle scelte, raccogliendo informazioni, considerando diverse prospettive, soppesando i pro e i contro, fidandovi del vostro intuito e accettando il rischio, diventerete dei decisori sicuri. Questa abilit\u00e0 vi permetter\u00e0 di modellare il vostro percorso, di superare le sfide e di creare una vita appagante e di successo. Rimanete motivati, siate aperti all&#8217;apprendimento e abbracciate il potere trasformativo del giudizio e del processo decisionale.<\/p>\n\n\n\n<div style=\"height:60px\" aria-hidden=\"true\" class=\"wp-block-spacer\"><\/div>\n\n\n\n<p><strong>VIDEO<\/strong><br><\/p>\n\n\n\n<figure class=\"wp-block-embed is-type-video is-provider-youtube wp-block-embed-youtube wp-embed-aspect-16-9 wp-has-aspect-ratio\"><div class=\"wp-block-embed__wrapper\">\n<iframe loading=\"lazy\" title=\"Professional Skills: Judgement and Decision-Making\" width=\"680\" height=\"383\" src=\"https:\/\/www.youtube.com\/embed\/rlLhxa3vzPg?feature=oembed\" frameborder=\"0\" allow=\"accelerometer; autoplay; clipboard-write; encrypted-media; gyroscope; picture-in-picture; web-share\" allowfullscreen><\/iframe>\n<\/div><\/figure>\n\n\n\n<div style=\"height:60px\" aria-hidden=\"true\" class=\"wp-block-spacer\"><\/div>\n\n\n\n<figure class=\"wp-block-embed is-type-video is-provider-youtube wp-block-embed-youtube wp-embed-aspect-16-9 wp-has-aspect-ratio\"><div class=\"wp-block-embed__wrapper\">\n<iframe loading=\"lazy\" title=\"How To Improve Decision Making Skills | Decision Making Process\" width=\"680\" height=\"383\" src=\"https:\/\/www.youtube.com\/embed\/2tCYy66CyuQ?feature=oembed\" frameborder=\"0\" allow=\"accelerometer; autoplay; clipboard-write; encrypted-media; gyroscope; picture-in-picture; web-share\" allowfullscreen><\/iframe>\n<\/div><\/figure>\n\n\n\n<div style=\"height:60px\" aria-hidden=\"true\" class=\"wp-block-spacer\"><\/div>\n\n\n\n<p><strong>GIOCHI<\/strong><br><strong><a rel=\"noreferrer noopener\" href=\"http:\/\/ceevet.eu\/italian\/wp-content\/uploads\/2024\/01\/Alphabet-soup-decision.pdf\" data-type=\"URL\" data-id=\"http:\/\/ceevet.eu\/italian\/wp-content\/uploads\/2024\/01\/Alphabet-soup-decision.pdf\" target=\"_blank\">Alphabet soup: crucipuzzle giudizio e processo decisionale<\/a><br><a rel=\"noreferrer noopener\" href=\"http:\/\/ceevet.eu\/italian\/wp-content\/uploads\/2024\/01\/Short-lecture-Decisions.pdf\" data-type=\"URL\" data-id=\"http:\/\/ceevet.eu\/italian\/wp-content\/uploads\/2024\/01\/Short-lecture-Decisions.pdf\" target=\"_blank\">Short reading: sei domande per migliorare come decidere<\/a><\/strong><\/p>\n\n\n\n<div style=\"height:29px\" aria-hidden=\"true\" class=\"wp-block-spacer\"><\/div>\n\n\n\n<p><strong>ARTICOLI<\/strong><br><strong>Silva, R. and Oliveira C.<\/strong>: \u00ab<a href=\"http:\/\/ceevet.eu\/english\/wp-content\/uploads\/2023\/05\/sustainability-12-04989-v2.pdf\" target=\"_blank\" rel=\"noreferrer noopener\"><em>Behavioural Economics and Circular Economy: A Systematic Review and Future Research Directions<\/em><\/a>\u00ab. Sustainability.<br><strong>Brizga, J. et al.<\/strong>: \u00ab<a href=\"http:\/\/ceevet.eu\/english\/wp-content\/uploads\/2023\/05\/sustainability-10-03671.pdf\" target=\"_blank\" rel=\"noreferrer noopener\"><em>A Framework for Sustainable Decision Making<\/em><\/a>\u00ab. Sustainability.<\/p>\n\n\n\n<div style=\"height:30px\" aria-hidden=\"true\" class=\"wp-block-spacer\"><\/div>\n\n\n\n<p><strong>LIBRI<\/strong><br><strong>Kahneman, D.<\/strong>: <em>\u00abPensare velocemente e lentamente\u00bb<\/em>.<br><strong>Thaler, R. H. e Sunstein, C. R.<\/strong>: <em>\u00abNudge: Migliorare le decisioni su salute, ricchezza e felicit\u00e0\u00bb.<\/em><br><strong>Ariely, D<\/strong>.:<em> \u00abPrevedibilmente irrazionale: Le forze nascoste che modellano le nostre decisioni\u00bb.<\/em><br><strong>Dobelli, R<\/strong>.:<em> \u00abL&#8217;arte di pensare con chiarezza\u00bb.<\/em><br><strong>Heath, C. e Heath, D.<\/strong>:<em> \u00abDecisivo: come fare scelte migliori nella vita e nel lavoro\u00bb.<\/em><\/p>\n\n\n\n<p><strong>LINK AL SITO<\/strong><br><a rel=\"noreferrer noopener\" href=\"https:\/\/www.jstor.org\/journal\/jjudgdecimak\" target=\"_blank\">Journal of Judgment and Decision Making<\/a>.<br><a rel=\"noreferrer noopener\" href=\"https:\/\/behavioralpolicy.org\/\" target=\"_blank\">Behavioral Science &amp; Policy Association<\/a>.<br><a rel=\"noreferrer noopener\" href=\"https:\/\/research.chicagobooth.edu\/cdr\/\" target=\"_blank\">Center for Decision Research at the University of Chicago Booth School of Business<\/a>.<br><a rel=\"noreferrer noopener\" href=\"https:\/\/thedecisionlab.com\/\" target=\"_blank\">The Decision Lab<\/a>.<br><a rel=\"noreferrer noopener\" href=\"https:\/\/www.sjdm.org\/\" target=\"_blank\">Society for Judgment and Decision Making<\/a>.<\/p>\n","protected":false},"excerpt":{"rendered":"<p>DEFINIZIONE Il giudizio e il processo decisionale si riferiscono ai processi cognitivi e alle competenze impiegate dagli individui, in particolare dagli imprenditori, quando valutano e scelgono tra varie alternative relative a pratiche commerciali sostenibili dal punto di vista ambientale.Ci\u00f2 comprende la capacit\u00e0 di valutare l&#8217;impatto ambientale di diverse scelte, prendere decisioni informate che si allineano [&hellip;]<\/p>\n","protected":false},"author":1,"featured_media":0,"parent":0,"menu_order":0,"comment_status":"closed","ping_status":"closed","template":"template-full-width.php","meta":[],"_links":{"self":[{"href":"https:\/\/ceevet.eu\/italian\/wp-json\/wp\/v2\/pages\/87"}],"collection":[{"href":"https:\/\/ceevet.eu\/italian\/wp-json\/wp\/v2\/pages"}],"about":[{"href":"https:\/\/ceevet.eu\/italian\/wp-json\/wp\/v2\/types\/page"}],"author":[{"embeddable":true,"href":"https:\/\/ceevet.eu\/italian\/wp-json\/wp\/v2\/users\/1"}],"replies":[{"embeddable":true,"href":"https:\/\/ceevet.eu\/italian\/wp-json\/wp\/v2\/comments?post=87"}],"version-history":[{"count":5,"href":"https:\/\/ceevet.eu\/italian\/wp-json\/wp\/v2\/pages\/87\/revisions"}],"predecessor-version":[{"id":159,"href":"https:\/\/ceevet.eu\/italian\/wp-json\/wp\/v2\/pages\/87\/revisions\/159"}],"wp:attachment":[{"href":"https:\/\/ceevet.eu\/italian\/wp-json\/wp\/v2\/media?parent=87"}],"curies":[{"name":"wp","href":"https:\/\/api.w.org\/{rel}","templated":true}]}}