{"id":21,"date":"2022-07-05T15:25:41","date_gmt":"2022-07-05T15:25:41","guid":{"rendered":"https:\/\/ceevet.eu\/turkish\/?page_id=21"},"modified":"2022-07-05T15:25:50","modified_gmt":"2022-07-05T15:25:50","slug":"the-project","status":"publish","type":"page","link":"https:\/\/ceevet.eu\/turkish\/the-project\/","title":{"rendered":"The project"},"content":{"rendered":"\n<p>Okuldan profesyonel hayata ge\u00e7i\u015f, hayat\u0131n en zorlu anlar\u0131ndan biridir. Ger\u00e7ek rekabet\u00e7i ve \u00f6ng\u00f6r\u00fclemeyen i\u015f piyasas\u0131, gen\u00e7lerin nitelikli olmas\u0131n\u0131, ayn\u0131 zamanda \u00e7a\u011fda\u015f ve gelecekteki toplumsal sorunlara uyum sa\u011flayabilmesini gerektirir. Bug\u00fcn, Avrupa Birli\u011fi&#8217;nde \u00e7al\u0131\u015fanlar\u0131n yakla\u015f\u0131k %40&#8217;\u0131 atipik bir i\u015fte (tam zamanl\u0131 olmayan, a\u00e7\u0131k u\u00e7lu bir s\u00f6zle\u015fmeyle \u00e7al\u0131\u015fm\u0131yor) veya serbest \u00e7al\u0131\u015f\u0131yor.<\/p>\n\n\n\n<p>Konsorsiyum, proje faaliyetlerini do\u011frudan \u00e7\u0131raklar\u0131n\/ME\u00d6 \u00f6\u011frencilerinin ve gelecekteki i\u015fverenlerinin ihtiya\u00e7lar\u0131na uygun hale getirmek i\u00e7in \u00fclkelerindeki Mesleki E\u011fitim ve \u00d6\u011fretim sa\u011flay\u0131c\u0131lar\u0131 ve i\u015fverenler aras\u0131nda k\u0131sa bir ara\u015ft\u0131rma y\u00fcr\u00fctm\u00fc\u015ft\u00fcr. Ara\u015ft\u0131rma sonucunda \u015funlar\u0131n fark\u0131na var\u0131lm\u0131\u015ft\u0131r:<\/p>\n\n\n\n<ul><li>ME\u00d6 sa\u011flay\u0131c\u0131lar\u0131n\u0131n, yumu\u015fak\/geni\u015f \u00e7apraz becerilere y\u00f6nelik artan talep de dahil olmak \u00fczere, i\u015fg\u00fcc\u00fc piyasas\u0131n\u0131n beklentilerine daha duyarl\u0131 olmalar\u0131 gerekti\u011fi.<\/li><li>S\u00fcrd\u00fcr\u00fclebilir bir \u015fekilde kaynaklar\u0131n daha az kullan\u0131lmas\u0131yla yeni bir \u00e7al\u0131\u015fma vizyonunu te\u015fvik eden \u00e7apraz becerilerin geli\u015ftirilmesine ayr\u0131lm\u0131\u015f genel materyal eksikli\u011fi.<\/li><li>ME\u00d6 \u00f6\u011fretmenlerinin \u00f6\u011frencilere iklim de\u011fi\u015fikli\u011fi, s\u00fcrd\u00fcr\u00fclebilirlik veya d\u00f6ng\u00fcsel ekonomi yakla\u015f\u0131m\u0131n\u0131 \u00f6\u011fretmek i\u00e7in zamanlar\u0131 veya yeterlilikleri olmad\u0131\u011f\u0131.<\/li><\/ul>\n\n\n\n<p>Mesleki ve teknik e\u011fitim, bireylere ekonominin hedefleri ve i\u015f d\u00fcnyas\u0131n\u0131n talepleri do\u011frultusunda meslekleri i\u00e7in gerekli beceri, yetenek ve yetkinlikleri kazand\u0131rmal\u0131d\u0131r. Projenin ay\u0131rt edici bir \u00f6zelli\u011fi, ME\u00d6 \u00d6\u011eRENC\u0130LER\u0130NE s\u00fcrd\u00fcr\u00fclebilirlik, d\u00f6ng\u00fcsel ekonomi ve giri\u015fimcilikle ba\u011flant\u0131l\u0131 di\u011fer temel bilgiler hakk\u0131nda yeterli bilgi sunarak, \u00f6zellikle meslekleriyle ba\u011flant\u0131l\u0131 g\u00fcncel sorunlara \u00e7\u00f6z\u00fcm bulma yeteneklerini art\u0131rmaya odaklanmas\u0131d\u0131r.<\/p>\n\n\n\n<p>Bu nedenle projenin ama\u00e7lar\u0131:<\/p>\n\n\n\n<ul><li>\u00d6\u011frencilerin haz\u0131rl\u0131\u011f\u0131n\u0131 art\u0131rmak i\u00e7in ME\u00d6 E\u011e\u0130T\u0130MC\u0130LER\u0130N\u0130N ihtiya\u00e7 duydu\u011fu ger\u00e7ek i\u015fg\u00fcc\u00fc piyasas\u0131n\u0131n ihtiya\u00e7 duydu\u011fu \u00e7apraz, giri\u015fimci ve ye\u015fil becerileri harmanlayan net, kapsaml\u0131 bir beceri \u00e7er\u00e7evesi olu\u015fturmak.<\/li><li>Mesleki geli\u015fim program\u0131 tasarlamak ve ME\u00d6 E\u011e\u0130T\u0130MC\u0130LER\u0130N\u0130N, mesleki e\u011fitim \u00f6\u011frencilerini se\u00e7ilen yeterlilikleri geli\u015ftirmelerini destekleme ve yeteneklerini geli\u015ftirmeye y\u00f6nelik haz\u0131rl\u0131klar\u0131n\u0131 geli\u015ftirmek i\u00e7in test etmek.<\/li><li>OER taraf\u0131ndan olu\u015fturulan CE-E VET k\u00fct\u00fcphanesini ve ME\u00d6 e\u011fitimcilerinin ME\u00d6 \u00f6\u011frencilerinde istihdam edilebilirlik becerilerini geli\u015ftirmek i\u00e7in kullanabilecekleri kullan\u0131ma haz\u0131r materyalleri olu\u015fturmak.<\/li><\/ul>\n\n\n\n<p>Proje, ME\u00d6 sistemini yenilik yapmaya ve daha s\u00fcrd\u00fcr\u00fclebilir ve iklim de\u011fi\u015fikli\u011fine dayan\u0131kl\u0131 i\u015fg\u00fcc\u00fcne do\u011fru ilerlemeye te\u015fvik etmek i\u00e7in tabandan bir giri\u015fim sunuyor. AB&#8217;nin daha az geli\u015fmi\u015f b\u00f6lgelerinden (RO, PL, TR), Portekiz&#8217;den 1 HEI(y\u00fcksek\u00f6\u011fretim), beceri geli\u015ftirme ve istihdam edilebilirlik konusunda uzmanla\u015fm\u0131\u015f 1 \u0130talyan STK&#8217;si ve 3 Mesleki E\u011fitim ve \u00d6\u011fretim okulunun ve 1 i\u015fletmenin kat\u0131l\u0131m\u0131 ortak sorunlar\u0131 \u00e7\u00f6zmek i\u00e7in pratik \u00e7\u00f6z\u00fcmler sunma yolunda iyi bir ba\u015flang\u0131\u00e7t\u0131r.<\/p>\n\n\n\n<p>Halen e\u011fitim veya \u00f6\u011fretimde olan gen\u00e7ler, serbest mesle\u011fin gelecekteki kariyerleri olarak uygun olup olmad\u0131\u011f\u0131na karar vermek i\u00e7in gerekli bilgi, deneyim veya becerileri hen\u00fcz edinmemi\u015flerdir. Ekonomi, i\u015f planlamas\u0131, finansal y\u00f6netim vb. \u00fczerine odaklanan d\u00fczenli giri\u015fimcilik kurslar\u0131n\u0131n yan\u0131 s\u0131ra, bu gen\u00e7lerin \u00e7apraz becerilerini geli\u015ftirmeleri, yarat\u0131c\u0131l\u0131\u011f\u0131, yenilik\u00e7ili\u011fi, tak\u0131m halinde \u00e7al\u0131\u015fma becerisini veya ileti\u015fim becerilerini geli\u015ftirmeleri \u00e7ok \u00f6nemlidir. \u00d6zellikle T\u00fcrkiye\u2019de veya koordinat\u00f6r okulda oldu\u011fu gibi k\u0131r\u0131lgan alt yap\u0131ya sahip \u00f6\u011frenciler i\u00e7in bu proje gereklidir. Bu projeye kat\u0131larak, ortaklar onlara kendilerini geli\u015ftirmeleri ve ba\u015far\u0131l\u0131 olmalar\u0131 i\u00e7in yeni bir f\u0131rsat sunacakt\u0131r.<\/p>\n","protected":false},"excerpt":{"rendered":"<p>Okuldan profesyonel hayata ge\u00e7i\u015f, hayat\u0131n en zorlu anlar\u0131ndan biridir. Ger\u00e7ek rekabet\u00e7i ve \u00f6ng\u00f6r\u00fclemeyen i\u015f piyasas\u0131, gen\u00e7lerin nitelikli olmas\u0131n\u0131, ayn\u0131 zamanda \u00e7a\u011fda\u015f ve gelecekteki toplumsal sorunlara uyum sa\u011flayabilmesini gerektirir. Bug\u00fcn, Avrupa Birli\u011fi&#8217;nde \u00e7al\u0131\u015fanlar\u0131n yakla\u015f\u0131k %40&#8217;\u0131 atipik bir i\u015fte (tam zamanl\u0131 olmayan, a\u00e7\u0131k u\u00e7lu bir s\u00f6zle\u015fmeyle \u00e7al\u0131\u015fm\u0131yor) veya serbest \u00e7al\u0131\u015f\u0131yor. Konsorsiyum, proje faaliyetlerini do\u011frudan \u00e7\u0131raklar\u0131n\/ME\u00d6 \u00f6\u011frencilerinin ve [&hellip;]<\/p>\n","protected":false},"author":2,"featured_media":0,"parent":0,"menu_order":0,"comment_status":"closed","ping_status":"closed","template":"template-full-width.php","meta":{"footnotes":""},"_links":{"self":[{"href":"https:\/\/ceevet.eu\/turkish\/wp-json\/wp\/v2\/pages\/21"}],"collection":[{"href":"https:\/\/ceevet.eu\/turkish\/wp-json\/wp\/v2\/pages"}],"about":[{"href":"https:\/\/ceevet.eu\/turkish\/wp-json\/wp\/v2\/types\/page"}],"author":[{"embeddable":true,"href":"https:\/\/ceevet.eu\/turkish\/wp-json\/wp\/v2\/users\/2"}],"replies":[{"embeddable":true,"href":"https:\/\/ceevet.eu\/turkish\/wp-json\/wp\/v2\/comments?post=21"}],"version-history":[{"count":1,"href":"https:\/\/ceevet.eu\/turkish\/wp-json\/wp\/v2\/pages\/21\/revisions"}],"predecessor-version":[{"id":22,"href":"https:\/\/ceevet.eu\/turkish\/wp-json\/wp\/v2\/pages\/21\/revisions\/22"}],"wp:attachment":[{"href":"https:\/\/ceevet.eu\/turkish\/wp-json\/wp\/v2\/media?parent=21"}],"curies":[{"name":"wp","href":"https:\/\/api.w.org\/{rel}","templated":true}]}}