{"id":23,"date":"2022-07-05T15:26:50","date_gmt":"2022-07-05T15:26:50","guid":{"rendered":"https:\/\/ceevet.eu\/turkish\/?page_id=23"},"modified":"2022-07-05T15:26:50","modified_gmt":"2022-07-05T15:26:50","slug":"the-activities","status":"publish","type":"page","link":"https:\/\/ceevet.eu\/turkish\/the-activities\/","title":{"rendered":"The activities"},"content":{"rendered":"\n<p>Projemiz, mesleki e\u011fitim ve \u00f6\u011fretim \u00f6\u011frencilerinin ki\u015fisel geli\u015fimlerini ele alan, \u00f6zellikle topluma kat\u0131l\u0131m ve i\u015fg\u00fcc\u00fc piyasas\u0131na katk\u0131da bulunma motivasyonlar\u0131n\u0131 olu\u015fturmaya; \u00e7al\u0131\u015fan, giri\u015fimci veya vatanda\u015f olarak g\u00fcvenlerini art\u0131rmaya ve giri\u015fimcili\u011fi bir aktivat\u00f6r olarak kullan\u0131p e\u011fitimciler ve toplumla temasa ge\u00e7mek i\u00e7in ilgi ve B\u0130T tabanl\u0131 stratejiler kullanarak istihdam edilebilirlik becerilerini geli\u015ftirmeye odaklanan bir program \u00f6nermektedir.&nbsp;<\/p>\n\n\n\n<p>E\u011fitime ve projeye kat\u0131lan personel, \u201ckat\u0131l\u0131m yoluyla \u00f6\u011frenme\u201d metodolojisini izleyecektir; bu, onlar\u0131 s\u00fcrd\u00fcr\u00fclebilir, i\u015fbirlik\u00e7i ve projenin sadece teorik k\u0131sm\u0131nda de\u011fil pratikte de uyumlu hale getirmeyi ama\u00e7lad\u0131\u011f\u0131m\u0131z anlam\u0131na gelir. Bundan sonra akl\u0131m\u0131zdakileri projeye aktarabilece\u011fiz.<\/p>\n\n\n\n<p>Ayr\u0131ca proje tamamland\u0131ktan sonra b\u00f6lgesel\/ulusal d\u00fczeyde uygulamas\u0131n\u0131 s\u00fcrd\u00fcr\u00fclebilir k\u0131lmak i\u00e7in proje \u00e7\u0131kt\u0131lar\u0131n\u0131n uygulanmas\u0131n\u0131n \u00f6\u011frenenler \u00fczerindeki etkisini de izleyeceklerdir. E\u011fitim, ortaklara ortak bir dil ve en \u00f6nemlisi proje boyunca temel olarak kullanacaklar\u0131 ko\u00e7luk\/ment\u00f6rl\u00fck becerilerini hizalama ve olu\u015fturma \u015fans\u0131 sunacakt\u0131r. E\u011fitim, gen\u00e7lik \u00e7al\u0131\u015fanlar\u0131n\u0131n ve e\u011fitmenlerin, dijital yerlilerin daha geni\u015f dijital ya\u015fam becerilerinde uzmanla\u015fmalar\u0131 hususunda onlar\u0131 ki\u015fisel geli\u015fim programlar\u0131nda desteklemek i\u00e7in gerekli bilgileri almalar\u0131n\u0131 sa\u011flayacakt\u0131r.<\/p>\n\n\n\n<p>K\u0131sa personel e\u011fitimi, R3&#8217;\u00fc olu\u015fturacak ve test edecek ortaklar\u0131n e\u011fitimcilerine adanm\u0131\u015ft\u0131r. C1 kat\u0131l\u0131mc\u0131lar\u0131, haz\u0131rlanan \u00fcr\u00fcnlerin yayg\u0131nla\u015ft\u0131r\u0131lmas\u0131n\u0131 ve erken transferini sa\u011flamak i\u00e7in ortaklar\u0131n kurumlar\u0131ndan veya ortaklar\u0131n kilit yerel payda\u015flar\u0131ndan gelen 18 mesleki e\u011fitim e\u011fitimcisi olacakt\u0131r. \u00d6\u011frenme program\u0131, genel e\u011fitim kalitesine kar\u015f\u0131 \u00f6nyarg\u0131s\u0131z ve hedef grubun \u00f6\u011frenme ihtiya\u00e7lar\u0131na uyarlanabilir olacak \u015fekilde tasarlanacakt\u0131r. Hareketlili\u011fin dili, faaliyetin kendisinin uluslararas\u0131 do\u011fas\u0131na uygun olarak \u0130ngilizce olacakt\u0131r.<\/p>\n","protected":false},"excerpt":{"rendered":"<p>Projemiz, mesleki e\u011fitim ve \u00f6\u011fretim \u00f6\u011frencilerinin ki\u015fisel geli\u015fimlerini ele alan, \u00f6zellikle topluma kat\u0131l\u0131m ve i\u015fg\u00fcc\u00fc piyasas\u0131na katk\u0131da bulunma motivasyonlar\u0131n\u0131 olu\u015fturmaya; \u00e7al\u0131\u015fan, giri\u015fimci veya vatanda\u015f olarak g\u00fcvenlerini art\u0131rmaya ve giri\u015fimcili\u011fi bir aktivat\u00f6r olarak kullan\u0131p e\u011fitimciler ve toplumla temasa ge\u00e7mek i\u00e7in ilgi ve B\u0130T tabanl\u0131 stratejiler kullanarak istihdam edilebilirlik becerilerini geli\u015ftirmeye odaklanan bir program \u00f6nermektedir.&nbsp; E\u011fitime ve [&hellip;]<\/p>\n","protected":false},"author":2,"featured_media":0,"parent":0,"menu_order":0,"comment_status":"closed","ping_status":"closed","template":"template-full-width.php","meta":{"footnotes":""},"_links":{"self":[{"href":"https:\/\/ceevet.eu\/turkish\/wp-json\/wp\/v2\/pages\/23"}],"collection":[{"href":"https:\/\/ceevet.eu\/turkish\/wp-json\/wp\/v2\/pages"}],"about":[{"href":"https:\/\/ceevet.eu\/turkish\/wp-json\/wp\/v2\/types\/page"}],"author":[{"embeddable":true,"href":"https:\/\/ceevet.eu\/turkish\/wp-json\/wp\/v2\/users\/2"}],"replies":[{"embeddable":true,"href":"https:\/\/ceevet.eu\/turkish\/wp-json\/wp\/v2\/comments?post=23"}],"version-history":[{"count":1,"href":"https:\/\/ceevet.eu\/turkish\/wp-json\/wp\/v2\/pages\/23\/revisions"}],"predecessor-version":[{"id":24,"href":"https:\/\/ceevet.eu\/turkish\/wp-json\/wp\/v2\/pages\/23\/revisions\/24"}],"wp:attachment":[{"href":"https:\/\/ceevet.eu\/turkish\/wp-json\/wp\/v2\/media?parent=23"}],"curies":[{"name":"wp","href":"https:\/\/api.w.org\/{rel}","templated":true}]}}