{"id":27,"date":"2022-07-05T15:36:49","date_gmt":"2022-07-05T15:36:49","guid":{"rendered":"https:\/\/ceevet.eu\/turkish\/?page_id=27"},"modified":"2022-07-05T16:20:08","modified_gmt":"2022-07-05T16:20:08","slug":"the-partners","status":"publish","type":"page","link":"https:\/\/ceevet.eu\/turkish\/the-partners\/","title":{"rendered":"The partners"},"content":{"rendered":"\n<p><strong>KOORD\u0130NAT\u00d6R<\/strong><\/p>\n\n\n\n<figure class=\"wp-block-image size-full is-resized\"><img loading=\"lazy\" decoding=\"async\" src=\"http:\/\/ceevet.eu\/turkish\/wp-content\/uploads\/2022\/07\/romanialogo.png\" alt=\"\" class=\"wp-image-33\" width=\"204\" height=\"178\"\/><\/figure>\n\n\n\n<p>Lise, 1926&#8217;dan beri bir gelene\u011fe sahip olan \u00abGheorghe Marzescu\u00bb Ia\u015fi Ortaokulu ile 1973 y\u0131l\u0131nda kurulan Elektronik ve Telekom\u00fcnikasyon Teknik Koleji&#8217;nin toplam 667 \u00f6\u011frencisi ve 80 \u00e7al\u0131\u015fan\u0131 ile birle\u015ftirilmesiyle 2013 y\u0131l\u0131nda kurulmu\u015ftur.<\/p>\n\n\n\n<p>Okulumuz 2 ana binadan olu\u015fmaktad\u0131r: A Binas\u0131-lise ve B Binas\u0131-ilkokul ve ortaokul seviyeleri. Okul, i\u015f\u00e7i s\u0131n\u0131f\u0131 bir mahallede yer almaktad\u0131r.<\/p>\n\n\n\n<p>Okulumuzdaki \u00f6\u011frenciler maddi durumu zor olan ailelerden gelmekte, bir\u00e7o\u011fu k\u0131rsal kesimden gelmektedir ve ilkokul ve ortaokulda %30 Roman \u00f6\u011frenci, %25&#8217;i SEN olan ve kayna\u015ft\u0131rma e\u011fitimine dahil olan \u00f6\u011frenciler bulunmaktad\u0131r.<\/p>\n\n\n\n<p>\u015eehrimiz olan IASI&#8217;de mesleki ve teknik e\u011fitim gelene\u011fine sahip bir okuluz. Okul, 1973 y\u0131l\u0131nda \u00abTehnoton\u00bb fabrikas\u0131n\u0131n himayesinde faaliyete ge\u00e7ti.<br><\/p>\n\n\n\n<p><strong>ORTAKLAR<\/strong><\/p>\n\n\n\n<figure class=\"wp-block-image size-full is-resized\"><img loading=\"lazy\" decoding=\"async\" src=\"http:\/\/ceevet.eu\/turkish\/wp-content\/uploads\/2022\/07\/framework-logo.png\" alt=\"\" class=\"wp-image-10\" width=\"210\" height=\"36\"\/><\/figure>\n\n\n\n<p>FRAMEWORK, hem \u00f6rg\u00fcn hem de yayg\u0131n e\u011fitim tekniklerini ve y\u00f6ntemlerini kullanarak yeti\u015fkin e\u011fitimi, Gen\u00e7lik, Mesleki E\u011fitim ve \u00d6\u011fretim alanlar\u0131nda faaliyet g\u00f6steren, kar amac\u0131 g\u00fctmeyen bir \u0130talyan sivil toplum kurulu\u015fudur\u00e7<\/p>\n\n\n\n<p>Derne\u011fin misyonu, daha geni\u015f ve daha g\u00fc\u00e7l\u00fc istihdam edilebilirlik becerilerine, dijital yeterliliklere ve genel olarak mesleki ve ya\u015fam planlar\u0131na ula\u015fmak i\u00e7in daha iyi becerilere ihtiya\u00e7 duyan t\u00fcm vatanda\u015flar i\u00e7in ya\u015fam boyu \u00f6\u011frenme ve mesleki geli\u015fim f\u0131rsatlar\u0131n\u0131 te\u015fvik etmektir. \u00d6zellikle 3 temel ilke taraf\u0131ndan y\u00f6nlendiriliyoruz: i\u00e7erme, g\u00fc\u00e7lendirme ve s\u00fcrd\u00fcr\u00fclebilirlik. Bu unsurlar yapt\u0131\u011f\u0131m\u0131z her \u015feyde mevcuttur ve hedeflere ula\u015fmak i\u00e7in do\u011fru f\u0131rsatlar\u0131 sunmam\u0131z\u0131 ve onlar\u0131n becerilerini ve topluma kat\u0131lma yeteneklerini art\u0131rmalar\u0131n\u0131 sa\u011flamam\u0131z\u0131n anahtar\u0131d\u0131r.<br><\/p>\n\n\n\n<figure class=\"wp-block-image size-full is-resized\"><img loading=\"lazy\" decoding=\"async\" src=\"http:\/\/ceevet.eu\/turkish\/wp-content\/uploads\/2022\/07\/polishlogo.png\" alt=\"\" class=\"wp-image-13\" width=\"206\" height=\"192\" srcset=\"https:\/\/ceevet.eu\/turkish\/wp-content\/uploads\/2022\/07\/polishlogo.png 347w, https:\/\/ceevet.eu\/turkish\/wp-content\/uploads\/2022\/07\/polishlogo-300x280.png 300w\" sizes=\"(max-width: 206px) 100vw, 206px\" \/><\/figure>\n\n\n\n<p><strong>Bran\u017cowa Szko\u0142a I Stopnia Stowarzyszenia \u00abEdukacja-M\u0142odzie\u017c\u00bb w Pleszewie.<\/strong> Okulumuz, 2005 y\u0131l\u0131nda kamu kurumu d\u0131\u015f\u0131nda okul kurma hakk\u0131ndan yola \u00e7\u0131k\u0131larak kuruldu. Okulumuzda bina tesisat\u00e7\u0131s\u0131 ve ince i\u015fler ustas\u0131, marangoz, a\u015f\u00e7\u0131, pastac\u0131, kuaf\u00f6r olmak i\u00e7in e\u011fitim alan 120 \u00f6\u011frenci bulunmaktad\u0131r. \u00d6\u011frencilerimiz 14-18 ya\u015flar\u0131ndad\u0131r. 28 \u00f6\u011fretmen ve 3 idari personelimiz var. Amac\u0131m\u0131z, marjinalle\u015fme veya sosyal d\u0131\u015flanma riski alt\u0131ndaki gen\u00e7lere yard\u0131m etmek, yeni nitelikler edinme dahil olmak \u00fczere sosyal ve profesyonel kat\u0131l\u0131m\u0131n\u0131 iyile\u015ftirmek, bilgi teknolojisi kullan\u0131m\u0131nda e\u011fitim becerilerini de aktif hale getirmek, \u00f6z sayg\u0131 ve sorumluluk duygusunu y\u00fckselterek \u00f6\u011frenme ve i\u015f arama motivasyonunu art\u0131rmakt\u0131r.<br><\/p>\n\n\n\n<figure class=\"wp-block-image size-large is-resized\"><img loading=\"lazy\" decoding=\"async\" src=\"http:\/\/ceevet.eu\/turkish\/wp-content\/uploads\/2022\/07\/santarem-logo-1024x293.png\" alt=\"\" class=\"wp-image-14\" width=\"237\" height=\"68\" srcset=\"https:\/\/ceevet.eu\/turkish\/wp-content\/uploads\/2022\/07\/santarem-logo-1024x293.png 1024w, https:\/\/ceevet.eu\/turkish\/wp-content\/uploads\/2022\/07\/santarem-logo-300x86.png 300w, https:\/\/ceevet.eu\/turkish\/wp-content\/uploads\/2022\/07\/santarem-logo-768x220.png 768w, https:\/\/ceevet.eu\/turkish\/wp-content\/uploads\/2022\/07\/santarem-logo-1536x440.png 1536w, https:\/\/ceevet.eu\/turkish\/wp-content\/uploads\/2022\/07\/santarem-logo.png 2048w\" sizes=\"(max-width: 237px) 100vw, 237px\" \/><\/figure>\n\n\n\n<p>Santar\u00e9m Politeknik Enstit\u00fcs\u00fc (IPSantar\u00e9m), y\u00fcksek \u00f6\u011frenim ve uygulamal\u0131 ara\u015ft\u0131rma alanlar\u0131nda 35 y\u0131ldan fazla deneyime sahip, halka a\u00e7\u0131k bir Portekiz Y\u00fcksek \u00d6\u011frenim Kurumudur. IPSantar\u00e9m ayr\u0131ca ya\u015fam boyu bir e\u011fitim program\u0131 ve uluslararas\u0131 bir \u00f6\u011frenci ve personel de\u011fi\u015fim program\u0131 geli\u015ftirmektedir. Farkl\u0131 uzmanl\u0131k alanlar\u0131ndaki \u00e7e\u015fitli ara\u015ft\u0131rma merkezleriyle ba\u011flant\u0131l\u0131d\u0131r ve b\u00f6lgesel toplulukla g\u00fc\u00e7l\u00fc bir ba\u011flant\u0131s\u0131 vard\u0131r.<br><\/p>\n\n\n\n<figure class=\"wp-block-image size-full is-resized\"><img loading=\"lazy\" decoding=\"async\" src=\"http:\/\/ceevet.eu\/turkish\/wp-content\/uploads\/2022\/07\/aegare-logo.png\" alt=\"\" class=\"wp-image-6\" width=\"212\" height=\"70\" srcset=\"https:\/\/ceevet.eu\/turkish\/wp-content\/uploads\/2022\/07\/aegare-logo.png 509w, https:\/\/ceevet.eu\/turkish\/wp-content\/uploads\/2022\/07\/aegare-logo-300x100.png 300w\" sizes=\"(max-width: 212px) 100vw, 212px\" \/><\/figure>\n\n\n\n<p>AEGARE, farkl\u0131 giri\u015fimcilik projelerinin desteklendi\u011fi Gali\u00e7ya, Madrid, Aragon ve di\u011fer \u00f6zerk topluluklardan yat\u0131r\u0131mc\u0131lar veya patronlar ile b\u00f6lgeler \u00fcst\u00fc bir Business Angels Network(\u0130\u015f Melekleri A\u011f\u0131) kurmu\u015ftur. Bu giri\u015fim, giri\u015fimcileri ve yat\u0131r\u0131mc\u0131lar\u0131 bilgilendirmeyi ve \u00e7ekmeyi ama\u00e7layan farkl\u0131 ve tamamlay\u0131c\u0131 faaliyetlerin uygulanmas\u0131 yoluyla giri\u015fimcili\u011fi ve yat\u0131r\u0131m\u0131 art\u0131rmay\u0131 ama\u00e7lamaktad\u0131r.<br><\/p>\n\n\n\n<figure class=\"wp-block-image size-full is-resized\"><img loading=\"lazy\" decoding=\"async\" src=\"http:\/\/ceevet.eu\/turkish\/wp-content\/uploads\/2022\/07\/Euliya-Celebi-logo.png\" alt=\"\" class=\"wp-image-9\" width=\"168\" height=\"138\" srcset=\"https:\/\/ceevet.eu\/turkish\/wp-content\/uploads\/2022\/07\/Euliya-Celebi-logo.png 498w, https:\/\/ceevet.eu\/turkish\/wp-content\/uploads\/2022\/07\/Euliya-Celebi-logo-300x245.png 300w\" sizes=\"(max-width: 168px) 100vw, 168px\" \/><\/figure>\n\n\n\n<p>Evliya \u00c7elebi Mesleki ve Teknik Anadolu Lisesi, \u00f6\u011frencileri otelcilik, restoran ve seyahat acentelerinde \u00e7e\u015fitli pozisyonlara haz\u0131rlamak i\u00e7in mesleki e\u011fitim programlar\u0131 sunan bir devlet okuludur. 27 \u00f6\u011fretmen ve 6 idari personel ile mesleki e\u011fitim veriyoruz. 14-19 ya\u015f aras\u0131 440 \u00f6\u011frenci bulunmaktad\u0131r.<\/p>\n\n\n\n<p>Okul, Konaklama, Yiyecek-\u0130\u00e7ecek ve \u0130ngilizce, Rus\u00e7a ve Almanca gibi Yabanc\u0131 Dillerde e\u011fitim hizmeti vermektedir.<\/p>\n\n\n\n<p>E\u011fitim mutfa\u011f\u0131, restoran ve uygulama oteli kullan\u0131m\u0131 \u00f6\u011frencilere mesleki beceriler kazand\u0131rmaktad\u0131r. Ayr\u0131ca yaz e\u011fitimi, \u00f6\u011frencilere i\u015fba\u015f\u0131 e\u011fitimi ve yerle\u015ftirme sonras\u0131 e\u011fitim sa\u011flar.<\/p>\n","protected":false},"excerpt":{"rendered":"<p>KOORD\u0130NAT\u00d6R Lise, 1926&#8217;dan beri bir gelene\u011fe sahip olan \u00abGheorghe Marzescu\u00bb Ia\u015fi Ortaokulu ile 1973 y\u0131l\u0131nda kurulan Elektronik ve Telekom\u00fcnikasyon Teknik Koleji&#8217;nin toplam 667 \u00f6\u011frencisi ve 80 \u00e7al\u0131\u015fan\u0131 ile birle\u015ftirilmesiyle 2013 y\u0131l\u0131nda kurulmu\u015ftur. Okulumuz 2 ana binadan olu\u015fmaktad\u0131r: A Binas\u0131-lise ve B Binas\u0131-ilkokul ve ortaokul seviyeleri. Okul, i\u015f\u00e7i s\u0131n\u0131f\u0131 bir mahallede yer almaktad\u0131r. Okulumuzdaki \u00f6\u011frenciler maddi [&hellip;]<\/p>\n","protected":false},"author":2,"featured_media":0,"parent":0,"menu_order":0,"comment_status":"closed","ping_status":"closed","template":"template-full-width.php","meta":{"footnotes":""},"_links":{"self":[{"href":"https:\/\/ceevet.eu\/turkish\/wp-json\/wp\/v2\/pages\/27"}],"collection":[{"href":"https:\/\/ceevet.eu\/turkish\/wp-json\/wp\/v2\/pages"}],"about":[{"href":"https:\/\/ceevet.eu\/turkish\/wp-json\/wp\/v2\/types\/page"}],"author":[{"embeddable":true,"href":"https:\/\/ceevet.eu\/turkish\/wp-json\/wp\/v2\/users\/2"}],"replies":[{"embeddable":true,"href":"https:\/\/ceevet.eu\/turkish\/wp-json\/wp\/v2\/comments?post=27"}],"version-history":[{"count":2,"href":"https:\/\/ceevet.eu\/turkish\/wp-json\/wp\/v2\/pages\/27\/revisions"}],"predecessor-version":[{"id":34,"href":"https:\/\/ceevet.eu\/turkish\/wp-json\/wp\/v2\/pages\/27\/revisions\/34"}],"wp:attachment":[{"href":"https:\/\/ceevet.eu\/turkish\/wp-json\/wp\/v2\/media?parent=27"}],"curies":[{"name":"wp","href":"https:\/\/api.w.org\/{rel}","templated":true}]}}