{"id":56,"date":"2023-07-05T06:13:03","date_gmt":"2023-07-05T06:13:03","guid":{"rendered":"https:\/\/ceevet.eu\/turkish\/?page_id=56"},"modified":"2023-07-05T06:28:59","modified_gmt":"2023-07-05T06:28:59","slug":"kutuphane","status":"publish","type":"page","link":"https:\/\/ceevet.eu\/turkish\/kutuphane\/","title":{"rendered":"K\u00dcT\u00dcPHANE"},"content":{"rendered":"\n<div class=\"wp-block-columns is-layout-flex wp-container-core-columns-layout-1 wp-block-columns-is-layout-flex\">\n<div class=\"wp-block-column is-layout-flow wp-block-column-is-layout-flow\">\n<figure class=\"wp-block-image size-full\"><a href=\"https:\/\/ceevet.eu\/turkish\/iletisim\/\"><img loading=\"lazy\" decoding=\"async\" width=\"1024\" height=\"683\" src=\"http:\/\/ceevet.eu\/turkish\/wp-content\/uploads\/2023\/07\/communication-1024x683-1.jpg\" alt=\"\" class=\"wp-image-44\" srcset=\"https:\/\/ceevet.eu\/turkish\/wp-content\/uploads\/2023\/07\/communication-1024x683-1.jpg 1024w, https:\/\/ceevet.eu\/turkish\/wp-content\/uploads\/2023\/07\/communication-1024x683-1-300x200.jpg 300w, https:\/\/ceevet.eu\/turkish\/wp-content\/uploads\/2023\/07\/communication-1024x683-1-768x512.jpg 768w\" sizes=\"(max-width: 1024px) 100vw, 1024px\" \/><\/a><figcaption class=\"wp-element-caption\"><em><a href=\"https:\/\/ceevet.eu\/turkish\/iletisim\/\">\u0130leti\u015fim.<\/a><\/em><\/figcaption><\/figure>\n<\/div>\n\n\n\n<div class=\"wp-block-column is-layout-flow wp-block-column-is-layout-flow\">\n<figure class=\"wp-block-image size-full\"><a href=\"https:\/\/ceevet.eu\/turkish\/kritik-dusunce\/\"><img loading=\"lazy\" decoding=\"async\" width=\"1024\" height=\"683\" src=\"http:\/\/ceevet.eu\/turkish\/wp-content\/uploads\/2023\/07\/critical-thinking-1024x683-1.jpg\" alt=\"\" class=\"wp-image-45\" srcset=\"https:\/\/ceevet.eu\/turkish\/wp-content\/uploads\/2023\/07\/critical-thinking-1024x683-1.jpg 1024w, https:\/\/ceevet.eu\/turkish\/wp-content\/uploads\/2023\/07\/critical-thinking-1024x683-1-300x200.jpg 300w, https:\/\/ceevet.eu\/turkish\/wp-content\/uploads\/2023\/07\/critical-thinking-1024x683-1-768x512.jpg 768w\" sizes=\"(max-width: 1024px) 100vw, 1024px\" \/><\/a><figcaption class=\"wp-element-caption\"><em><a href=\"https:\/\/ceevet.eu\/turkish\/kritik-dusunce\/\">Kritik d\u00fc\u015f\u00fcnce.<\/a><\/em><\/figcaption><\/figure>\n<\/div>\n\n\n\n<div class=\"wp-block-column is-layout-flow wp-block-column-is-layout-flow\">\n<figure class=\"wp-block-image size-full\"><a href=\"https:\/\/ceevet.eu\/turkish\/etik-ve-surdurulebilir-dusunce\/\"><img loading=\"lazy\" decoding=\"async\" width=\"1024\" height=\"683\" src=\"http:\/\/ceevet.eu\/turkish\/wp-content\/uploads\/2023\/07\/ethical-thinking-1024x683-1.jpg\" alt=\"\" class=\"wp-image-49\" srcset=\"https:\/\/ceevet.eu\/turkish\/wp-content\/uploads\/2023\/07\/ethical-thinking-1024x683-1.jpg 1024w, https:\/\/ceevet.eu\/turkish\/wp-content\/uploads\/2023\/07\/ethical-thinking-1024x683-1-300x200.jpg 300w, https:\/\/ceevet.eu\/turkish\/wp-content\/uploads\/2023\/07\/ethical-thinking-1024x683-1-768x512.jpg 768w\" sizes=\"(max-width: 1024px) 100vw, 1024px\" \/><\/a><figcaption class=\"wp-element-caption\"><em><a href=\"https:\/\/ceevet.eu\/turkish\/etik-ve-surdurulebilir-dusunce\/\">Etik ve s\u00fcrd\u00fcr\u00fclebilir d\u00fc\u015f\u00fcnce.<\/a><\/em><\/figcaption><\/figure>\n<\/div>\n<\/div>\n\n\n\n<div class=\"wp-block-columns is-layout-flex wp-container-core-columns-layout-2 wp-block-columns-is-layout-flex\">\n<div class=\"wp-block-column is-layout-flow wp-block-column-is-layout-flow\">\n<figure class=\"wp-block-image size-full\"><a href=\"https:\/\/ceevet.eu\/turkish\/finansal-ve-ekonomik-okuryazarlik\/\"><img loading=\"lazy\" decoding=\"async\" width=\"1024\" height=\"683\" src=\"http:\/\/ceevet.eu\/turkish\/wp-content\/uploads\/2023\/07\/financial-literacy-1024x683-1.jpg\" alt=\"\" class=\"wp-image-50\" srcset=\"https:\/\/ceevet.eu\/turkish\/wp-content\/uploads\/2023\/07\/financial-literacy-1024x683-1.jpg 1024w, https:\/\/ceevet.eu\/turkish\/wp-content\/uploads\/2023\/07\/financial-literacy-1024x683-1-300x200.jpg 300w, https:\/\/ceevet.eu\/turkish\/wp-content\/uploads\/2023\/07\/financial-literacy-1024x683-1-768x512.jpg 768w\" sizes=\"(max-width: 1024px) 100vw, 1024px\" \/><\/a><figcaption class=\"wp-element-caption\"><em><a href=\"https:\/\/ceevet.eu\/turkish\/finansal-ve-ekonomik-okuryazarlik\/\">Finansal ve ekonomik okuryazarl\u0131k.<\/a><\/em><\/figcaption><\/figure>\n<\/div>\n\n\n\n<div class=\"wp-block-column is-layout-flow wp-block-column-is-layout-flow\">\n<figure class=\"wp-block-image size-full\"><a href=\"https:\/\/ceevet.eu\/turkish\/girisim-girisimcilik-ve-ic-girisimcilik\/\"><img loading=\"lazy\" decoding=\"async\" width=\"1024\" height=\"683\" src=\"http:\/\/ceevet.eu\/turkish\/wp-content\/uploads\/2023\/07\/entrepreneurship-1024x683-1.jpg\" alt=\"\" class=\"wp-image-48\" srcset=\"https:\/\/ceevet.eu\/turkish\/wp-content\/uploads\/2023\/07\/entrepreneurship-1024x683-1.jpg 1024w, https:\/\/ceevet.eu\/turkish\/wp-content\/uploads\/2023\/07\/entrepreneurship-1024x683-1-300x200.jpg 300w, https:\/\/ceevet.eu\/turkish\/wp-content\/uploads\/2023\/07\/entrepreneurship-1024x683-1-768x512.jpg 768w\" sizes=\"(max-width: 1024px) 100vw, 1024px\" \/><\/a><figcaption class=\"wp-element-caption\"><em><a href=\"https:\/\/ceevet.eu\/turkish\/girisim-girisimcilik-ve-ic-girisimcilik\/\">Giri\u015fim, Giri\u015fimcilik ve \u0130\u00e7 Giri\u015fimcilik.<\/a><\/em><\/figcaption><\/figure>\n<\/div>\n\n\n\n<div class=\"wp-block-column is-layout-flow wp-block-column-is-layout-flow\">\n<figure class=\"wp-block-image size-full\"><a href=\"https:\/\/ceevet.eu\/turkish\/dijital-teknolojiler-araciligiyla-etkilesim-ve-iletisim\/\"><img loading=\"lazy\" decoding=\"async\" width=\"1024\" height=\"683\" src=\"http:\/\/ceevet.eu\/turkish\/wp-content\/uploads\/2023\/07\/technologies-1024x683-1.jpg\" alt=\"\" class=\"wp-image-54\" srcset=\"https:\/\/ceevet.eu\/turkish\/wp-content\/uploads\/2023\/07\/technologies-1024x683-1.jpg 1024w, https:\/\/ceevet.eu\/turkish\/wp-content\/uploads\/2023\/07\/technologies-1024x683-1-300x200.jpg 300w, https:\/\/ceevet.eu\/turkish\/wp-content\/uploads\/2023\/07\/technologies-1024x683-1-768x512.jpg 768w\" sizes=\"(max-width: 1024px) 100vw, 1024px\" \/><\/a><figcaption class=\"wp-element-caption\"><em><a href=\"https:\/\/ceevet.eu\/turkish\/dijital-teknolojiler-araciligiyla-etkilesim-ve-iletisim\/\">Dijital teknolojiler arac\u0131l\u0131\u011f\u0131yla etkile\u015fim ve ileti\u015fim.<\/a><\/em><\/figcaption><\/figure>\n<\/div>\n<\/div>\n\n\n\n<div class=\"wp-block-columns is-layout-flex wp-container-core-columns-layout-3 wp-block-columns-is-layout-flex\">\n<div class=\"wp-block-column is-layout-flow wp-block-column-is-layout-flow\">\n<figure class=\"wp-block-image size-full\"><a href=\"https:\/\/ceevet.eu\/turkish\/problem-cozme\/\"><img loading=\"lazy\" decoding=\"async\" width=\"1024\" height=\"683\" src=\"http:\/\/ceevet.eu\/turkish\/wp-content\/uploads\/2023\/07\/problem-solving-1024x683-1.jpg\" alt=\"\" class=\"wp-image-51\" srcset=\"https:\/\/ceevet.eu\/turkish\/wp-content\/uploads\/2023\/07\/problem-solving-1024x683-1.jpg 1024w, https:\/\/ceevet.eu\/turkish\/wp-content\/uploads\/2023\/07\/problem-solving-1024x683-1-300x200.jpg 300w, https:\/\/ceevet.eu\/turkish\/wp-content\/uploads\/2023\/07\/problem-solving-1024x683-1-768x512.jpg 768w\" sizes=\"(max-width: 1024px) 100vw, 1024px\" \/><\/a><figcaption class=\"wp-element-caption\"><em><a href=\"https:\/\/ceevet.eu\/turkish\/problem-cozme\/\">Problem \u00e7\u00f6zme.<\/a><\/em><\/figcaption><\/figure>\n<\/div>\n\n\n\n<div class=\"wp-block-column is-layout-flow wp-block-column-is-layout-flow\">\n<figure class=\"wp-block-image size-full\"><a href=\"https:\/\/ceevet.eu\/turkish\/oz-farkindalik-ve-oz-yeterlilik\/\"><img loading=\"lazy\" decoding=\"async\" width=\"1024\" height=\"683\" src=\"http:\/\/ceevet.eu\/turkish\/wp-content\/uploads\/2023\/07\/self-awareness-1024x683-1.jpg\" alt=\"\" class=\"wp-image-52\" srcset=\"https:\/\/ceevet.eu\/turkish\/wp-content\/uploads\/2023\/07\/self-awareness-1024x683-1.jpg 1024w, https:\/\/ceevet.eu\/turkish\/wp-content\/uploads\/2023\/07\/self-awareness-1024x683-1-300x200.jpg 300w, https:\/\/ceevet.eu\/turkish\/wp-content\/uploads\/2023\/07\/self-awareness-1024x683-1-768x512.jpg 768w\" sizes=\"(max-width: 1024px) 100vw, 1024px\" \/><\/a><figcaption class=\"wp-element-caption\"><em><a href=\"https:\/\/ceevet.eu\/turkish\/oz-farkindalik-ve-oz-yeterlilik\/\">\u00d6z-fark\u0131ndal\u0131k ve \u00f6z yeterlilik.<\/a><\/em><\/figcaption><\/figure>\n<\/div>\n\n\n\n<div class=\"wp-block-column is-layout-flow wp-block-column-is-layout-flow\">\n<figure class=\"wp-block-image size-full\"><a href=\"https:\/\/ceevet.eu\/turkish\/takim-calismasi\/\"><img loading=\"lazy\" decoding=\"async\" width=\"1024\" height=\"683\" src=\"http:\/\/ceevet.eu\/turkish\/wp-content\/uploads\/2023\/07\/teamwork-1024x683-1.jpg\" alt=\"\" class=\"wp-image-53\" srcset=\"https:\/\/ceevet.eu\/turkish\/wp-content\/uploads\/2023\/07\/teamwork-1024x683-1.jpg 1024w, https:\/\/ceevet.eu\/turkish\/wp-content\/uploads\/2023\/07\/teamwork-1024x683-1-300x200.jpg 300w, https:\/\/ceevet.eu\/turkish\/wp-content\/uploads\/2023\/07\/teamwork-1024x683-1-768x512.jpg 768w\" sizes=\"(max-width: 1024px) 100vw, 1024px\" \/><\/a><figcaption class=\"wp-element-caption\"><em><a href=\"https:\/\/ceevet.eu\/turkish\/takim-calismasi\/\">Tak\u0131m \u00e7al\u0131\u015fmas\u0131.<\/a><\/em><\/figcaption><\/figure>\n<\/div>\n<\/div>\n\n\n\n<div class=\"wp-block-columns is-layout-flex wp-container-core-columns-layout-4 wp-block-columns-is-layout-flex\">\n<div class=\"wp-block-column is-layout-flow wp-block-column-is-layout-flow\"><div class=\"wp-block-image\">\n<figure class=\"aligncenter size-full is-resized\"><a href=\"https:\/\/ceevet.eu\/turkish\/verileri-bilgileri-ve-dijital-icerigi-yonetme\/\"><img loading=\"lazy\" decoding=\"async\" src=\"http:\/\/ceevet.eu\/turkish\/wp-content\/uploads\/2023\/07\/data-1024x683-1.jpg\" alt=\"\" class=\"wp-image-46\" width=\"349\" height=\"233\" srcset=\"https:\/\/ceevet.eu\/turkish\/wp-content\/uploads\/2023\/07\/data-1024x683-1.jpg 1024w, https:\/\/ceevet.eu\/turkish\/wp-content\/uploads\/2023\/07\/data-1024x683-1-300x200.jpg 300w, https:\/\/ceevet.eu\/turkish\/wp-content\/uploads\/2023\/07\/data-1024x683-1-768x512.jpg 768w\" sizes=\"(max-width: 349px) 100vw, 349px\" \/><\/a><figcaption class=\"wp-element-caption\"><em><a href=\"https:\/\/ceevet.eu\/turkish\/verileri-bilgileri-ve-dijital-icerigi-yonetme\/\">Verileri, bilgileri ve dijital i\u00e7eri\u011fi y\u00f6netme.<\/a><\/em><\/figcaption><\/figure><\/div><\/div>\n\n\n\n<div class=\"wp-block-column is-layout-flow wp-block-column-is-layout-flow\"><div class=\"wp-block-image\">\n<figure class=\"aligncenter size-full is-resized\"><a href=\"https:\/\/ceevet.eu\/turkish\/yargilama-ve-karar-verme\/\"><img loading=\"lazy\" decoding=\"async\" src=\"http:\/\/ceevet.eu\/turkish\/wp-content\/uploads\/2023\/07\/decision-making1.jpg\" alt=\"\" class=\"wp-image-47\" width=\"344\" height=\"230\" srcset=\"https:\/\/ceevet.eu\/turkish\/wp-content\/uploads\/2023\/07\/decision-making1.jpg 1024w, https:\/\/ceevet.eu\/turkish\/wp-content\/uploads\/2023\/07\/decision-making1-300x200.jpg 300w, https:\/\/ceevet.eu\/turkish\/wp-content\/uploads\/2023\/07\/decision-making1-768x512.jpg 768w\" sizes=\"(max-width: 344px) 100vw, 344px\" \/><\/a><figcaption class=\"wp-element-caption\"><em><a href=\"https:\/\/ceevet.eu\/turkish\/yargilama-ve-karar-verme\/\">Yarg\u0131lama ve Karar Verme.<\/a><\/em><\/figcaption><\/figure><\/div><\/div>\n<\/div>\n","protected":false},"excerpt":{"rendered":"","protected":false},"author":1,"featured_media":0,"parent":0,"menu_order":0,"comment_status":"closed","ping_status":"closed","template":"template-full-width.php","meta":{"footnotes":""},"_links":{"self":[{"href":"https:\/\/ceevet.eu\/turkish\/wp-json\/wp\/v2\/pages\/56"}],"collection":[{"href":"https:\/\/ceevet.eu\/turkish\/wp-json\/wp\/v2\/pages"}],"about":[{"href":"https:\/\/ceevet.eu\/turkish\/wp-json\/wp\/v2\/types\/page"}],"author":[{"embeddable":true,"href":"https:\/\/ceevet.eu\/turkish\/wp-json\/wp\/v2\/users\/1"}],"replies":[{"embeddable":true,"href":"https:\/\/ceevet.eu\/turkish\/wp-json\/wp\/v2\/comments?post=56"}],"version-history":[{"count":13,"href":"https:\/\/ceevet.eu\/turkish\/wp-json\/wp\/v2\/pages\/56\/revisions"}],"predecessor-version":[{"id":93,"href":"https:\/\/ceevet.eu\/turkish\/wp-json\/wp\/v2\/pages\/56\/revisions\/93"}],"wp:attachment":[{"href":"https:\/\/ceevet.eu\/turkish\/wp-json\/wp\/v2\/media?parent=56"}],"curies":[{"name":"wp","href":"https:\/\/api.w.org\/{rel}","templated":true}]}}