{"id":70,"date":"2023-07-05T06:21:31","date_gmt":"2023-07-05T06:21:31","guid":{"rendered":"https:\/\/ceevet.eu\/turkish\/?page_id=70"},"modified":"2023-09-11T20:09:51","modified_gmt":"2023-09-11T20:09:51","slug":"etik-ve-surdurulebilir-dusunce","status":"publish","type":"page","link":"https:\/\/ceevet.eu\/turkish\/etik-ve-surdurulebilir-dusunce\/","title":{"rendered":"Etik ve s\u00fcrd\u00fcr\u00fclebilir d\u00fc\u015f\u00fcnce"},"content":{"rendered":"<p>Etik ve s\u00fcrd\u00fcr\u00fclebilir d\u00fc\u015f\u00fcnme<\/p>\n<p><strong>G\u0130R\u0130\u015e<\/strong><\/p>\n<p>Etik ve s\u00fcrd\u00fcr\u00fclebilir d\u00fc\u015f\u00fcnme, eylemlerin, kararlar\u0131n ve davran\u0131\u015flar\u0131n etik etkilerini ve uzun vadeli s\u00fcrd\u00fcr\u00fclebilirli\u011fini g\u00f6z \u00f6n\u00fcnde bulunduran bir zihniyet ve yakla\u015f\u0131m\u0131 ifade eder. Se\u00e7im yaparken veya herhangi bir faaliyette bulunurken insanlar, gezegen ve gelecek nesiller \u00fczerindeki etkiyi dikkate almay\u0131 i\u00e7erir.<\/p>\n<p>S\u00fcrd\u00fcr\u00fclebilir ve etik d\u00fc\u015f\u00fcnce, Avrupa Birli\u011fi&#8217;nin S\u00fcrd\u00fcr\u00fclebilir Kalk\u0131nma Hedeflerine (SKH&#8217;ler) ula\u015fma yakla\u015f\u0131m\u0131nda \u00e7ok \u00f6nemli bir rol oynamaktad\u0131r.<\/p>\n<p><strong>Etik ve s\u00fcrd\u00fcr\u00fclebilir d\u00fc\u015f\u00fcnce profesyonel ya\u015famlar\u0131m\u0131zda bize nas\u0131l yard\u0131mc\u0131 olabilir?<\/strong><\/p>\n<p>Etik ve s\u00fcrd\u00fcr\u00fclebilir d\u00fc\u015f\u00fcnmenin profesyonel hayat\u0131m\u0131zda \u00f6nemli faydalar\u0131 olabilir:<\/p>\n<p><strong>De\u011ferler Uyumu: <\/strong>Etik ve s\u00fcrd\u00fcr\u00fclebilir d\u00fc\u015f\u00fcnme, gen\u00e7 profesyonellerin ki\u015fisel de\u011ferlerini i\u015fleriyle uyumlu hale getirmelerine yard\u0131mc\u0131 olur. Bireyler etik inan\u00e7lar\u0131yla tutarl\u0131 ve s\u00fcrd\u00fcr\u00fclebilirli\u011fi destekleyen \u00e7al\u0131\u015fmalara kat\u0131ld\u0131klar\u0131nda, daha b\u00fcy\u00fck bir ama\u00e7 ve tatmin duygusu ya\u015farlar. Bu uyum, i\u015f memnuniyetinin ve motivasyonunun artmas\u0131na neden olabilir.<\/p>\n<p><strong>Rekabet Avantaj\u0131: <\/strong>\u0130\u015fverenler etik ve s\u00fcrd\u00fcr\u00fclebilir uygulamalara giderek daha fazla de\u011fer vermektedir. Etik davran\u0131\u015f ve s\u00fcrd\u00fcr\u00fclebilirli\u011fe ba\u011fl\u0131l\u0131k g\u00f6stererek, gen\u00e7 profesyoneller i\u015f piyasas\u0131nda kendilerini farkl\u0131la\u015ft\u0131rabilirler. Kurumsal sosyal sorumluluk ve s\u00fcrd\u00fcr\u00fclebilir i\u015f uygulamalar\u0131na \u00f6ncelik veren i\u015fverenler i\u00e7in daha cazip hale gelirler.<\/p>\n<p><strong>\u0130novasyon ve Problem \u00c7\u00f6zme: <\/strong>Etik ve s\u00fcrd\u00fcr\u00fclebilir d\u00fc\u015f\u00fcnme, problem \u00e7\u00f6zmede yarat\u0131c\u0131 ve yenilik\u00e7i yakla\u015f\u0131mlar\u0131 te\u015fvik eder. Bu ilkeleri benimseyen profesyonellerin ele\u015ftirel d\u00fc\u015f\u00fcnme, geleneksel uygulamalara meydan okuma ve karma\u015f\u0131k zorluklara s\u00fcrd\u00fcr\u00fclebilir \u00e7\u00f6z\u00fcmler belirleme olas\u0131l\u0131klar\u0131 daha y\u00fcksektir. Bu zihniyet profesyonel b\u00fcy\u00fcme ve ilerleme f\u0131rsatlar\u0131na yol a\u00e7abilir.<\/p>\n<p><strong>\u0130\u015fbirli\u011fi ve A\u011f Olu\u015fturma: <\/strong>Etik ve s\u00fcrd\u00fcr\u00fclebilir d\u00fc\u015f\u00fcnme, benzer d\u00fc\u015f\u00fcnen bireyler aras\u0131nda i\u015fbirli\u011fini ve a\u011f olu\u015fturmay\u0131 te\u015fvik eder. Bu ilkelere ba\u011fl\u0131 olan profesyoneller, de\u011ferlerini payla\u015fan di\u011fer ki\u015filerle ba\u011flant\u0131 kurabilir ve projeler, bilgi payla\u015f\u0131m\u0131 ve kariyer geli\u015ftirme f\u0131rsatlar\u0131 \u00fczerinde i\u015fbirli\u011fine izin verebilir. Etik ve s\u00fcrd\u00fcr\u00fclebilirli\u011fe \u00f6ncelik veren bireylerden olu\u015fan bir a\u011f olu\u015fturmak, \u00e7e\u015fitli profesyonel ba\u011flamlarda faydal\u0131 olabilir.<\/p>\n<p><strong>Uzun Vadeli Kariyer Beklentileri: Toplumlar ve <\/strong>\u00a0end\u00fcstriler s\u00fcrd\u00fcr\u00fclebilirli\u011fe giderek daha fazla \u00f6ncelik verdik\u00e7e, etik ve s\u00fcrd\u00fcr\u00fclebilir uygulamalarda uzmanl\u0131\u011fa sahip profesyoneller y\u00fcksek talep g\u00f6rmektedir. Bu alanlarda yetkinlikler ve bilgiler geli\u015ftirerek, gen\u00e7 profesyoneller uzun vadeli kariyer beklentilerini art\u0131rabilirler. S\u00fcrd\u00fcr\u00fclebilirlik odakl\u0131 end\u00fcstrilerde roller \u00fcstlenebilir, sorumlu i\u015f uygulamalar\u0131na adanm\u0131\u015f kurulu\u015flar i\u00e7in \u00e7al\u0131\u015fabilir ve hatta politika ve d\u00fczenlemelerin \u015fekillendirilmesine katk\u0131da bulunabilirler.<\/p>\n<p><strong>Ki\u015fisel Geli\u015fim ve Yerine Getirme: <\/strong>Etik ve s\u00fcrd\u00fcr\u00fclebilir d\u00fc\u015f\u00fcnceye kat\u0131lmak, insanlar\u0131n \u00e7al\u0131\u015fmalar\u0131nda ve toplum ve \u00e7evre \u00fczerindeki etkisinde daha geni\u015f bir bak\u0131\u015f a\u00e7\u0131s\u0131 geli\u015ftirmelerini sa\u011flar. Bu zihniyet ki\u015fisel geli\u015fimi, empatiyi ve sorumluluk duygusunu te\u015fvik eder. Gen\u00e7 profesyonellerin se\u00e7tikleri kariyerlerinde genel refaha ve yerine getirilmesine katk\u0131da bulunabilir.<\/p>\n<p><strong>SUNUM<\/strong><\/p>\n<p><a href=\"http:\/\/ceevet.eu\/english\/wp-content\/uploads\/2023\/07\/Ethical-and-Sustainable-Thinking.pptx\"><strong>http:\/\/ceevet.eu\/english\/wp-content\/uploads\/2023\/07\/Ethical-and-Sustainable-Thinking.pptx<\/strong><\/a><\/p>\n<p><strong>ROL YAPMA: ETIK KARAR VERME<\/strong><\/p>\n<p>Rol yapma, bireylerin bir konuyu \u00e7e\u015fitli \u015fekillerde daha iyi anlamalar\u0131na yard\u0131mc\u0131 olan g\u00fc\u00e7l\u00fc ve etkili bir \u00f6\u011frenme arac\u0131 olabilir. Aktif kat\u0131l\u0131m\u0131, empatiyi, ele\u015ftirel d\u00fc\u015f\u00fcnmeyi, ileti\u015fimi ve bilginin pratik uygulamas\u0131n\u0131 te\u015fvik eder. Rol yapma yoluyla konular\u0131 ke\u015ffederek, \u00f6\u011frenciler anlay\u0131\u015flar\u0131n\u0131 derinle\u015ftirebilir ve teorik bilginin \u00f6tesine ge\u00e7en daha geni\u015f bir beceri yelpazesi geli\u015ftirebilirler.<\/p>\n<p><strong>ETK\u0130NL\u0130K BA\u011eLANTISI:<\/strong><\/p>\n<p><a href=\"http:\/\/ceevet.eu\/english\/wp-content\/uploads\/2023\/07\/ROLE-PLAY-ETHICAL-DECISION-MAKING.pdf\"><strong>http:\/\/ceevet.eu\/english\/wp-content\/uploads\/2023\/07\/ROLE-PLAY-ETHICAL-DECISION-MAKING.pdf<\/strong><\/a><\/p>\n<p><strong>V\u0130DEO<\/strong><\/p>\n<p><a href=\"https:\/\/youtu.be\/ZiB-5rKFC0U\"><strong>Etik ve S\u00fcrd\u00fcr\u00fclebilir D\u00fc\u015f\u00fcnme<\/strong><\/a><\/p>\n<ol start=\"4\">\n<li><a href=\"https:\/\/www.youtube.com\/watch?v=jPU8AkhqPnY\"><strong> Etik ve S\u00fcrd\u00fcr\u00fclebilir D\u00fc\u015f\u00fcnme \u2013 eSMART Projesi (PR2)<\/strong><\/a><\/li>\n<\/ol>\n<p><strong>\u00a0<\/strong><\/p>\n<p><strong>ARTICLES<\/strong><br \/>\nE3S Web of Conferences: \u00ab<a href=\"http:\/\/ceevet.eu\/english\/wp-content\/uploads\/2023\/05\/e3sconf_sdgg2021_05012.pdf\"><strong><em>Development of university students ethical and sustainable thinking for the implementation of sustainable development goals<\/em><\/strong><\/a>\u00ab.<br \/>\nP.L.Kunsch, P.L., Theys, M., Brans J.P.: \u00ab<a href=\"http:\/\/ceevet.eu\/english\/wp-content\/uploads\/2023\/05\/The_importance_of_systems_thinking_in_et.pdf\"><strong>T<em>he importance of systems thinking in ethical and sustainable decision-making<\/em><\/strong><\/a>\u00ab.<br \/>\nVesala-Varttala, T. et al.:\u00bb<a href=\"http:\/\/ceevet.eu\/english\/wp-content\/uploads\/2023\/05\/Haaga-Helia_Sustainability_Competence_Ethical_Thinking_Chocolate.pdf\"><strong><em>Fostering Sustainability Competencies and Ethical Thinking in Higher Education: Case Sustainable Chocolate<\/em><\/strong><\/a>\u00ab.<\/p>\n<p><strong>BOOKS<\/strong><br \/>\nElliot, H.: \u00ab<em>Ethics for a Finite World: An Essay Concerning a Sustainable Future<\/em>\u00ab.<br \/>\nWaddock, S.: \u00ab<em>Sustainable Values, Sustainable Change: A Guide to Environmental Decision Making<\/em>\u00ab.<br \/>\nFerrell, O. C. et al.: \u00ab<em>Business Ethics: Ethical Decision Making and Cases<\/em>\u00ab.<br \/>\nKopnina, H., Blewitt, J.: \u00ab<em>Sustainable Business: Key Issues<\/em>\u00ab.<br \/>\nKline, J. M.: \u00ab<em>Ethics for International Business: Decision-Making in a Global Political Economy<\/em>\u00ab.<\/p>\n<p><strong>WEB SITES<br \/>\n<\/strong><a href=\"https:\/\/www.ethicaltrade.org\/\"><strong>Ethical Trading Initiative<\/strong><\/a>. An organization that promotes ethical and sustainable business practices in the global supply chain. Provides information and resources on ethics in business and commerce.<\/p>\n<p><a href=\"https:\/\/www.unglobalcompact.org\/\"><strong>United Nations Global Compact<\/strong><\/a>. A United Nations initiative that promotes sustainable and ethical business principles. The website offers guides and tools related to ethics and sustainability in business.<\/p>\n<p><a href=\"https:\/\/www.ethicalconsumer.org\/\"><strong>Ethical Consumer<\/strong><\/a>. An online resource that provides information and ethical ratings on a wide range of products and companies. It also offers reports and guides on ethical and sustainable consumption.<\/p>\n<p><a href=\"https:\/\/www.ellenmacarthurfoundation.org\/circular-economy\"><strong>Circular Economy: Ellen MacArthur Foundation<\/strong><\/a>. The Ellen MacArthur Foundation website offers information and resources on the Circular Economy.<\/p>\n<p>&nbsp;<\/p>\n<p>&nbsp;<\/p>\n","protected":false},"excerpt":{"rendered":"<p>Etik ve s\u00fcrd\u00fcr\u00fclebilir d\u00fc\u015f\u00fcnme G\u0130R\u0130\u015e Etik ve s\u00fcrd\u00fcr\u00fclebilir d\u00fc\u015f\u00fcnme, eylemlerin, kararlar\u0131n ve davran\u0131\u015flar\u0131n etik etkilerini ve uzun vadeli s\u00fcrd\u00fcr\u00fclebilirli\u011fini g\u00f6z \u00f6n\u00fcnde bulunduran bir zihniyet ve yakla\u015f\u0131m\u0131 ifade eder. Se\u00e7im yaparken veya herhangi bir faaliyette bulunurken insanlar, gezegen ve gelecek nesiller \u00fczerindeki etkiyi dikkate almay\u0131 i\u00e7erir. S\u00fcrd\u00fcr\u00fclebilir ve etik d\u00fc\u015f\u00fcnce, Avrupa Birli\u011fi&#8217;nin S\u00fcrd\u00fcr\u00fclebilir Kalk\u0131nma Hedeflerine (SKH&#8217;ler) [&hellip;]<\/p>\n","protected":false},"author":1,"featured_media":0,"parent":0,"menu_order":0,"comment_status":"closed","ping_status":"closed","template":"","meta":{"footnotes":""},"_links":{"self":[{"href":"https:\/\/ceevet.eu\/turkish\/wp-json\/wp\/v2\/pages\/70"}],"collection":[{"href":"https:\/\/ceevet.eu\/turkish\/wp-json\/wp\/v2\/pages"}],"about":[{"href":"https:\/\/ceevet.eu\/turkish\/wp-json\/wp\/v2\/types\/page"}],"author":[{"embeddable":true,"href":"https:\/\/ceevet.eu\/turkish\/wp-json\/wp\/v2\/users\/1"}],"replies":[{"embeddable":true,"href":"https:\/\/ceevet.eu\/turkish\/wp-json\/wp\/v2\/comments?post=70"}],"version-history":[{"count":2,"href":"https:\/\/ceevet.eu\/turkish\/wp-json\/wp\/v2\/pages\/70\/revisions"}],"predecessor-version":[{"id":95,"href":"https:\/\/ceevet.eu\/turkish\/wp-json\/wp\/v2\/pages\/70\/revisions\/95"}],"wp:attachment":[{"href":"https:\/\/ceevet.eu\/turkish\/wp-json\/wp\/v2\/media?parent=70"}],"curies":[{"name":"wp","href":"https:\/\/api.w.org\/{rel}","templated":true}]}}