{"id":74,"date":"2023-07-05T06:22:21","date_gmt":"2023-07-05T06:22:21","guid":{"rendered":"https:\/\/ceevet.eu\/turkish\/?page_id=74"},"modified":"2023-09-11T20:13:29","modified_gmt":"2023-09-11T20:13:29","slug":"finansal-ve-ekonomik-okuryazarlik","status":"publish","type":"page","link":"https:\/\/ceevet.eu\/turkish\/finansal-ve-ekonomik-okuryazarlik\/","title":{"rendered":"Finansal ve ekonomik okuryazarl\u0131k"},"content":{"rendered":"<p>Finansal ve ekonomik okuryazarl\u0131k<\/p>\n<p><strong>G\u0130R\u0130\u015e<\/strong><\/p>\n<p>G\u00fcn\u00fcm\u00fcz\u00fcn karma\u015f\u0131k ve birbirine ba\u011fl\u0131 d\u00fcnyas\u0131nda, finansal ve ekonomik okuryazarl\u0131k, ba\u015fta gen\u00e7ler olmak \u00fczere herkes i\u00e7in vazge\u00e7ilmez bir beceri seti olarak ortaya \u00e7\u0131km\u0131\u015ft\u0131r. Yeni nesil liderler, yenilik\u00e7iler ve karar vericiler, gen\u00e7ler dinamik bir k\u00fcresel ekonomide gezinmeli ve ki\u015fisel finansmanlar\u0131, kariyer yollar\u0131 ve giri\u015fimcilik \u00e7abalar\u0131 hakk\u0131nda bilin\u00e7li se\u00e7imler yapmal\u0131d\u0131r. Onlar\u0131 finansal ve ekonomik konular\u0131 anlamak, analiz etmek ve aktif olarak kat\u0131lmak i\u00e7in bilgi ve ara\u00e7larla donatarak, geleceklerini \u015fekillendirmeleri ve toplumlar\u0131n\u0131n ve genel olarak toplumlar\u0131n\u0131n ekonomik b\u00fcy\u00fcmesine ve istikrar\u0131na katk\u0131da bulunmalar\u0131 i\u00e7in onlar\u0131 g\u00fc\u00e7lendirece\u011fiz.<\/p>\n<p><strong>Finansal okuryazarl\u0131k nedir?<\/strong><\/p>\n<p>Finansal okuryazarl\u0131k, \u00e7e\u015fitli finansal \u00fcr\u00fcnlerin bilgi ve anlay\u0131\u015f\u0131n\u0131 ifade eder. \u00d6nemi, bireylerin ki\u015fisel finansmanlar\u0131n\u0131, yat\u0131r\u0131mlar\u0131n\u0131 ve vergi planlamalar\u0131n\u0131 etkin bir \u015fekilde y\u00f6netmelerini sa\u011flamada yatmaktad\u0131r. Kendimizi bu alandaki bilgilerle donatarak, finansal doland\u0131r\u0131c\u0131l\u0131k ve doland\u0131r\u0131c\u0131l\u0131klara kar\u015f\u0131 koruyabilir ve finansal refah\u0131 te\u015fvik edebiliriz.<\/p>\n<p>Finansal okuryazarl\u0131\u011f\u0131n bir ba\u015fka y\u00f6n\u00fc de alaka d\u00fczeyidir H\u0131zl\u0131 teknolojik geli\u015fmeler ve k\u00fcresel pazarlar\u0131n artan entegrasyonu ile i\u015faretlenmi\u015f bir \u00e7a\u011fda, finansal ve ekonomik okuryazarl\u0131k daha da kritik hale gelmi\u015ftir. Dijital devrim, geleneksel finansal uygulamalar\u0131 d\u00f6n\u00fc\u015ft\u00fcrerek sanal para birimlerine, dijital \u00f6deme platformlar\u0131na ve yenilik\u00e7i finansal ara\u00e7lara yol a\u00e7t\u0131. Bu geli\u015fmeleri ve etkilerini anlamak, ortaya \u00e7\u0131kan f\u0131rsatlar\u0131 yakalamak, finansal \u00e7\u0131karlar\u0131m\u0131z\u0131 korumak ve geli\u015fen ekonomik manzaraya uyum sa\u011flamak i\u00e7in gereklidir.<\/p>\n<p>Ayr\u0131ca, finansal okuryazarl\u0131k, bir \u00e7ocu\u011fun y\u00fcksek \u00f6\u011frenimini finanse etmek, bir ev sat\u0131n almak veya bir i\u015f kurmak gibi uzun vadeli hedeflerin ger\u00e7ekle\u015ftirilmesinde \u00e7ok \u00f6nemli bir rol oynamaktad\u0131r. Acil durum fonlar\u0131n\u0131n, emeklilik tasarruflar\u0131n\u0131n, sigortan\u0131n ve emlak planlamas\u0131n\u0131n \u00f6nemini vurgulamaktad\u0131r. Bireyler finansal konularda e\u011fitildi\u011finde, arkada\u015flar\u0131, aileleri, meslekta\u015flar\u0131, kom\u015fular\u0131 ve m\u00fc\u015fterileri de dahil olmak \u00fczere sosyal \u00e7evreleri aras\u0131nda fark\u0131ndal\u0131\u011f\u0131 yayabilecekleri i\u00e7in bir dalgalanma etkisi ba\u015flat\u0131r.<\/p>\n<p><strong>Finansal okuryazarl\u0131k hayat\u0131m\u0131zda bize nas\u0131l yard\u0131mc\u0131 olabilir?<\/strong><\/p>\n<p>Finansal okuryazar olmak, ki\u015finin hayat\u0131n\u0131 olumlu y\u00f6nde etkileyebilecek \u00e7ok say\u0131da motivasyon ve fayda ta\u015f\u0131r. \u0130\u015fte finansal okuryazar olmak i\u00e7in motive olman\u0131n gerekli olmas\u0131n\u0131n baz\u0131 temel nedenleri:<\/p>\n<p><strong>G\u00fc\u00e7lendirme ve Ba\u011f\u0131ms\u0131zl\u0131k: <\/strong>Finansal okuryazarl\u0131k, bireylerin finansal ya\u015famlar\u0131n\u0131n kontrol\u00fcn\u00fc ele ge\u00e7irmelerini sa\u011flar. Finansal kavramlar\u0131, stratejileri ve ara\u00e7lar\u0131 anlayarak, bireyler bilin\u00e7li kararlar alabilir ve finansal geleceklerinin sorumlulu\u011funu \u00fcstlenebilirler. Bu g\u00fc\u00e7lendirme duygusu, ba\u011f\u0131ms\u0131zl\u0131\u011f\u0131 ve kendine g\u00fcveni te\u015fvik eder, finansal tavsiye veya destek i\u00e7in ba\u015fkalar\u0131na olan ba\u011f\u0131ml\u0131l\u0131\u011f\u0131 azalt\u0131r.<\/p>\n<p><strong>Finansal G\u00fcvenlik: Finansal<\/strong> okuryazarl\u0131k, finansal g\u00fcvenli\u011fin sa\u011flanmas\u0131 ve s\u00fcrd\u00fcr\u00fclmesi i\u00e7in bir temel sa\u011flar. Bireyleri etkili bir \u015fekilde b\u00fct\u00e7elemek, acil durumlar i\u00e7in tasarruf etmek ve ak\u0131ll\u0131ca yat\u0131r\u0131m se\u00e7imleri yapmak i\u00e7in bilgi ve becerilerle donat\u0131r. Paray\u0131 ak\u0131ll\u0131ca y\u00f6neterek ve sa\u011flam bir finansal temel olu\u015fturarak, bireyler beklenmedik harcamalar\u0131, ekonomik gerilemeleri veya ya\u015fam ge\u00e7i\u015flerini daha iyi y\u00f6nlendirebilirler.<\/p>\n<p><strong>Geli\u015ftirilmi\u015f Karar Verme:<\/strong> Finansal okuryazarl\u0131k karar verme yeteneklerini geli\u015ftirir. Bireylerin finansal se\u00e7enekleri de\u011ferlendirmelerini, se\u00e7imlerinin sonu\u00e7lar\u0131n\u0131 anlamalar\u0131n\u0131 ve en uygun eylem plan\u0131n\u0131 se\u00e7melerini sa\u011flar. B\u00fcy\u00fck sat\u0131n al\u0131mlar yapmak, yat\u0131r\u0131mlar\u0131 se\u00e7mek veya kredi ko\u015fullar\u0131n\u0131 de\u011ferlendirmek olsun, finansal okuryazarl\u0131k, bireylerin hedefleri ve de\u011ferleriyle uyumlu sa\u011flam finansal kararlar almalar\u0131na yard\u0131mc\u0131 olur.<\/p>\n<p><strong>Bor\u00e7 Y\u00f6netimi:<\/strong> Finansal okuryazar olmak, bireyleri borcu etkili bir \u015fekilde y\u00f6netmek i\u00e7in stratejiler ve ara\u00e7larla donat\u0131r. Faiz oranlar\u0131n\u0131, geri \u00f6deme planlar\u0131n\u0131 ve bor\u00e7lanman\u0131n genel finansal refahlar\u0131 \u00fczerindeki etkisini anlamalar\u0131na yard\u0131mc\u0131 olur. Bu bilgiyle, bireyler borcu en aza indirmek, bilin\u00e7li bor\u00e7lanma kararlar\u0131 vermek ve bor\u00e7suz olmak i\u00e7in \u00e7al\u0131\u015fmak i\u00e7in stratejiler geli\u015ftirebilirler.<\/p>\n<p><strong>Servet Birikimi ve Yap\u0131 Varl\u0131klar\u0131:<\/strong> Finansal okuryazarl\u0131k, bireylere servet in\u015fa etme ve varl\u0131k biriktirme becerileri kazand\u0131r\u0131r. Yat\u0131r\u0131m, varl\u0131k tahsisi, \u00e7e\u015fitlendirme ve emeklilik planlamas\u0131 gibi kavramlar\u0131 anlamay\u0131 i\u00e7erir. Bilin\u00e7li yat\u0131r\u0131m kararlar\u0131 vererek ve varl\u0131klar\u0131n\u0131 b\u00fcy\u00fcterek, bireyler net de\u011ferlerini art\u0131rabilir ve kendileri ve gelecek nesiller i\u00e7in sa\u011flam bir finansal temel olu\u015fturabilirler.<\/p>\n<p><strong>Doland\u0131r\u0131c\u0131l\u0131k ve Doland\u0131r\u0131c\u0131l\u0131\u011fa Kar\u015f\u0131 Koruma:<\/strong> Finansal okuryazarl\u0131k, finansal doland\u0131r\u0131c\u0131l\u0131k ve doland\u0131r\u0131c\u0131l\u0131klara kar\u015f\u0131 bir kalkan g\u00f6revi g\u00f6r\u00fcr. Bir bireyin potansiyel doland\u0131r\u0131c\u0131l\u0131klar\u0131 tan\u0131ma, haklar\u0131n\u0131 ve korumalar\u0131n\u0131 anlama ve finansal teklifler veya planlar hakk\u0131nda bilin\u00e7li kararlar verme yetene\u011fini geli\u015ftirir. Finansal okuryazar olmak, bireylerin varl\u0131klar\u0131n\u0131, kimliklerini ve ki\u015fisel bilgilerini doland\u0131r\u0131c\u0131l\u0131k faaliyetlerinden korumalar\u0131n\u0131 sa\u011flar.<\/p>\n<p><strong>Giri\u015fimcilik \u00c7abalar\u0131: <\/strong>Finansal okuryazarl\u0131k, giri\u015fimci adaylar\u0131 i\u00e7in \u00e7ok \u00f6nemlidir. \u0130\u015fletme finansman\u0131, b\u00fct\u00e7eleme, nakit ak\u0131\u015f\u0131 y\u00f6netimi ve finansal tahmin hakk\u0131nda temel bilgiler sa\u011flar. Bu kavramlar\u0131 anlamak, giri\u015fimcileri bilin\u00e7li finansal kararlar alma, finansman sa\u011flama ve giri\u015fimlerinin finansal y\u00f6nlerini ba\u015far\u0131yla y\u00f6netme becerileri ile donat\u0131r.<\/p>\n<p><strong>SUNUM<\/strong><\/p>\n<p><a href=\"http:\/\/ceevet.eu\/english\/wp-content\/uploads\/2023\/07\/Financial-and-economic-literacy.pptx\"><strong>http:\/\/ceevet.eu\/english\/wp-content\/uploads\/2023\/07\/Financial-and-economic-literacy.pptx<\/strong><\/a><\/p>\n<p>F\u0130NANSAL \u015eARTLAR<\/p>\n<p>\u0130\u015fte \u00f6nemli finansal okuryazarl\u0131k terimlerinin ve tan\u0131mlar\u0131n\u0131n bir listesi:<\/p>\n<p><strong>B\u00fct\u00e7e: <\/strong>Belirli bir d\u00f6nemde, genellikle ayl\u0131k veya y\u0131ll\u0131k olarak beklenen gelir ve giderleri \u00f6zetleyen bir plan.<\/p>\n<p><strong>Faiz:<\/strong> Bor\u00e7 para alma maliyeti veya yat\u0131r\u0131m getirisi. Genellikle ana tutar\u0131n y\u00fczdesi olarak ifade edilir.<\/p>\n<p><strong>Enflasyon: <\/strong>Mal ve hizmetler i\u00e7in genel fiyat seviyesinin y\u00fckselme oran\u0131, zaman i\u00e7inde paran\u0131n sat\u0131n alma g\u00fcc\u00fcn\u00fc azalt\u0131r.<\/p>\n<p><strong>Kredi Puan\u0131: <\/strong>Bir bireyin kredi ge\u00e7mi\u015fine dayanan kredibilitesinin say\u0131sal bir temsili. Bor\u00e7 verenlerin bir ki\u015fiye bor\u00e7 para verme riskini de\u011ferlendirmelerine yard\u0131mc\u0131 olur.<\/p>\n<p><strong>Yat\u0131r\u0131m: <\/strong>Zaman i\u00e7inde gelir veya kar elde etme beklentisiyle bir varl\u0131\u011fa, giri\u015fime veya projeye para veya kaynak tahsis etme eylemi.<\/p>\n<p><strong>Bile\u015fik Faiz:<\/strong> Sadece ilk anapara tutar\u0131 \u00fczerinden de\u011fil, ayn\u0131 zamanda zaten kazan\u0131lm\u0131\u015f olan herhangi bir faiz \u00fczerinden kazan\u0131lan faiz. Bir yat\u0131r\u0131m\u0131 \u00f6nemli \u00f6l\u00e7\u00fcde b\u00fcy\u00fctebilir veya zaman i\u00e7inde bor\u00e7 biriktirebilir.<\/p>\n<p><strong>Bor\u00e7:<\/strong> Bir bor\u00e7 verene veya alacakl\u0131ya bor\u00e7lu olunan para. Kredileri, kredi kart\u0131 bakiyelerini ve di\u011fer \u00f6d\u00fcn\u00e7 al\u0131nan fon bi\u00e7imlerini i\u00e7erebilir.<\/p>\n<p><strong>Varl\u0131k:<\/strong> Bir bireyin veya kurulu\u015fun sahip oldu\u011fu, nakit, gayrimenkul, hisse senedi veya ara\u00e7 gibi de\u011ferli bir \u015fey.<\/p>\n<p><strong>Bor\u00e7: <\/strong>Krediler, ipotekler ve kredi kart\u0131 bakiyeleri dahil olmak \u00fczere ba\u015fkalar\u0131na bor\u00e7lu olunan bir bor\u00e7 veya bor\u00e7.<\/p>\n<p><strong>Kredi Kart\u0131:<\/strong> Bireylerin krediyle al\u0131\u015fveri\u015f yapmalar\u0131n\u0131 sa\u011flayan, \u00f6d\u00fcn\u00e7 al\u0131nan tutar\u0131 genellikle faizle geri \u00f6deme y\u00fck\u00fcml\u00fcl\u00fc\u011f\u00fc olan bir \u00f6deme kart\u0131.<\/p>\n<p><strong>Sigorta: <\/strong>Sa\u011fl\u0131k, can, mal veya otomobil sigortas\u0131 gibi potansiyel kay\u0131plara veya risklere kar\u015f\u0131 finansal koruma sa\u011flayan bir s\u00f6zle\u015fme.<\/p>\n<p><strong>Emeklilik Tasarrufu: Emeklilik <\/strong>s\u0131ras\u0131nda gelir ve finansal g\u00fcvenlik sa\u011flamak i\u00e7in bir ki\u015finin \u00e7al\u0131\u015fma y\u0131llar\u0131nda bir kenara b\u0131rak\u0131lan veya yat\u0131r\u0131lan para.<\/p>\n<p><strong>Borsa:<\/strong> Bireylerin ve kurumlar\u0131n halka a\u00e7\u0131k \u015firketlerin hisselerini al\u0131p satt\u0131\u011f\u0131, bu \u015firketlerdeki m\u00fclkiyeti temsil eden bir pazaryeri.<\/p>\n<p><strong>\u00c7e\u015fitlendirme:<\/strong> Tek bir yat\u0131r\u0131ma b\u00fcy\u00fck \u00f6l\u00e7\u00fcde g\u00fcvenmeyerek riski azaltmak i\u00e7in yat\u0131r\u0131mlar\u0131 farkl\u0131 varl\u0131klara veya yat\u0131r\u0131m t\u00fcrlerine yaymak.<\/p>\n<p><strong>Bile\u015fik B\u00fcy\u00fcme:<\/strong> Kazan\u00e7lar\u0131n veya getirilerin yeniden yat\u0131r\u0131lmas\u0131 nedeniyle zaman i\u00e7inde bir yat\u0131r\u0131m\u0131n de\u011ferindeki \u00fcstel art\u0131\u015f.<\/p>\n<p><strong>Net De\u011fer: <\/strong>Bir bireyin toplam varl\u0131klar\u0131 ile toplam bor\u00e7lar\u0131 aras\u0131ndaki fark, genel finansal durumlar\u0131n\u0131 g\u00f6sterir.<\/p>\n<p><strong>Giri\u015fimcilik: <\/strong>Bir i\u015fletmeyi veya giri\u015fimi ba\u015flatma, y\u00f6netme ve b\u00fcy\u00fctme s\u00fcreci, genellikle kar pe\u015finde ko\u015farken finansal risklerin \u00fcstlenilmesini i\u00e7erir.<\/p>\n<p><strong>Finansal Hedef: <\/strong>Bir evde pe\u015finat i\u00e7in tasarruf etmek veya borcu \u00f6demek gibi ki\u015fisel veya finansal refahla ilgili belirli ve \u00f6l\u00e7\u00fclebilir bir hedef.<\/p>\n<p><strong>Kredi Raporu:<\/strong> Kredi hesaplar\u0131, \u00f6deme ge\u00e7mi\u015fi ve kamu kay\u0131tlar\u0131 dahil olmak \u00fczere bir bireyin kredibilitesini de\u011ferlendirmek i\u00e7in bor\u00e7 verenler taraf\u0131ndan kullan\u0131lan bor\u00e7lanma ve geri \u00f6deme ge\u00e7mi\u015finin bir kayd\u0131.<\/p>\n<p><strong>Finansal Okuryazarl\u0131k: <\/strong>Para y\u00f6netimi, tasarruf, yat\u0131r\u0131m ve b\u00fct\u00e7eleme hakk\u0131nda bilin\u00e7li kararlar almak i\u00e7in gerekli finansal kavram ve ara\u00e7lar\u0131n bilgi, beceri ve anlay\u0131\u015f\u0131.<\/p>\n<p>Bu liste, ki\u015fisel finans\u0131 anlamak ve bilin\u00e7li finansal kararlar almak i\u00e7in sa\u011flam bir temel olu\u015fturabilecek bir dizi temel finansal okuryazarl\u0131k terimini kapsamaktad\u0131r.<\/p>\n<p><strong>V\u0130DEO<\/strong><\/p>\n<p><a href=\"https:\/\/youtu.be\/xAx0YQIexL0\"><strong>Finansal ve ekonomik okuryazarl\u0131k<\/strong><\/a><\/p>\n<p><a href=\"https:\/\/www.youtube.com\/watch?v=4j2emMn7UaI\"><strong>Finansal Okuryazarl\u0131k \u2013 Tam Video<\/strong><\/a><\/p>\n<p><a href=\"https:\/\/www.youtube.com\/watch?v=3OXqQ1l9OgM\"><strong>Finansal Olarak \u00d6zg\u00fcr Olmak \u0130\u00e7in Bilmeniz Gereken Her \u015eey (Finansal Okuryazarl\u0131k)<\/strong><\/a><\/p>\n<p><a href=\"https:\/\/www.youtube.com\/watch?v=q5JWp47z4bY\"><strong>Finansal E\u011fitim | Finansal Okuryazar Olman\u0131n 4 Kural\u0131<\/strong><\/a><\/p>\n<p><strong>ROL YAPMA OYUNU \u00abFINANSAL ARAYI\u015e\u00bb<\/strong><\/p>\n<p>\u00abMoney Matters: The Financial Quest\u00bb, gen\u00e7leri temel finansal ve ekonomik okuryazarl\u0131k becerileri ile e\u011fitmek ve g\u00fc\u00e7lendirmek i\u00e7in tasarlanm\u0131\u015f ilgi \u00e7ekici bir rol yapma oyunudur. S\u00fcr\u00fckleyici ve etkile\u015fimli bir deneyim sayesinde, kat\u0131l\u0131mc\u0131lar \u00e7e\u015fitli ger\u00e7ek ya\u015fam senaryolar\u0131nda gezinecek, finansal kararlar alacak ve b\u00fct\u00e7eleme, tasarruf, yat\u0131r\u0131m ve giri\u015fimcilik gibi temel kavramlar\u0131 \u00f6\u011freneceklerdir. Oyun, finansal manzarada ba\u015far\u0131l\u0131 bir \u015fekilde gezinmek i\u00e7in pratik bilgi sa\u011flarken tak\u0131m \u00e7al\u0131\u015fmas\u0131n\u0131, ele\u015ftirel d\u00fc\u015f\u00fcnmeyi ve karar verme yeteneklerini geli\u015ftirecektir.<\/p>\n<p><strong>S\u00fcre: <\/strong>Yakla\u015f\u0131k 90 dakika<\/p>\n<p>ETK\u0130NL\u0130K BA\u011eLANTISI<\/p>\n<p><a href=\"http:\/\/ceevet.eu\/english\/wp-content\/uploads\/2023\/07\/ROLEPLAY-%E2%80%93-FINANCIAL-QUEST.pdf\"><strong>http:\/\/ceevet.eu\/english\/wp-content\/uploads\/2023\/07\/ROLEPLAY&#8212;FINANSAL-G\u00d6REV.pdf<\/strong><\/a><\/p>\n<p><strong>OYUN \u00abPARA E\u015eLE\u015eTIRME\u00bb<\/strong><\/p>\n<p>Para E\u015fle\u015ftirme oyunu, finansal terimleri kar\u015f\u0131l\u0131k gelen tan\u0131mlar\u0131yla e\u015fle\u015ftirmeyi i\u00e7erir ve kat\u0131l\u0131mc\u0131lar\u0131 finansal okuryazarl\u0131k becerilerini g\u00fc\u00e7lendiren e\u011flenceli ve e\u011fitici bir \u015fekilde me\u015fgul etmenin ilgin\u00e7 bir yoludur. Oyun, kat\u0131l\u0131mc\u0131lar\u0131 iyi vakit ge\u00e7irirken \u00e7e\u015fitli finansal kavramlar hakk\u0131nda bilgi edinmeye te\u015fvik eder.<\/p>\n<p><strong>S\u00fcre: <\/strong>Yakla\u015f\u0131k 60 dakika<\/p>\n<p>ETK\u0130NL\u0130K BA\u011eLANTISI<\/p>\n<p><a href=\"http:\/\/ceevet.eu\/english\/wp-content\/uploads\/2023\/07\/GAME-Money-Match-Up-.pdf\"><strong>http:\/\/ceevet.eu\/english\/wp-content\/uploads\/2023\/07\/GAME-Money-Match-Up-.pdf<\/strong><\/a><\/p>\n<p><strong>QUIZ FINANSAL OKURYAZARLIK TERMINOLOJISI<\/strong><\/p>\n<p>ETK\u0130NL\u0130K BA\u011eLANTISI<\/p>\n<p><strong>MAKALELER<\/strong><br \/>\nEntreComp Certificate: \u00ab<a href=\"http:\/\/ceevet.eu\/english\/wp-content\/uploads\/2023\/05\/Financial-and-Economic-Literacy.pdf\"><strong><em>Financial and Economic Literacy Develop financial and economic know how<\/em><\/strong><\/a>\u00ab. European Erasmus+ Project 2019-UK01-KA201-062076.<br \/>\nJabaily, B.: \u00ab<a href=\"http:\/\/ceevet.eu\/english\/wp-content\/uploads\/2023\/05\/Jabaily_economic_education.pdf\"><strong><em>Economic Education &amp; Financial Literacy<\/em><\/strong><\/a>\u00ab. Federal Reserve Bank of Boston.<br \/>\nHogarth, J. M.: \u00ab<a href=\"http:\/\/ceevet.eu\/english\/wp-content\/uploads\/2023\/05\/Financial-Education-and-Economic-Development.pdf\"><strong><em>Financial Education and Economic Development<\/em><\/strong><\/a>\u00ab. Federal Reserve Board, U.S.A.<\/p>\n<p><strong>BOOKS<\/strong><br \/>\nKnox, S.: \u00ab<em>The Basics of Financial Literacy<\/em>\u00ab.<br \/>\nHoward Jr, R. G.: \u00ab<em>Financial Literacy Education: Neoliberalism, the Consumer and the Citizen<\/em>\u00ab.<br \/>\nLambert, A.: \u00ab<em>Financial Literacy for Managers: Finance and Accounting for Better Decision-Making<\/em>\u00ab.<br \/>\nChang, H.J.: \u00ab<em>Economics: The User\u2019s Guid<\/em>e\u00bb.<br \/>\nWebster, K.: \u00ab<em>Circular Economy: A Wealth of Flows<\/em>\u00ab.<\/p>\n<p><strong>WEBSITE LINKS<\/strong><br \/>\n<a href=\"https:\/\/www.nefe.org\/\"><strong>National Endowment for Financial Education<\/strong><\/a><br \/>\nA non-profit organization that focuses on financial education. Provides resources, research, and tools to improve financial literacy.<br \/>\n<a href=\"https:\/\/www.oecd.org\/financial\/education\/\"><strong>OECD \u2013 Financial Education<\/strong><\/a><br \/>\nThe Organization for Economic Cooperation and Development (OECD) provides information and resources on financial education, including reports and educational programs.<br \/>\n<a href=\"https:\/\/www.federalreserveeducation.org\/\"><strong>Federal Reserve Education<\/strong><\/a><br \/>\nThe United States Federal Reserve System offers educational resources on economics and finance. The website provides lessons, interactive games, and materials for educators.<br \/>\n<a href=\"https:\/\/www.circulareconomyclub.com\/\"><strong>Circular Economy Club<\/strong><\/a><br \/>\nA global community dedicated to promoting the circular economy.<\/p>\n<p>&nbsp;<\/p>\n<p>&nbsp;<\/p>\n","protected":false},"excerpt":{"rendered":"<p>Finansal ve ekonomik okuryazarl\u0131k G\u0130R\u0130\u015e G\u00fcn\u00fcm\u00fcz\u00fcn karma\u015f\u0131k ve birbirine ba\u011fl\u0131 d\u00fcnyas\u0131nda, finansal ve ekonomik okuryazarl\u0131k, ba\u015fta gen\u00e7ler olmak \u00fczere herkes i\u00e7in vazge\u00e7ilmez bir beceri seti olarak ortaya \u00e7\u0131km\u0131\u015ft\u0131r. Yeni nesil liderler, yenilik\u00e7iler ve karar vericiler, gen\u00e7ler dinamik bir k\u00fcresel ekonomide gezinmeli ve ki\u015fisel finansmanlar\u0131, kariyer yollar\u0131 ve giri\u015fimcilik \u00e7abalar\u0131 hakk\u0131nda bilin\u00e7li se\u00e7imler yapmal\u0131d\u0131r. Onlar\u0131 finansal [&hellip;]<\/p>\n","protected":false},"author":1,"featured_media":0,"parent":0,"menu_order":0,"comment_status":"closed","ping_status":"closed","template":"","meta":{"footnotes":""},"_links":{"self":[{"href":"https:\/\/ceevet.eu\/turkish\/wp-json\/wp\/v2\/pages\/74"}],"collection":[{"href":"https:\/\/ceevet.eu\/turkish\/wp-json\/wp\/v2\/pages"}],"about":[{"href":"https:\/\/ceevet.eu\/turkish\/wp-json\/wp\/v2\/types\/page"}],"author":[{"embeddable":true,"href":"https:\/\/ceevet.eu\/turkish\/wp-json\/wp\/v2\/users\/1"}],"replies":[{"embeddable":true,"href":"https:\/\/ceevet.eu\/turkish\/wp-json\/wp\/v2\/comments?post=74"}],"version-history":[{"count":2,"href":"https:\/\/ceevet.eu\/turkish\/wp-json\/wp\/v2\/pages\/74\/revisions"}],"predecessor-version":[{"id":96,"href":"https:\/\/ceevet.eu\/turkish\/wp-json\/wp\/v2\/pages\/74\/revisions\/96"}],"wp:attachment":[{"href":"https:\/\/ceevet.eu\/turkish\/wp-json\/wp\/v2\/media?parent=74"}],"curies":[{"name":"wp","href":"https:\/\/api.w.org\/{rel}","templated":true}]}}