{"id":76,"date":"2023-07-05T06:23:21","date_gmt":"2023-07-05T06:23:21","guid":{"rendered":"https:\/\/ceevet.eu\/turkish\/?page_id=76"},"modified":"2023-09-11T20:14:04","modified_gmt":"2023-09-11T20:14:04","slug":"girisim-girisimcilik-ve-ic-girisimcilik","status":"publish","type":"page","link":"https:\/\/ceevet.eu\/turkish\/girisim-girisimcilik-ve-ic-girisimcilik\/","title":{"rendered":"Giri\u015fim, Giri\u015fimcilik ve \u0130\u00e7 Giri\u015fimcilik"},"content":{"rendered":"<p>\u0130nisiyatif, Giri\u015fimcilik ve Kurum \u0130\u00e7i Giri\u015fimcilik<\/p>\n<p><strong>TANIM<\/strong><\/p>\n<ul>\n<li>Birinin kendi ye\u015fil giri\u015fimini veya inisiyatifini geli\u015ftirme yetene\u011fine sahip olmak, sonunda i\u015f sekt\u00f6r\u00fcnde bask\u0131n hale gelecek ye\u015fil \u00e7\u00f6z\u00fcmler sunmak i\u00e7in ba\u011f\u0131ms\u0131zl\u0131\u011f\u0131 te\u015fvik etmek.<\/li>\n<li>Belirsizli\u011fe, aksiliklere ve ge\u00e7ici ba\u015far\u0131s\u0131zl\u0131klara ra\u011fmen, olaylar\u0131n gidi\u015fat\u0131n\u0131 etkileme yetene\u011finize inan\u0131n.<\/li>\n<li>Hedeflere ula\u015fmak, niyetlere ba\u011fl\u0131 kalmak ve planlanan g\u00f6revleri yerine getirmek i\u00e7in ba\u011f\u0131ms\u0131z olarak hareket edin ve \u00e7al\u0131\u015f\u0131n<\/li>\n<li>Serbest meslek duygusunu te\u015fvik edin<\/li>\n<li>Ye\u015fil unsurlar\u0131 \u00fcretim s\u00fcrecimize uygulaman\u0131n yollar\u0131n\u0131 ara\u015ft\u0131rmak<\/li>\n<\/ul>\n<p><strong>GEN\u00c7LERI INISIYATIF, GIRI\u015eIMCILIK VE KURUM I\u00c7I GIRI\u015eIMCILIK YOLUYLA G\u00dc\u00c7LENDIRMEK; POTANS\u0130YEL\u0130N\u0130Z\u0130 A\u00c7I\u011eA \u00c7IKARIN<\/strong><\/p>\n<p><em>Giri\u015f \u0130nisiyatif, giri\u015fimcilik ve kurum i\u00e7i giri\u015fimcilik, i\u00e7sel d\u00fcrt\u00fcn\u00fcz\u00fc tutu\u015fturma, fikirlerinizi ger\u00e7e\u011fe d\u00f6n\u00fc\u015ft\u00fcrme ve gelece\u011finizi \u015fekillendirme g\u00fcc\u00fcne sahip birbirine ba\u011fl\u0131 \u00fc\u00e7 beceridir. Bu kavramlar\u0131 anlamak ve benimsemek, gen\u00e7ler i\u00e7in heyecan verici bir yolculuk olabilir, \u00e7\u00fcnk\u00fc kendi kaderinizin sorumlulu\u011funu \u00fcstlenmek, yenilik\u00e7i f\u0131rsatlar\u0131 ke\u015ffetmek ve d\u00fcnya \u00fczerinde olumlu bir etki yaratmak i\u00e7in ara\u00e7lar ve motivasyon sa\u011flarlar. Potansiyelinizi ortaya \u00e7\u0131karmak ve ola\u011fan\u00fcst\u00fc bir b\u00fcy\u00fcme ve ba\u015far\u0131 yoluna girmek i\u00e7in inisiyatif, giri\u015fimcilik ve kurum i\u00e7i giri\u015fimcilik d\u00fcnyas\u0131na girelim.<\/em><\/p>\n<ol>\n<li>\u0130nisiyatif: Harekete Ge\u00e7me G\u00fcc\u00fc: \u0130nisiyatif, proaktif olmak, co\u015fku g\u00f6stermek ve bir \u015feylerin ger\u00e7ekle\u015fmesinde \u00f6nc\u00fcl\u00fck etmekle ilgilidir. Sizi sorunlar\u0131 tan\u0131mlamaya, \u00e7\u00f6z\u00fcm aramaya ve olumlu de\u011fi\u015fim ba\u015flatmaya iten k\u0131v\u0131lc\u0131md\u0131r. Fikirlerinizin ve eylemlerinizin anlaml\u0131 bir etki yaratma potansiyeline sahip oldu\u011funu kabul ederek kendinizi motive edin. Merakl\u0131, g\u00f6zlemci ve yolunuza \u00e7\u0131kan f\u0131rsatlar\u0131 yakalamaya haz\u0131r olun.<\/li>\n<li>Giri\u015fimcilik: Fikirleri Ger\u00e7e\u011fe D\u00f6n\u00fc\u015ft\u00fcrmek: Giri\u015fimcilik, yenilik\u00e7i fikirleri uygulanabilir i\u015fletmelere veya projelere d\u00f6n\u00fc\u015ft\u00fcrme sanat\u0131d\u0131r. Pazar ihtiya\u00e7lar\u0131n\u0131 belirlemeyi, \u00fcr\u00fcn veya hizmet geli\u015ftirmeyi ve hesaplanm\u0131\u015f riskler almay\u0131 i\u00e7erir. Giri\u015fimcili\u011fi \u00f6\u011frenme motivasyonu, kendi kariyer yolunuzu \u015fekillendirme, i\u015f yaratma ve ger\u00e7ek d\u00fcnyadaki sorunlar\u0131 \u00e7\u00f6zme f\u0131rsat\u0131nda yatmaktad\u0131r. Esneklik, yarat\u0131c\u0131l\u0131k ve uyarlanabilirlik zihniyetini benimseyin, \u00e7\u00fcnk\u00fc giri\u015fimcilik genellikle zorluklar\u0131n \u00fcstesinden gelmeyi ve ba\u015far\u0131s\u0131zl\u0131\u011f\u0131 ba\u015far\u0131ya giden bir basamak ta\u015f\u0131 olarak benimsemeyi gerektirir.<\/li>\n<li>Kurum \u0130\u00e7i Giri\u015fimcilik: \u00d6rg\u00fctlerde \u0130novasyonun Geli\u015ftirilmesi: Kurum \u0130\u00e7i Giri\u015fimcilik, yerle\u015fik organizasyonlarda uygulanan giri\u015fimcilik ruhudur. \u0130nisiyatif almay\u0131, bir giri\u015fimci gibi d\u00fc\u015f\u00fcnmeyi ve inovasyonu i\u00e7eriden y\u00f6nlendirmeyi i\u00e7erir. Kurum i\u00e7i giri\u015fimcili\u011fi \u00f6\u011frenme motivasyonu, kurumsal bir ortamda \u00f6nemli bir etki yaratma, yeni fikirlere katk\u0131da bulunma ve organizasyonlar\u0131 i\u00e7ten d\u0131\u015fa d\u00f6n\u00fc\u015ft\u00fcrme g\u00fcc\u00fcnde yatmaktad\u0131r. Stat\u00fckoya meydan okuma, yarat\u0131c\u0131 d\u00fc\u015f\u00fcnme ve i\u015f yerinize olumlu bir de\u011fi\u015fim getirme motivasyonunu benimseyin.<\/li>\n<li>Yarat\u0131c\u0131l\u0131\u011f\u0131 ve Ele\u015ftirel D\u00fc\u015f\u00fcnmeyi Kucaklamak: Yarat\u0131c\u0131l\u0131k ve ele\u015ftirel d\u00fc\u015f\u00fcnme, inisiyatif, giri\u015fimcilik ve kurum i\u00e7i giri\u015fimcili\u011fin temelini olu\u015fturur. Farkl\u0131 ilgi alanlar\u0131n\u0131 ke\u015ffederek, farkl\u0131 alanlardan ilham alarak ve kutunun d\u0131\u015f\u0131nda d\u00fc\u015f\u00fcnerek yarat\u0131c\u0131l\u0131\u011f\u0131n\u0131z\u0131 besleyin. Sorunlar\u0131 analiz ederek, se\u00e7enekleri de\u011ferlendirerek ve bilin\u00e7li kararlar vererek ele\u015ftirel d\u00fc\u015f\u00fcnmeyi geli\u015ftirin. Bu becerileri geli\u015ftirme motivasyonu, yenilik\u00e7i \u00e7\u00f6z\u00fcmlerin kilidini a\u00e7ma, yeni olas\u0131l\u0131klar\u0131 \u00f6ng\u00f6rme ve s\u00fcrekli geli\u015fen bir d\u00fcnyada kendinizi ay\u0131rma yeteneklerinde yatmaktad\u0131r.<\/li>\n<li>Kal\u0131c\u0131l\u0131k ve Esneklik: \u0130nisiyatif, giri\u015fimcilik ve kurum i\u00e7i giri\u015fimcilik, sebat ve esneklik gerektirir. Zorluklar ve aksilikler ka\u00e7\u0131n\u0131lmazd\u0131r, ancak \u00f6\u011frenme ve b\u00fcy\u00fcme motivasyonunuz sebat etmenize yard\u0131mc\u0131 olacakt\u0131r. Ba\u015far\u0131s\u0131zl\u0131klar\u0131 \u00f6\u011frenme ve geli\u015fme f\u0131rsatlar\u0131 olarak g\u00f6ren bir b\u00fcy\u00fcme zihniyeti geli\u015ftirin. Mentorlardan destek arayarak, benzer d\u00fc\u015f\u00fcnen bireylerden olu\u015fan bir a\u011f olu\u015fturarak ve kendinizi h\u0131rs\u0131n\u0131z\u0131 besleyen olumlu etkilerle \u00e7evreleyerek motive olun.<\/li>\n<\/ol>\n<p><em>Sonu\u00e7<br \/>\n<\/em>\u0130nisiyatif, giri\u015fimcilik ve kurum i\u00e7i giri\u015fimcilik, hayal kurmaya ve harekete ge\u00e7meye cesaret eden gen\u00e7ler i\u00e7in bir olas\u0131l\u0131klar d\u00fcnyas\u0131 sunar. \u0130nisiyatifi besleyerek, giri\u015fimcili\u011fi kucaklayarak ve kurum i\u00e7i giri\u015fimcili\u011fi geli\u015ftirerek, potansiyelinizi ortaya \u00e7\u0131karabilir, olumlu bir etki yaratabilir ve kendi gelece\u011finizi \u015fekillendirebilirsiniz. Motive olun, merakl\u0131 olun ve bu becerilerin d\u00f6n\u00fc\u015ft\u00fcr\u00fcc\u00fc g\u00fcc\u00fcn\u00fc benimseyin. De\u011fi\u015fimin kataliz\u00f6r\u00fc olmak i\u00e7in kendinizi g\u00fc\u00e7lendirin ve yenilik, ama\u00e7 ve ba\u015far\u0131 ile dolu bir d\u00fcnya yarat\u0131n.<\/p>\n<p><a href=\"https:\/\/www.youtube.com\/watch?v=YKdhcPY4juo\"><strong>https:\/\/www.youtube.com\/watch?v=ZklYVnaC3nc <\/strong><\/a><br \/>\n<a href=\"https:\/\/www.youtube.com\/watch?v=ZklYVnaC3nc\"><strong>https:\/\/www.youtube.com\/watch?v=YKdhcPY4juo VIDEOLAR<\/strong><\/a><\/p>\n<p><strong>OYUNLAR<\/strong><\/p>\n<p><a href=\"http:\/\/ceevet.eu\/english\/wp-content\/uploads\/2023\/06\/Alphabet-soup-initiative.pdf\"><strong>Alfabe \u00e7orbas\u0131<\/strong><\/a>.<\/p>\n<p><a href=\"http:\/\/ceevet.eu\/english\/wp-content\/uploads\/2023\/06\/Short-lecture-Intrapreneurship.pdf\"><strong>K\u0131sa okuma<\/strong><\/a>.<\/p>\n<p><strong>K\u0130TAPLAR<\/strong><\/p>\n<p>McGrath, R. G.: \u00ab<em>The Entrepreneurial Mindset: Strategies for Continuously Creating Opportunity in an Age of Uncertainty<\/em>\u00ab.<br \/>\nRead, S., Sarasvathy, S., et al.: \u00ab<em>Effectual Entrepreneurship<\/em>\u00ab.<br \/>\nRies, E.: \u00ab<em>The Lean Startup: How Today\u2019s Entrepreneurs Use Continuous Innovation to Create Radically Successful Businesses<\/em>\u00ab.<br \/>\nAulet, B.: \u00ab<em>Disciplined Entrepreneurship: 24 Steps to a Successful Startup<\/em>\u00ab.<br \/>\nGeissdoerfer, M., Tietze, F. et al.: \u00ab<em>Sustainability, Innovation, and Entrepreneurship<\/em>\u00ab.<\/p>\n<p><strong>WEB S\u0130TES\u0130 L\u0130NKLER\u0130<\/strong><br \/>\n<a href=\"https:\/\/www.genglobal.org\/\"><strong>K\u00fcresel Giri\u015fimcilik A\u011f\u0131<\/strong><\/a><br \/>\nD\u00fcnya \u00e7ap\u0131nda giri\u015fimcili\u011fi ve giri\u015fimcili\u011fi te\u015fvik eden k\u00fcresel bir a\u011f.<br \/>\n<a href=\"https:\/\/www.entrepreneur.com\/\"><strong>Giri\u015fimci<\/strong><\/a><br \/>\nGiri\u015fimciler i\u00e7in haberler, kaynaklar ve tavsiyeler sa\u011flayan \u00e7evrimi\u00e7i bir platform.<br \/>\n<a href=\"https:\/\/stvp.stanford.edu\/\"><strong>Stanford Teknoloji Giri\u015fimleri Program\u0131<\/strong><\/a><br \/>\n&#8211; \u0130novasyon ve giri\u015fimcili\u011fi te\u015fvik eden bir Stanford \u00dcniversitesi program\u0131.<br \/>\n<a href=\"https:\/\/circulareconomy.europa.eu\/platform\/\"><strong>Avrupa D\u00f6ng\u00fcsel Ekonomi Payda\u015f Platformu<\/strong><\/a><br \/>\n&#8211; D\u00f6ng\u00fcsel ekonomiyi ele alan ve farkl\u0131 payda\u015flar aras\u0131ndaki i\u015fbirli\u011fini te\u015fvik eden bir Avrupa platformu.<br \/>\n<a href=\"https:\/\/www.kauffman.org\/\"><strong>Kauffman Vakf\u0131<\/strong><\/a><br \/>\n&#8211; Giri\u015fimcili\u011fi te\u015fvik etmek i\u00e7in kaynaklar, ara\u015ft\u0131rmalar ve programlar sa\u011flayan giri\u015fimcilik odakl\u0131 bir vak\u0131f.<\/p>\n<p>&nbsp;<\/p>\n","protected":false},"excerpt":{"rendered":"<p>\u0130nisiyatif, Giri\u015fimcilik ve Kurum \u0130\u00e7i Giri\u015fimcilik TANIM Birinin kendi ye\u015fil giri\u015fimini veya inisiyatifini geli\u015ftirme yetene\u011fine sahip olmak, sonunda i\u015f sekt\u00f6r\u00fcnde bask\u0131n hale gelecek ye\u015fil \u00e7\u00f6z\u00fcmler sunmak i\u00e7in ba\u011f\u0131ms\u0131zl\u0131\u011f\u0131 te\u015fvik etmek. Belirsizli\u011fe, aksiliklere ve ge\u00e7ici ba\u015far\u0131s\u0131zl\u0131klara ra\u011fmen, olaylar\u0131n gidi\u015fat\u0131n\u0131 etkileme yetene\u011finize inan\u0131n. Hedeflere ula\u015fmak, niyetlere ba\u011fl\u0131 kalmak ve planlanan g\u00f6revleri yerine getirmek i\u00e7in ba\u011f\u0131ms\u0131z olarak hareket [&hellip;]<\/p>\n","protected":false},"author":1,"featured_media":0,"parent":0,"menu_order":0,"comment_status":"closed","ping_status":"closed","template":"template-full-width.php","meta":{"footnotes":""},"_links":{"self":[{"href":"https:\/\/ceevet.eu\/turkish\/wp-json\/wp\/v2\/pages\/76"}],"collection":[{"href":"https:\/\/ceevet.eu\/turkish\/wp-json\/wp\/v2\/pages"}],"about":[{"href":"https:\/\/ceevet.eu\/turkish\/wp-json\/wp\/v2\/types\/page"}],"author":[{"embeddable":true,"href":"https:\/\/ceevet.eu\/turkish\/wp-json\/wp\/v2\/users\/1"}],"replies":[{"embeddable":true,"href":"https:\/\/ceevet.eu\/turkish\/wp-json\/wp\/v2\/comments?post=76"}],"version-history":[{"count":2,"href":"https:\/\/ceevet.eu\/turkish\/wp-json\/wp\/v2\/pages\/76\/revisions"}],"predecessor-version":[{"id":97,"href":"https:\/\/ceevet.eu\/turkish\/wp-json\/wp\/v2\/pages\/76\/revisions\/97"}],"wp:attachment":[{"href":"https:\/\/ceevet.eu\/turkish\/wp-json\/wp\/v2\/media?parent=76"}],"curies":[{"name":"wp","href":"https:\/\/api.w.org\/{rel}","templated":true}]}}