{"id":81,"date":"2023-07-05T06:25:22","date_gmt":"2023-07-05T06:25:22","guid":{"rendered":"https:\/\/ceevet.eu\/turkish\/?page_id=81"},"modified":"2024-01-14T17:16:01","modified_gmt":"2024-01-14T17:16:01","slug":"problem-cozme","status":"publish","type":"page","link":"https:\/\/ceevet.eu\/turkish\/problem-cozme\/","title":{"rendered":"Problem \u00e7\u00f6zme"},"content":{"rendered":"<p>Problem \u00e7\u00f6zme<\/p>\n<p>Etkili problem \u00e7\u00f6zme, bireylerin, ekiplerin ve i\u015fletmelerin belirtilen hedeflere do\u011fru ilerlemesini sa\u011flayan geni\u015f bir beceri seti gerektirir. Bir problemi tan\u0131mlayabilme, y\u00f6netilebilir par\u00e7alara ay\u0131rabilme, yarat\u0131c\u0131l\u0131k ve analitik d\u00fc\u015f\u00fcnmeyi kullanarak (alt) problemi \u00e7\u00f6zmek i\u00e7in yakla\u015f\u0131mlar geli\u015ftirebilme ve kusursuz bir \u015fekilde y\u00fcr\u00fctebilme becerisini i\u00e7erir. Problem \u00e7\u00f6zme becerileri her kariyerde her seviyede \u00f6nemlidir. Sonu\u00e7 olarak, etkili problem \u00e7\u00f6zme ayn\u0131 zamanda end\u00fcstri veya i\u015fe \u00f6zg\u00fc teknik beceriler gerektirebilir.<\/p>\n<p><strong>Problem \u00c7\u00f6zme Becerilerinin Tan\u0131m\u0131<\/strong><\/p>\n<p>Problem \u00e7\u00f6zme becerileri, problemleri tan\u0131mlama, beyin f\u0131rt\u0131nas\u0131 yapma ve cevaplar\u0131 analiz etme ve en iyi \u00e7\u00f6z\u00fcmleri uygulama yetene\u011fidir. Ayr\u0131ca, Problem \u00e7\u00f6zme, bir problemi tan\u0131mlama eylemidir; sorunun nedenini belirlemek; bir \u00e7\u00f6z\u00fcm i\u00e7in alternatifleri tan\u0131mlamak, \u00f6nceliklendirmek ve se\u00e7mek; ve bir \u00e7\u00f6z\u00fcm uygulamak.<\/p>\n<p><strong>Problem \u00c7\u00f6zme Becerileri Neden \u00d6nemlidir?<\/strong><\/p>\n<p>Problem \u00e7\u00f6zme becerileri, 2022&#8217;nin en \u00e7ok aranan yumu\u015fak becerisidir. Asl\u0131nda, Ulusal Kolejler ve \u0130\u015fverenler Birli\u011fi \u0130\u015f G\u00f6r\u00fcn\u00fcm\u00fc 2022 anketine g\u00f6re, i\u015fverenlerin% 86&#8217;s\u0131 \u00f6\u011frenci \u00f6zge\u00e7mi\u015flerinde problem \u00e7\u00f6zme becerileri ar\u0131yor. \u0130\u015fverenlerin neden bu beceriyi arad\u0131klar\u0131 \u015fa\u015f\u0131rt\u0131c\u0131 de\u011fildir: \u015firketler her zaman sorunlar\u0131na \u00e7\u00f6z\u00fcm bulmalar\u0131na yard\u0131mc\u0131 olacak insanlara ihtiya\u00e7 duyacakt\u0131r. Problem \u00e7\u00f6zmede proaktif ve ba\u015far\u0131l\u0131 biri her ekip i\u00e7in de\u011ferlidir.<\/p>\n<p>Red Clover&#8217;\u0131n k\u0131demli \u0130K dan\u0131\u015fman\u0131 Eric Mochnacz, \u00ab\u0130\u015fverenler, \u00f6zellikle uzaktan \/ hibrit \u00e7al\u0131\u015fman\u0131n yayg\u0131nl\u0131\u011f\u0131 ve asenkron olarak ileti\u015fim kurma ihtiyac\u0131 ile ba\u011f\u0131ms\u0131z olarak karar verebilecek \u00e7al\u0131\u015fanlar ar\u0131yorlar\u00bb diyor. \u00ab\u0130\u015fverenler, riski azaltan iyi bilgilendirilmi\u015f kararlar alabilen bireyleri g\u00f6rmek istiyor ve bunu analiz felcinden muzdarip olmadan yapabiliyorlar.\u00bb<\/p>\n<p><a href=\"https:\/\/asq.org\/quality-resources\/problem-solving#Process\"><strong>Problem \u00e7\u00f6zme s\u00fcreci<\/strong><\/a><\/p>\n<table width=\"1170\">\n<tbody>\n<tr>\n<td><strong>Ad\u0131m<\/strong><\/td>\n<td><strong>\u00d6zellik -lerini<\/strong><\/td>\n<\/tr>\n<tr>\n<td><strong>1. Sorunu tan\u0131mlay\u0131n<\/strong><\/td>\n<td>Ger\u00e7e\u011fi g\u00f6r\u00fc\u015ften ay\u0131rt edin Altta yatan nedenleri belirtin Bilgi i\u00e7in ilgili her gruba dan\u0131\u015f\u0131n Sorunu \u00f6zellikle belirtin Hangi standard\u0131n veya beklentinin ihlal edildi\u011fini belirleyin Sorunun hangi s\u00fcre\u00e7te oldu\u011funu belirleyin Sorunu veri olmadan \u00e7\u00f6zmeye \u00e7al\u0131\u015fmaktan ka\u00e7\u0131n\u0131n<\/td>\n<\/tr>\n<tr>\n<td><strong>2. Alternatif \u00e7\u00f6z\u00fcmler \u00fcretin<\/strong><\/td>\n<td>Alternatifleri de\u011ferlendirmeyi ba\u015flang\u0131\u00e7ta erteleyin Alternatiflerin \u00fcretilmesine dahil olan t\u00fcm bireyleri dahil edin \u00d6rg\u00fctsel hedeflerle tutarl\u0131 alternatifler belirleyin K\u0131sa ve uzun vadeli alternatifler belirleyin Ba\u015fkalar\u0131n\u0131n fikirleri \u00fczerinde beyin f\u0131rt\u0131nas\u0131 yap\u0131n Sorunu \u00e7\u00f6zebilecek alternatifler aray\u0131n<\/td>\n<\/tr>\n<tr>\n<td><strong>3. Bir alternatifi de\u011ferlendirin ve se\u00e7in<\/strong><\/td>\n<td>Alternatifleri bir hedef standarda g\u00f6re de\u011ferlendirin T\u00fcm alternatifleri \u00f6nyarg\u0131s\u0131z de\u011ferlendirin Belirlenen hedeflere g\u00f6re alternatifleri de\u011ferlendirin Hem kan\u0131tlanm\u0131\u015f hem de olas\u0131 sonu\u00e7lar\u0131 de\u011ferlendirin Se\u00e7ilen alternatifi a\u00e7\u0131k\u00e7a belirtin<\/td>\n<\/tr>\n<tr>\n<td><strong>4. \u00c7\u00f6z\u00fcm\u00fc uygulay\u0131n ve takip edin<\/strong><\/td>\n<td>Se\u00e7ilen alternatifin pilot testini planlay\u0131n ve uygulay\u0131n Etkilenen t\u00fcm taraflardan geri bildirim toplay\u0131n Etkilenen herkes taraf\u0131ndan kabul veya fikir birli\u011fi isteyin Devam eden \u00f6nlemler ve izleme olu\u015fturun Nihai \u00e7\u00f6z\u00fcme dayal\u0131 uzun vadeli sonu\u00e7lar\u0131 de\u011ferlendirin<\/td>\n<\/tr>\n<\/tbody>\n<\/table>\n<p><a href=\"https:\/\/asq.org\/quality-resources\/problem-solving#Resources\"><strong>Problem \u00e7\u00f6zme kaynaklar\u0131<\/strong><\/a><\/p>\n<p><strong>Problem \u00c7\u00f6zme \u015eemas\u0131<\/strong><\/p>\n<p>PROBLEM \u00c7\u00d6ZME S\u00dcREC\u0130<\/p>\n<p>Ba\u015far\u0131l\u0131 bir organizasyonu etkin bir \u015fekilde y\u00f6netmek ve y\u00fcr\u00fctmek i\u00e7in liderlik, \u00e7al\u0131\u015fanlar\u0131na rehberlik etmeli ve problem \u00e7\u00f6zme teknikleri geli\u015ftirmelidir. Sorunlar i\u00e7in uygun bir \u00e7\u00f6z\u00fcm bulmak, a\u015fa\u011f\u0131da \u00f6zetlenen temel d\u00f6rt ad\u0131ml\u0131 problem \u00e7\u00f6zme s\u00fcreci ve metodolojisi izlenerek ger\u00e7ekle\u015ftirilebilir.<\/p>\n<ol>\n<li><strong> Sorunu tan\u0131mlay\u0131n<\/strong><\/li>\n<\/ol>\n<p>Durumu te\u015fhis edin, b\u00f6ylece oda\u011f\u0131n\u0131z sadece semptomlar\u0131 de\u011fil, soruna da odaklan\u0131r. Yararl\u0131 problem \u00e7\u00f6zme teknikleri, <a href=\"https:\/\/asq.org\/quality-resources\/flowchart\"><strong>\u00a0bir s\u00fcrecin beklenen ad\u0131mlar\u0131n\u0131 <\/strong><\/a>\u00a0tan\u0131mlamak i\u00e7in ak\u0131\u015f \u015femalar\u0131n\u0131 ve <a href=\"https:\/\/asq.org\/quality-resources\/fishbone\"><strong>k\u00f6k nedenleri<\/strong><\/a> tan\u0131mlamak ve analiz etmek i\u00e7in <a href=\"https:\/\/asq.org\/quality-resources\/root-cause-analysis\"><strong>neden-sonu\u00e7 diyagramlar\u0131n\u0131<\/strong><\/a> kullanmay\u0131 i\u00e7erir.<\/p>\n<p>A\u015fa\u011f\u0131daki b\u00f6l\u00fcmler, temel problem \u00e7\u00f6zme ad\u0131mlar\u0131n\u0131n a\u00e7\u0131klanmas\u0131na yard\u0131mc\u0131 olur. Bu ad\u0131mlar, ilgili taraflar\u0131n kat\u0131l\u0131m\u0131n\u0131, olgusal bilgilerin kullan\u0131m\u0131n\u0131, beklentilerin ger\u00e7eklikle kar\u015f\u0131la\u015ft\u0131r\u0131lmas\u0131n\u0131 ve bir sorunun temel nedenlerine odaklanmay\u0131 desteklemektedir. \u015e\u00f6yle ba\u015flamal\u0131s\u0131n\u0131z:<\/p>\n<p>S\u00fcre\u00e7lerin \u015fu anda nas\u0131l i\u015fledi\u011fini g\u00f6zden ge\u00e7irmek ve belgelemek (yani, kimin ne yapt\u0131\u011f\u0131n\u0131, hangi bilgilerle yapt\u0131\u011f\u0131n\u0131, hangi ara\u00e7lar\u0131 kulland\u0131\u011f\u0131n\u0131, hangi kurulu\u015flarla ve bireylerle ileti\u015fim kurdu\u011funu, hangi zaman diliminde, hangi format\u0131 kullanarak).<\/p>\n<p>\u00abNe olmal\u0131\u00bb modelinizin geli\u015ftirilmesinde yeni ara\u00e7lar\u0131n ve g\u00f6zden ge\u00e7irilmi\u015f politikalar\u0131n olas\u0131 etkilerini de\u011ferlendirmek.<\/p>\n<ol start=\"2\">\n<li><strong> Alternatif \u00e7\u00f6z\u00fcmler \u00fcretin<\/strong><\/li>\n<\/ol>\n<p>Birka\u00e7 problem \u00e7\u00f6zme alternatifi \u00f6nerilene kadar bir \u00e7\u00f6z\u00fcm\u00fcn se\u00e7imini erteleyin. Birden fazla alternatifi g\u00f6z \u00f6n\u00fcnde bulundurmak, ideal \u00e7\u00f6z\u00fcm\u00fcn\u00fcz\u00fcn de\u011ferini \u00f6nemli \u00f6l\u00e7\u00fcde art\u0131rabilir. \u00abNe olmal\u0131\u00bb modeline karar verdikten sonra, bu hedef standart, alternatifleri ara\u015ft\u0131rmak i\u00e7in bir yol haritas\u0131 geli\u015ftirmenin temeli haline gelir.\u00a0<a href=\"https:\/\/asq.org\/quality-resources\/brainstorming\"><strong>Beyin f\u0131rt\u0131nas\u0131<\/strong><\/a> ve tak\u0131m problem \u00e7\u00f6zme teknikleri, problem \u00e7\u00f6zmenin bu a\u015famas\u0131nda yararl\u0131 ara\u00e7lard\u0131r.<\/p>\n<p>Son de\u011ferlendirmeden \u00f6nce soruna bir\u00e7ok alternatif \u00e7\u00f6z\u00fcm \u00fcretilmelidir. Problem \u00e7\u00f6zmede yayg\u0131n bir hata, alternatiflerin \u00f6nerildi\u011fi gibi de\u011ferlendirilmesidir, bu nedenle en uygun olmasa bile, kabul edilebilir ilk \u00e7\u00f6z\u00fcm se\u00e7ilir. \u0130stedi\u011fimiz sonu\u00e7lar\u0131 elde etmeye \u00e7al\u0131\u015fmaya odaklan\u0131rsak, problem \u00e7\u00f6zme s\u00fcrecinde ger\u00e7ek bir iyile\u015fmeye izin verecek yeni bir \u015fey \u00f6\u011frenme potansiyelini ka\u00e7\u0131r\u0131r\u0131z.<\/p>\n<ol start=\"3\">\n<li><strong> Bir alternatifi de\u011ferlendirin ve se\u00e7in<\/strong><\/li>\n<\/ol>\n<p>Yetenekli problem \u00e7\u00f6z\u00fcc\u00fcler, en iyi alternatifi se\u00e7erken bir dizi hususu kullan\u0131r. Ne \u00f6l\u00e7\u00fcde oldu\u011funu g\u00f6z \u00f6n\u00fcnde bulundururlar:<\/p>\n<p>Belirli bir alternatif, di\u011fer beklenmedik sorunlara neden olmadan sorunu \u00e7\u00f6zecektir.<\/p>\n<p>\u0130lgili t\u00fcm bireyler alternatifi kabul edecektir.<\/p>\n<p>Alternatifin uygulanmas\u0131 muhtemeldir.<\/p>\n<p>Alternatif, \u00f6rg\u00fctsel k\u0131s\u0131tlamalara uyar.<\/p>\n<ol start=\"4\">\n<li><strong> \u00c7\u00f6z\u00fcm\u00fc uygulay\u0131n ve takip edin<\/strong><\/li>\n<\/ol>\n<p>Liderler, \u00e7\u00f6z\u00fcm\u00fc uygulamak, \u00e7\u00f6z\u00fcm\u00fc \u00absatmak\u00bb veya ba\u015fkalar\u0131n\u0131n yard\u0131m\u0131yla uygulamay\u0131 kolayla\u015ft\u0131rmak i\u00e7in ba\u015fkalar\u0131n\u0131 y\u00f6nlendirmeye \u00e7a\u011fr\u0131labilir. Ba\u015fkalar\u0131n\u0131 uygulamaya dahil etmek, sat\u0131n alma ve destek kazanman\u0131n ve sonraki de\u011fi\u015fikliklere kar\u015f\u0131 direnci en aza indirmenin etkili bir yoludur.<\/p>\n<p>\u00c7\u00f6z\u00fcm\u00fcn nas\u0131l uyguland\u0131\u011f\u0131na bak\u0131lmaks\u0131z\u0131n, geri bildirim kanallar\u0131 uygulamaya dahil edilmelidir. Bu, ger\u00e7ek olaylar\u0131n beklentilere kar\u015f\u0131 s\u00fcrekli izlenmesini ve test edilmesini sa\u011flar. Problem \u00e7\u00f6zme ve netlik kazanmak i\u00e7in kullan\u0131lan teknikler, \u00e7\u00f6z\u00fcm yerinde kal\u0131rsa ve gelecekteki de\u011fi\u015fikliklere cevap verecek \u015fekilde g\u00fcncellenirse en etkilidir.<\/p>\n<p><strong>V\u0130DEO<\/strong><\/p>\n<p><strong><br \/>\n<\/strong><a href=\"https:\/\/www.youtube.com\/watch?v=IsAg-JqJnA8\"><strong>https:\/\/www.youtube.com\/watch?v=IsAg-JqJnA8<\/strong><\/a><\/p>\n<p><a href=\"https:\/\/www.youtube.com\/watch?v=zCRKvDyyHmI\"><strong>https:\/\/www.youtube.com\/watch?v=zCRKvDyyHmI<\/strong><\/a><\/p>\n<p>&nbsp;<\/p>\n<p><strong>OYUNLAR VE MIKRO DERSLER<\/strong><\/p>\n<p><a href=\"http:\/\/ceevet.eu\/turkish\/wp-content\/uploads\/2023\/10\/on-test.pdf\">\u00d6n test<\/a><\/p>\n<p><a href=\"http:\/\/ceevet.eu\/turkish\/wp-content\/uploads\/2023\/10\/son-test-1.pdf\">Son test<\/a><\/p>\n<p><a href=\"http:\/\/ceevet.eu\/turkish\/wp-content\/uploads\/2024\/01\/Mikro-Ders-Plani-1.docx\"><strong>Problem \u00e7\u00f6zme Ders Plan\u0131 1<\/strong><\/a><\/p>\n<p><a href=\"http:\/\/ceevet.eu\/turkish\/wp-content\/uploads\/2024\/01\/Bulmaca-2-4.docx\"><strong>bulmaca 2<\/strong><\/a><\/p>\n<p><a href=\"http:\/\/ceevet.eu\/turkish\/wp-content\/uploads\/2024\/01\/Bulmaca-3-2.docx\"><strong>bulmaca 3<\/strong><\/a><\/p>\n<p><a href=\"http:\/\/ceevet.eu\/turkish\/wp-content\/uploads\/2024\/01\/Bulmaca-4.docx\"><strong>anlamay\u0131 test etmek i\u00e7in bulmaca<\/strong><\/a><\/p>\n<p><a href=\"http:\/\/ceevet.eu\/turkish\/wp-content\/uploads\/2024\/01\/Dongusel-ekonominin-Ri.pptx\"><strong>D\u00f6ng\u00fcsel ekonominin R&#8217;si<\/strong><\/a><\/p>\n<p><a href=\"http:\/\/ceevet.eu\/turkish\/wp-content\/uploads\/2024\/01\/Mikro-Ders-Plani-2.docx\"><strong>Problem \u00e7\u00f6zme Ders Plan\u0131 2<\/strong><\/a><\/p>\n<p><a href=\"http:\/\/ceevet.eu\/turkish\/wp-content\/uploads\/2024\/01\/Bulmaca-1-1.docx\"><strong>bulmaca 1 <\/strong><\/a><\/p>\n<p><a href=\"http:\/\/ceevet.eu\/turkish\/wp-content\/uploads\/2024\/01\/Bulmaca-2-5.docx\"><strong>bulmaca 2<\/strong><\/a><\/p>\n<p><a href=\"http:\/\/ceevet.eu\/turkish\/wp-content\/uploads\/2024\/01\/Bulmaca-3-3.docx\"><strong>bulmaca 3 <\/strong><\/a><\/p>\n<p>&nbsp;<\/p>\n<p><strong>MAKALELERRahman, Md. M.: \u00ab<\/strong><a href=\"http:\/\/ceevet.eu\/english\/wp-content\/uploads\/2023\/05\/20-ArticleText-91-1-10-20190402.pdf\"><strong><em>21. Y\u00fczy\u0131l Becerisi \u00abProblem \u00c7\u00f6zme\u00bb: Kavram\u0131n Tan\u0131mlanmas\u0131<\/em><\/strong><\/a>\u00ab. ResearchGate.Dost\u00e1l, J.:<a href=\"http:\/\/ceevet.eu\/english\/wp-content\/uploads\/2023\/05\/paper_inte_final.pdf\"><strong><em> \u00abProblem \u00c7\u00f6zme Teorisi<\/em><\/strong><\/a>\u00ab. ResearchGate.Haury, D. L.: \u00ab<a href=\"http:\/\/ceevet.eu\/english\/wp-content\/uploads\/2023\/05\/What_is_problem_solving.pdf\"><strong>Problem \u00e7\u00f6zme nedir?<\/strong><\/a>\u00ab. Academia.edu.Hermanowicz, H. J.: \u00ab<a href=\"http:\/\/ceevet.eu\/english\/wp-content\/uploads\/2023\/05\/Hermanowicz.pdf\"><strong><em>\u00d6\u011fretim Y\u00f6ntemi Olarak Problem \u00c7\u00f6zme<\/em><\/strong><\/a>\u00ab. ascd.org.Talanker, S.:<a href=\"http:\/\/ceevet.eu\/english\/wp-content\/uploads\/2023\/05\/psdm-publication.pdf\"><strong><em> \u00abProblem \u00e7\u00f6zme karar vermedir<\/em><\/strong><\/a>\u00ab. ResearchGate.<\/p>\n<p><strong>K\u0130TAPLARLehoczky, S. ve Rusczyk, R<\/strong><em>. \u00abProblem \u00c7\u00f6zme Sanat\u0131: Temel Bilgiler<\/em>\u00ab. Watanabe, K.: \u00ab<em>Ak\u0131ll\u0131 \u0130nsanlar \u0130\u00e7in Basit Bir Kitap<\/em>\u00ab. Schein, E. H.: \u00abAl\u00e7akg\u00f6n\u00fcll\u00fc Sorgulama: Anlatmak Yerine Sorman\u0131n Nazik Sanat\u0131\u00bb. Cross, N.: \u00ab<em>Tasar\u0131m D\u00fc\u015f\u00fcncesi: Tasar\u0131mc\u0131lar\u0131n Nas\u0131l D\u00fc\u015f\u00fcnd\u00fc\u011f\u00fcn\u00fc ve \u00c7al\u0131\u015ft\u0131\u011f\u0131n\u0131 Anlamak<\/em>\u00ab.<br \/>\nMeyer, M. H.: \u00ab<em>Karar Verme: Entegre Bir Yakla\u015f\u0131m<\/em>\u00ab.\u00ab C++ ile Problem \u00c7\u00f6zme\u00bb Walter Savitch taraf\u0131ndan<\/p>\n<p><strong>WEB S\u0130TELER\u0130 L\u0130NKLER\u0130<\/strong><br \/>\n<a href=\"https:\/\/solve.mit.edu\/\"><strong>M\u0130T \u00c7\u00f6z.<\/strong><\/a><br \/>\n<a href=\"https:\/\/www.entrepreneurship.org\/\"><strong>Entrepreneurship.org<\/strong><\/a>.<br \/>\n<a href=\"https:\/\/www.kauffman.org\/\"><strong>Kauffman Vakf\u0131<\/strong><\/a>.<br \/>\n<a href=\"https:\/\/stvp.stanford.edu\/\"><strong>Stanford Teknoloji Giri\u015fimleri Program\u0131<\/strong><\/a>.<br \/>\n<a href=\"https:\/\/www.genglobal.org\/\"><strong>K\u00fcresel Giri\u015fimcilik A\u011f\u0131<\/strong><\/a>.<\/p>\n<p>&nbsp;<\/p>\n","protected":false},"excerpt":{"rendered":"<p>Problem \u00e7\u00f6zme Etkili problem \u00e7\u00f6zme, bireylerin, ekiplerin ve i\u015fletmelerin belirtilen hedeflere do\u011fru ilerlemesini sa\u011flayan geni\u015f bir beceri seti gerektirir. Bir problemi tan\u0131mlayabilme, y\u00f6netilebilir par\u00e7alara ay\u0131rabilme, yarat\u0131c\u0131l\u0131k ve analitik d\u00fc\u015f\u00fcnmeyi kullanarak (alt) problemi \u00e7\u00f6zmek i\u00e7in yakla\u015f\u0131mlar geli\u015ftirebilme ve kusursuz bir \u015fekilde y\u00fcr\u00fctebilme becerisini i\u00e7erir. Problem \u00e7\u00f6zme becerileri her kariyerde her seviyede \u00f6nemlidir. Sonu\u00e7 olarak, etkili problem [&hellip;]<\/p>\n","protected":false},"author":1,"featured_media":0,"parent":0,"menu_order":0,"comment_status":"closed","ping_status":"closed","template":"template-full-width.php","meta":{"footnotes":""},"_links":{"self":[{"href":"https:\/\/ceevet.eu\/turkish\/wp-json\/wp\/v2\/pages\/81"}],"collection":[{"href":"https:\/\/ceevet.eu\/turkish\/wp-json\/wp\/v2\/pages"}],"about":[{"href":"https:\/\/ceevet.eu\/turkish\/wp-json\/wp\/v2\/types\/page"}],"author":[{"embeddable":true,"href":"https:\/\/ceevet.eu\/turkish\/wp-json\/wp\/v2\/users\/1"}],"replies":[{"embeddable":true,"href":"https:\/\/ceevet.eu\/turkish\/wp-json\/wp\/v2\/comments?post=81"}],"version-history":[{"count":6,"href":"https:\/\/ceevet.eu\/turkish\/wp-json\/wp\/v2\/pages\/81\/revisions"}],"predecessor-version":[{"id":151,"href":"https:\/\/ceevet.eu\/turkish\/wp-json\/wp\/v2\/pages\/81\/revisions\/151"}],"wp:attachment":[{"href":"https:\/\/ceevet.eu\/turkish\/wp-json\/wp\/v2\/media?parent=81"}],"curies":[{"name":"wp","href":"https:\/\/api.w.org\/{rel}","templated":true}]}}