{"id":91,"date":"2023-07-05T06:28:19","date_gmt":"2023-07-05T06:28:19","guid":{"rendered":"https:\/\/ceevet.eu\/turkish\/?page_id=91"},"modified":"2023-09-11T20:16:26","modified_gmt":"2023-09-11T20:16:26","slug":"yargilama-ve-karar-verme","status":"publish","type":"page","link":"https:\/\/ceevet.eu\/turkish\/yargilama-ve-karar-verme\/","title":{"rendered":"Yarg\u0131lama ve Karar Verme"},"content":{"rendered":"<p>Yarg\u0131lama ve Karar Verme<\/p>\n<p><strong>TANIM<\/strong><\/p>\n<ul>\n<li>T\u00fcm se\u00e7enekleri tan\u0131mlama ve bunlar\u0131 hem maliyet hem de etkinlik a\u00e7\u0131s\u0131ndan kar\u015f\u0131la\u015ft\u0131rma yetene\u011fini g\u00f6sterin. \u0130htiya\u00e7 halinde onlarla ba\u015fa \u00e7\u0131kmak i\u00e7in durumlar\u0131 nas\u0131l okuyaca\u011f\u0131n\u0131 bilmek.<\/li>\n<li>E\u015fit ve sosyal terfiye, iyile\u015ftirilmi\u015f durumlara ve kar\u015f\u0131l\u0131kl\u0131 sayg\u0131ya yol a\u00e7an \u00e7\u00f6z\u00fcmleri tercih edin.<\/li>\n<\/ul>\n<p><strong>YARGILAMA VE KARAR VERMEDE USTALA\u015eMAK: G\u00dc\u00c7LENDIRILMI\u015e SE\u00c7IMLERIN ANAHTARI<\/strong><\/p>\n<p><em>Giri\u015f Yarg\u0131lama ve karar verme becerisi, ak\u0131ll\u0131 ve d\u00fc\u015f\u00fcnceli se\u00e7imler yapman\u0131z\u0131 sa\u011flayan bir s\u00fcper g\u00fcce sahip olmak gibidir. Farkl\u0131 se\u00e7enekleri g\u00f6z \u00f6n\u00fcnde bulundurmay\u0131, art\u0131lar\u0131n\u0131 ve eksilerini tartmay\u0131 ve nihayetinde hedeflerinize ve de\u011ferlerinize uygun bir karar vermeyi i\u00e7erir. Bu beceriyi geli\u015ftirmek, gen\u00e7lerin ya\u015fam\u0131n karma\u015f\u0131kl\u0131klar\u0131nda gezinmelerine, f\u0131rsatlar\u0131 yakalamalar\u0131na ve kendi kaderlerini \u015fekillendirmelerine izin verdi\u011fi i\u00e7in gen\u00e7ler i\u00e7in \u00e7ok \u00f6nemlidir. Yarg\u0131lamay\u0131 ve karar vermeyi \u00f6\u011frenmek hem heyecan verici hem de motive edici olabilir, \u00e7\u00fcnk\u00fc sizi ba\u015far\u0131ya ve ki\u015fisel tatmine yol a\u00e7abilecek bilin\u00e7li se\u00e7imler yapma yetene\u011fi ile donat\u0131r.<\/em><\/p>\n<ol>\n<li>Se\u00e7imlerin G\u00fcc\u00fcn\u00fc Anlay\u0131n: Her g\u00fcn, irili ufakl\u0131 say\u0131s\u0131z se\u00e7enekle kar\u015f\u0131la\u015f\u0131rs\u0131n\u0131z. Ne giyece\u011finize karar vermekten kariyer yolunuzu se\u00e7meye kadar, her karar hayat\u0131n\u0131z\u0131 bir \u015fekilde \u015fekillendirir. Se\u00e7imlerinizin gelece\u011finizi, mutlulu\u011funuzu ve genel refah\u0131n\u0131z\u0131 etkilemek i\u00e7in muazzam bir g\u00fcce sahip oldu\u011funu kabul edin. Hayat\u0131n\u0131z\u0131n sorumlulu\u011funu \u00fcstlenme motivasyonunu kucaklay\u0131n ve \u00f6zlemlerinizle uyumlu se\u00e7imler yap\u0131n.<\/li>\n<li>Bilgi Toplay\u0131n: Sa\u011flam kararlar almak i\u00e7in bilgiye ihtiyac\u0131n\u0131z vard\u0131r. Kullanabilece\u011finiz se\u00e7enekler hakk\u0131nda bilgi edinmek i\u00e7in merakl\u0131 ve proaktif olun. Ara\u015ft\u0131r\u0131n, ke\u015ffedin ve sorular sorun. Mentorlarla, uzmanlarla ve benzer durumlar\u0131 ya\u015fayan insanlarla konu\u015fmalar yap\u0131n. Ne kadar \u00e7ok bilgiye sahip olursan\u0131z, bilge kararlar vermek i\u00e7in o kadar donan\u0131ml\u0131 olursunuz.<\/li>\n<li>Farkl\u0131 Bak\u0131\u015f A\u00e7\u0131lar\u0131n\u0131 D\u00fc\u015f\u00fcn\u00fcn: Karar\u0131n\u0131z\u0131n \u00f6nyarg\u0131lardan, \u00f6nyarg\u0131l\u0131 kavramlardan ve s\u0131n\u0131rl\u0131 deneyimlerden etkilenebilece\u011fini kabul edin. Konfor b\u00f6lgenizin d\u0131\u015f\u0131na \u00e7\u0131kmak i\u00e7in kendinizi motive edin ve birden fazla perspektifi g\u00f6z \u00f6n\u00fcnde bulundurun. Farkl\u0131 bak\u0131\u015f a\u00e7\u0131lar\u0131n\u0131 anlamaya \u00e7al\u0131\u015f\u0131n ve ba\u015fkalar\u0131yla empati kurun. Bu, anlay\u0131\u015f\u0131n\u0131z\u0131 geni\u015fletir, daha b\u00fcy\u00fck resmi g\u00f6rmenize yard\u0131mc\u0131 olur ve daha \u00e7ok y\u00f6nl\u00fc kararlar vermenizi sa\u011flar.<\/li>\n<li>Art\u0131lar\u0131 ve Eksileri Tart\u0131n: Se\u00e7eneklerinizi de\u011ferlendirirken, her se\u00e7imin avantajlar\u0131 ve dezavantajlar\u0131 hakk\u0131nda ele\u015ftirel d\u00fc\u015f\u00fcn\u00fcn. Bir liste yap\u0131n veya potansiyel faydalar\u0131n ve dezavantajlar\u0131n zihinsel bir haritas\u0131n\u0131 olu\u015fturun. K\u0131sa ve uzun vadeli sonu\u00e7lar\u0131 g\u00f6z \u00f6n\u00fcnde bulundurun. Art\u0131lar\u0131 ve eksileri tartarak, netlik kazan\u0131r ve d\u00fcrt\u00fcsel duygulardan ziyade rasyonel d\u00fc\u015f\u00fcnceye dayal\u0131 kararlar al\u0131rs\u0131n\u0131z.<\/li>\n<li>Sezgilerinize G\u00fcvenin: Mant\u0131k ve analiz de\u011ferli olsa da, sezginizin g\u00fcc\u00fcn\u00fc g\u00f6z ard\u0131 etmeyin. Bazen, ba\u011f\u0131rsak hissiniz tek ba\u015f\u0131na mant\u0131\u011f\u0131n yakalayamayaca\u011f\u0131 de\u011ferli bilgiler sa\u011flayabilir. \u00d6z fark\u0131ndal\u0131k geli\u015ftirin ve i\u00e7g\u00fcd\u00fclerinize g\u00fcvenmeyi \u00f6\u011frenin. Bu i\u00e7 sesi dinlemek i\u00e7in kendinizi motive edin, \u00f6zellikle de net bir cevab\u0131n olmad\u0131\u011f\u0131 karma\u015f\u0131k kararlarla kar\u015f\u0131 kar\u015f\u0131ya kald\u0131\u011f\u0131n\u0131zda.<\/li>\n<li>Riski Kucaklay\u0131n ve Hatalardan \u00d6\u011frenin: Karar vermek genellikle bir risk unsuru i\u00e7erir. Ba\u015far\u0131s\u0131zl\u0131\u011f\u0131n \u00f6\u011frenme s\u00fcrecinin bir par\u00e7as\u0131 ve b\u00fcy\u00fcme i\u00e7in bir f\u0131rsat oldu\u011funu kabul edin. De\u011ferli deneyimlere ve beklenmedik ba\u015far\u0131lara yol a\u00e7abilece\u011finden, hesaplanm\u0131\u015f riskler alma motivasyonunu benimseyin. Bir hata yaparsan\u0131z, ondan ders al\u0131n, uyarlay\u0131n ve gelecekte daha iyi kararlar almak i\u00e7in bu bilgiyi kullan\u0131n.<\/li>\n<\/ol>\n<p><em>Sonu\u00e7 Yarg\u0131lama ve karar verme becerisine h\u00e2kim olmak ya\u015fam boyu s\u00fcren bir yolculuktur. Se\u00e7imlerin g\u00fcc\u00fcn\u00fc anlayarak, bilgi toplayarak, farkl\u0131 bak\u0131\u015f a\u00e7\u0131lar\u0131n\u0131 g\u00f6z \u00f6n\u00fcnde bulundurarak, art\u0131lar\u0131 ve eksileri tartarak, sezgilerinize g\u00fcvenerek ve riski kucaklayarak, kendinden emin bir karar verici olacaks\u0131n\u0131z. Bu beceri, kendi yolunuzu \u015fekillendirmenize, zorluklar\u0131n \u00fcstesinden gelmenize ve tatmin edici ve ba\u015far\u0131l\u0131 bir ya\u015fam yaratman\u0131za yard\u0131mc\u0131 olur. Motive olun, \u00f6\u011frenmeye a\u00e7\u0131k olun ve yarg\u0131lama ve karar vermenin d\u00f6n\u00fc\u015ft\u00fcr\u00fcc\u00fc g\u00fcc\u00fcn\u00fc benimseyin.<\/em><\/p>\n<p><strong>VIDEOLAR<\/strong><\/p>\n<p><strong>https:\/\/www.youtube.com\/watch?v=2tCYy66CyuQ https:\/\/www.youtube.com\/watch?v=rlLhxa3vzPg <\/strong><\/p>\n<p><strong>OYUNLAR<\/strong><\/p>\n<p><a href=\"http:\/\/ceevet.eu\/english\/wp-content\/uploads\/2023\/06\/Alphabet-soup-decision.pdf\"><strong>Alfabe \u00e7orbas\u0131<\/strong><\/a>.<\/p>\n<p><a href=\"http:\/\/ceevet.eu\/english\/wp-content\/uploads\/2023\/06\/Short-lecture-Decisions.pdf\"><strong>K\u0131sa okuma<\/strong><\/a>.<\/p>\n<p><strong>\u00a0<\/strong><\/p>\n<p><strong>MAKALELER<\/strong><\/p>\n<p>Silva, R. and Oliveira C.: \u00ab<a href=\"http:\/\/ceevet.eu\/english\/wp-content\/uploads\/2023\/05\/sustainability-12-04989-v2.pdf\"><strong><em>Behavioural Economics and Circular Economy: A Systematic Review and Future Research Directions<\/em><\/strong><\/a>\u00ab. Sustainability.<br \/>\nBrizga, J. et al.: \u00ab<a href=\"http:\/\/ceevet.eu\/english\/wp-content\/uploads\/2023\/05\/sustainability-10-03671.pdf\"><strong><em>A Framework for Sustainable Decision Making<\/em><\/strong><\/a>\u00ab. Sustainability.<\/p>\n<p><strong>K\u0130TAPLAR<\/strong><\/p>\n<p>Kahneman, D.: \u00ab<em>Thinking, Fast and Slow<\/em>\u00ab.<br \/>\nThaler, R. H. and Sunstein, C. R.: \u00ab<em>Nudge: Improving Decisions About Health, Wealth, and Happiness<\/em>\u00ab.<br \/>\nAriely, D.: \u00ab<em>Predictably Irrational: The Hidden Forces That Shape Our Decisions<\/em>\u00ab.<br \/>\nDobelli, R.: \u00ab<em>The Art of Thinking Clearly<\/em>\u00ab.<br \/>\nHeath, C. and Heath, D.: \u00ab<em>Decisive: How to Make Better Choices in Life and Work<\/em>\u00ab.<\/p>\n<p><strong>WEB S\u0130TES\u0130 L\u0130NKLER\u0130<\/strong><br \/>\n<a href=\"https:\/\/www.jstor.org\/journal\/jjudgdecimak\"><strong>Journal of Judgment and Decision Making<\/strong><\/a>.<br \/>\n<a href=\"https:\/\/behavioralpolicy.org\/\"><strong>Behavioral Science &amp; Policy Association<\/strong><\/a>.<br \/>\n<a href=\"https:\/\/research.chicagobooth.edu\/cdr\/\"><strong>Center for Decision Research at the University of Chicago Booth School of Business<\/strong><\/a>.<br \/>\n<a href=\"https:\/\/thedecisionlab.com\/\"><strong>The Decision Lab<\/strong><\/a>.<br \/>\n<a href=\"https:\/\/www.sjdm.org\/\"><strong>Society for Judgment and Decision Making<\/strong><\/a>.<\/p>\n<p>&nbsp;<\/p>\n","protected":false},"excerpt":{"rendered":"<p>Yarg\u0131lama ve Karar Verme TANIM T\u00fcm se\u00e7enekleri tan\u0131mlama ve bunlar\u0131 hem maliyet hem de etkinlik a\u00e7\u0131s\u0131ndan kar\u015f\u0131la\u015ft\u0131rma yetene\u011fini g\u00f6sterin. \u0130htiya\u00e7 halinde onlarla ba\u015fa \u00e7\u0131kmak i\u00e7in durumlar\u0131 nas\u0131l okuyaca\u011f\u0131n\u0131 bilmek. E\u015fit ve sosyal terfiye, iyile\u015ftirilmi\u015f durumlara ve kar\u015f\u0131l\u0131kl\u0131 sayg\u0131ya yol a\u00e7an \u00e7\u00f6z\u00fcmleri tercih edin. YARGILAMA VE KARAR VERMEDE USTALA\u015eMAK: G\u00dc\u00c7LENDIRILMI\u015e SE\u00c7IMLERIN ANAHTARI Giri\u015f Yarg\u0131lama ve karar [&hellip;]<\/p>\n","protected":false},"author":1,"featured_media":0,"parent":0,"menu_order":0,"comment_status":"closed","ping_status":"closed","template":"template-full-width.php","meta":{"footnotes":""},"_links":{"self":[{"href":"https:\/\/ceevet.eu\/turkish\/wp-json\/wp\/v2\/pages\/91"}],"collection":[{"href":"https:\/\/ceevet.eu\/turkish\/wp-json\/wp\/v2\/pages"}],"about":[{"href":"https:\/\/ceevet.eu\/turkish\/wp-json\/wp\/v2\/types\/page"}],"author":[{"embeddable":true,"href":"https:\/\/ceevet.eu\/turkish\/wp-json\/wp\/v2\/users\/1"}],"replies":[{"embeddable":true,"href":"https:\/\/ceevet.eu\/turkish\/wp-json\/wp\/v2\/comments?post=91"}],"version-history":[{"count":2,"href":"https:\/\/ceevet.eu\/turkish\/wp-json\/wp\/v2\/pages\/91\/revisions"}],"predecessor-version":[{"id":102,"href":"https:\/\/ceevet.eu\/turkish\/wp-json\/wp\/v2\/pages\/91\/revisions\/102"}],"wp:attachment":[{"href":"https:\/\/ceevet.eu\/turkish\/wp-json\/wp\/v2\/media?parent=91"}],"curies":[{"name":"wp","href":"https:\/\/api.w.org\/{rel}","templated":true}]}}